{"id":119,"date":"2016-09-14T16:22:47","date_gmt":"2016-09-14T14:22:47","guid":{"rendered":"https:\/\/www.herz-energie.at\/si\/?page_id=119"},"modified":"2025-11-18T09:33:03","modified_gmt":"2025-11-18T08:33:03","slug":"kaskadno-krmiljenje","status":"publish","type":"page","link":"https:\/\/www.herz-energie.at\/si\/proizvodi\/krmiljenje\/kaskadno-krmiljenje\/","title":{"rendered":"Kaskadno krmiljenje"},"content":{"rendered":"<p><div class=\"fusion-fullwidth fullwidth-box fusion-builder-row-1 nonhundred-percent-fullwidth non-hundred-percent-height-scrolling\" style=\"--awb-background-position:left top;--awb-border-radius-top-left:0px;--awb-border-radius-top-right:0px;--awb-border-radius-bottom-right:0px;--awb-border-radius-bottom-left:0px;--awb-padding-right:0px;--awb-padding-left:0px;\" ><div class=\"fusion-builder-row fusion-row\"><div class=\"fusion-layout-column fusion_builder_column fusion-builder-column-0 fusion_builder_column_1_3 1_3 fusion-one-third fusion-column-first\" style=\"--awb-bg-size:cover;width:30.6666%; margin-right: 4%;\"><div class=\"fusion-column-wrapper fusion-flex-column-wrapper-legacy\"><div class=\"fusion-clearfix\"><\/div><\/div><\/div><div class=\"fusion-layout-column fusion_builder_column fusion-builder-column-1 fusion_builder_column_1_3 1_3 fusion-one-third\" style=\"--awb-bg-size:cover;width:30.6666%; margin-right: 4%;\"><div class=\"fusion-column-wrapper fusion-flex-column-wrapper-legacy\"><div class=\"fusion-clearfix\"><\/div><\/div><\/div><div class=\"fusion-layout-column fusion_builder_column fusion-builder-column-2 fusion_builder_column_1_3 1_3 fusion-one-third fusion-column-last\" style=\"--awb-bg-size:cover;width:30.6666%;\"><div class=\"fusion-column-wrapper fusion-flex-column-wrapper-legacy\"><div class=\"fusion-sep-clear\"><\/div><div class=\"fusion-separator fusion-full-width-sep\" style=\"margin-left: auto;margin-right: auto;margin-top:-20px;width:100%;\"><\/div><div class=\"fusion-sep-clear\"><\/div><div class=\"fusion-sharing-box fusion-sharing-box-1 boxed-icons has-taglines layout-floated layout-medium-floated layout-small-floated\" style=\"background-color:#f4f4f4;--awb-layout:row;--awb-alignment-small:space-between;\" data-title=\"Kaskadenregelung\" data-description=\"Kaskadno krmiljenje Posebna prednost kaskadnega upravljanja se skriva v u\u010dinkoviti uporabi kotlov pri delnih obremenitvah in porazdeljenem delovanju (v prehodnem obdobju).\r\n\r\nS krmilno elektroniko BioControl 3000, razvito v podjetju HERZ, lahko upravljamo ve\u010d HERZ kotlov s krmilno elektroniko BioControl v kaskadni povezavi (torej skupaj pove\u017eemo ve\u010d kotlov,\" data-link=\"https:\/\/www.herz-energie.at\/si\/proizvodi\/krmiljenje\/kaskadno-krmiljenje\/\"><h4 class=\"tagline\" style=\"color:#333333;\">Share<\/h4><div class=\"fusion-social-networks sharingbox-shortcode-icon-wrapper sharingbox-shortcode-icon-wrapper-1 boxed-icons\"><span><a href=\"https:\/\/www.facebook.com\/sharer.php?u=https%3A%2F%2Fwww.herz-energie.at%2Fsi%2Fproizvodi%2Fkrmiljenje%2Fkaskadno-krmiljenje%2F&amp;t=Kaskadenregelung\" target=\"_blank\" rel=\"noreferrer\" title=\"Facebook\" aria-label=\"Facebook\" data-placement=\"bottom\" data-toggle=\"tooltip\" data-title=\"Facebook\"><i class=\"fusion-social-network-icon fusion-tooltip fusion-facebook awb-icon-facebook\" style=\"color:#ffffff;background-color:#e30613;border-color:#e30613;border-radius:4px;\" aria-hidden=\"true\"><\/i><\/a><\/span><span><a href=\"https:\/\/twitter.com\/share?text=Kaskadenregelung&amp;url=https%3A%2F%2Fwww.herz-energie.at%2Fsi%2Fproizvodi%2Fkrmiljenje%2Fkaskadno-krmiljenje%2F\" target=\"_blank\" rel=\"noopener noreferrer\" title=\"Twitter\" aria-label=\"Twitter\" data-placement=\"bottom\" data-toggle=\"tooltip\" data-title=\"Twitter\"><i class=\"fusion-social-network-icon fusion-tooltip fusion-twitter awb-icon-twitter\" style=\"color:#ffffff;background-color:#e30613;border-color:#e30613;border-radius:4px;\" aria-hidden=\"true\"><\/i><\/a><\/span><span><a href=\"https:\/\/vkontakte.ru\/share.php?url=https%3A%2F%2Fwww.herz-energie.at%2Fsi%2Fproizvodi%2Fkrmiljenje%2Fkaskadno-krmiljenje%2F&amp;title=Kaskadenregelung&amp;description=Kaskadno%20krmiljenje%20%20Posebna%20prednost%20kaskadnega%20upravljanja%20se%20skriva%20v%20u%C4%8Dinkoviti%20uporabi%20kotlov%20pri%20delnih%20obremenitvah%20in%20porazdeljenem%20delovanju%20%28v%20prehodnem%20obdobju%29.%0D%0A%0D%0AS%20krmilno%20elektroniko%20BioControl%203000%2C%20razvito%20v%20podjetju%20HERZ%2C%20lahko%20upravljamo%20ve%C4%8D%20HERZ%20kotlov%20s%20krmilno%20elektroniko%20BioControl%20v%20kaskadni%20povezavi%20%28torej%20skupaj%20pove%C5%BEemo%20ve%C4%8D%20kotlov%2C\" target=\"_blank\" rel=\"noopener noreferrer\" title=\"Vk\" aria-label=\"Vk\" data-placement=\"bottom\" data-toggle=\"tooltip\" data-title=\"Vk\"><i class=\"fusion-social-network-icon fusion-tooltip fusion-vk awb-icon-vk\" style=\"color:#ffffff;background-color:#e30613;border-color:#e30613;border-radius:4px;\" aria-hidden=\"true\"><\/i><\/a><\/span><\/div><\/div><div class=\"fusion-sep-clear\"><\/div><div class=\"fusion-separator fusion-full-width-sep\" style=\"margin-left: auto;margin-right: auto;margin-top:-55px;width:100%;\"><\/div><div class=\"fusion-sep-clear\"><\/div><div class=\"fusion-clearfix\"><\/div><\/div><\/div><\/div><\/div><div class=\"fusion-fullwidth fullwidth-box fusion-builder-row-2 nonhundred-percent-fullwidth non-hundred-percent-height-scrolling\" style=\"--awb-background-position:left top;--awb-border-radius-top-left:0px;--awb-border-radius-top-right:0px;--awb-border-radius-bottom-right:0px;--awb-border-radius-bottom-left:0px;--awb-border-sizes-top:0px;--awb-border-sizes-bottom:0px;\" ><div class=\"fusion-builder-row fusion-row\"><div class=\"fusion-layout-column fusion_builder_column fusion-builder-column-3 fusion_builder_column_1_1 1_1 fusion-one-full fusion-column-first fusion-column-last\" style=\"--awb-padding-top:10px;--awb-padding-right:10px;--awb-padding-bottom:10px;--awb-padding-left:10px;--awb-bg-position:right bottom;--awb-bg-size:cover;\"><div class=\"fusion-column-wrapper fusion-flex-column-wrapper-legacy\"><div class=\"fusion-text fusion-text-1\"><h1>Kaskadno krmiljenje<\/h1>\n<\/div><div class=\"fusion-sep-clear\"><\/div><div class=\"fusion-separator fusion-clearfix\" style=\"float:left;margin-top:0px;margin-bottom:30px;width:100%;max-width:50px;\"><div class=\"fusion-separator-border sep-single sep-solid\" style=\"border-color:#e30613;border-top-width:1px;\"><\/div><\/div><div class=\"fusion-sep-clear\"><\/div><div class=\"fusion-text fusion-text-2\"><p>Posebna prednost kaskadnega upravljanja se skriva v u\u010dinkoviti uporabi kotlov pri delnih obremenitvah in porazdeljenem delovanju (v prehodnem obdobju).<\/p>\n<p>S krmilno elektroniko BioControl 3000, razvito v podjetju HERZ, lahko upravljamo ve\u010d HERZ kotlov s krmilno elektroniko BioControl v kaskadni povezavi (torej skupaj pove\u017eemo ve\u010d kotlov, za zagotavljanje vi\u0161je zmogljivosti ogrevanja).<\/p>\n<p>S krmilno elektroniko HERZ T-CONTROL lahko v kaskadni povezavi upravljamo do 8 ogrevalnih naprav.<\/p>\n<\/div><div class=\"fusion-clearfix\"><\/div><\/div><\/div><div class=\"fusion-layout-column fusion_builder_column fusion-builder-column-4 fusion_builder_column_1_2 1_2 fusion-one-half fusion-column-first\" style=\"--awb-bg-size:cover;width:48%; margin-right: 4%;\"><div class=\"fusion-column-wrapper fusion-flex-column-wrapper-legacy\"><div class=\"fusion-image-element fusion-image-align-center in-legacy-container\" style=\"text-align:center;--awb-liftup-border-radius:0px;\"><div class=\"imageframe-align-center\"><div class=\"awb-image-frame awb-image-frame-1 imageframe-liftup\"><span class=\" fusion-imageframe imageframe-dropshadow imageframe-1\" style=\"border:13px solid #ffffff;-webkit-box-shadow: 3px 3px 7px rgba(0,0,0,0.3);box-shadow: 3px 3px 7px rgba(0,0,0,0.3);\"><a href=\"https:\/\/www.herz-energie.at\/wp-content\/uploads\/2015\/11\/BioFire_Kaskade_Schema.jpg\" class=\"fusion-lightbox\" data-rel=\"iLightbox[69b4650badace732a5c]\"><img decoding=\"async\" src=\"https:\/\/www.herz-energie.at\/wp-content\/uploads\/2015\/11\/BioFire_Kaskade_Schema.jpg\" alt class=\"img-responsive\"\/><\/a><\/span><\/div><\/div><\/div><div class=\"fusion-sep-clear\"><\/div><div class=\"fusion-separator fusion-full-width-sep\" style=\"margin-left: auto;margin-right: auto;margin-bottom:10px;width:100%;\"><\/div><div class=\"fusion-sep-clear\"><\/div><div class=\"fusion-text fusion-text-3\"><p><em>Kaskadno krmiljenje BioFire<\/em><\/p>\n<\/div><div class=\"fusion-clearfix\"><\/div><\/div><\/div><div class=\"fusion-layout-column fusion_builder_column fusion-builder-column-5 fusion_builder_column_1_2 1_2 fusion-one-half fusion-column-last\" style=\"--awb-bg-size:cover;width:48%;\"><div class=\"fusion-column-wrapper fusion-flex-column-wrapper-legacy\"><div class=\"fusion-image-element fusion-image-align-center in-legacy-container\" style=\"text-align:center;--awb-liftup-border-radius:0px;\"><div class=\"imageframe-align-center\"><div class=\"awb-image-frame awb-image-frame-2 imageframe-liftup\"><span class=\" fusion-imageframe imageframe-dropshadow imageframe-2\" style=\"border:13px solid #ffffff;-webkit-box-shadow: 3px 3px 7px rgba(0,0,0,0.3);box-shadow: 3px 3px 7px rgba(0,0,0,0.3);\"><a href=\"https:\/\/www.herz-energie.at\/wp-content\/uploads\/2015\/11\/Herz-Hydraulikschema-BM-mit-Kaskade.jpg\" class=\"fusion-lightbox\" data-rel=\"iLightbox[e4cd8136753187476df]\"><img decoding=\"async\" src=\"https:\/\/www.herz-energie.at\/wp-content\/uploads\/2015\/11\/Herz-Hydraulikschema-BM-mit-Kaskade.jpg\" alt class=\"img-responsive\"\/><\/a><\/span><\/div><\/div><\/div><div class=\"fusion-sep-clear\"><\/div><div class=\"fusion-separator fusion-full-width-sep\" style=\"margin-left: auto;margin-right: auto;margin-bottom:10px;width:100%;\"><\/div><div class=\"fusion-sep-clear\"><\/div><div class=\"fusion-text fusion-text-4\"><p><em>Kaskadno krmiljenje BioMatic<\/em><\/p>\n<\/div><div class=\"fusion-clearfix\"><\/div><\/div><\/div><\/div><\/div><\/p>","protected":false},"excerpt":{"rendered":"","protected":false},"author":1,"featured_media":0,"parent":59,"menu_order":0,"comment_status":"closed","ping_status":"closed","template":"","meta":{"footnotes":""},"class_list":["post-119","page","type-page","status-publish","hentry"],"yoast_head":"<!-- This site is optimized with the Yoast SEO Premium plugin v25.2 (Yoast SEO v25.2) - https:\/\/yoast.com\/wordpress\/plugins\/seo\/ -->\n<title>Kaskadno krmiljenje - HERZ Energietechnik<\/title>\n<meta name=\"robots\" content=\"index, follow, max-snippet:-1, max-image-preview:large, max-video-preview:-1\" \/>\n<link rel=\"canonical\" href=\"https:\/\/www.herz-energie.at\/si\/proizvodi\/krmiljenje\/kaskadno-krmiljenje\/\" \/>\n<meta property=\"og:locale\" content=\"de_DE\" \/>\n<meta property=\"og:type\" content=\"article\" \/>\n<meta property=\"og:title\" content=\"Kaskadno krmiljenje\" \/>\n<meta property=\"og:url\" content=\"https:\/\/www.herz-energie.at\/si\/proizvodi\/krmiljenje\/kaskadno-krmiljenje\/\" \/>\n<meta property=\"og:site_name\" content=\"HERZ Energietechnik\" \/>\n<meta property=\"article:modified_time\" content=\"2025-11-18T08:33:03+00:00\" \/>\n<meta property=\"og:image\" content=\"https:\/\/www.herz-energie.at\/wp-content\/uploads\/2015\/11\/BioFire_Kaskade_Schema.jpg\" \/>\n<meta name=\"twitter:card\" content=\"summary_large_image\" \/>\n<meta name=\"twitter:label1\" content=\"Gesch\u00e4tzte Lesezeit\" \/>\n\t<meta name=\"twitter:data1\" content=\"4\u00a0Minuten\" \/>\n<script type=\"application\/ld+json\" class=\"yoast-schema-graph\">{\"@context\":\"https:\/\/schema.org\",\"@graph\":[{\"@type\":\"WebPage\",\"@id\":\"https:\/\/www.herz-energie.at\/si\/proizvodi\/krmiljenje\/kaskadno-krmiljenje\/\",\"url\":\"https:\/\/www.herz-energie.at\/si\/proizvodi\/krmiljenje\/kaskadno-krmiljenje\/\",\"name\":\"Kaskadno krmiljenje - HERZ Energietechnik\",\"isPartOf\":{\"@id\":\"https:\/\/www.herz-energie.at\/si\/#website\"},\"primaryImageOfPage\":{\"@id\":\"https:\/\/www.herz-energie.at\/si\/proizvodi\/krmiljenje\/kaskadno-krmiljenje\/#primaryimage\"},\"image\":{\"@id\":\"https:\/\/www.herz-energie.at\/si\/proizvodi\/krmiljenje\/kaskadno-krmiljenje\/#primaryimage\"},\"thumbnailUrl\":\"https:\/\/www.herz-energie.at\/wp-content\/uploads\/2015\/11\/BioFire_Kaskade_Schema.jpg\",\"datePublished\":\"2016-09-14T14:22:47+00:00\",\"dateModified\":\"2025-11-18T08:33:03+00:00\",\"breadcrumb\":{\"@id\":\"https:\/\/www.herz-energie.at\/si\/proizvodi\/krmiljenje\/kaskadno-krmiljenje\/#breadcrumb\"},\"inLanguage\":\"de\",\"potentialAction\":[{\"@type\":\"ReadAction\",\"target\":[\"https:\/\/www.herz-energie.at\/si\/proizvodi\/krmiljenje\/kaskadno-krmiljenje\/\"]}]},{\"@type\":\"ImageObject\",\"inLanguage\":\"de\",\"@id\":\"https:\/\/www.herz-energie.at\/si\/proizvodi\/krmiljenje\/kaskadno-krmiljenje\/#primaryimage\",\"url\":\"https:\/\/www.herz-energie.at\/wp-content\/uploads\/2015\/11\/BioFire_Kaskade_Schema.jpg\",\"contentUrl\":\"https:\/\/www.herz-energie.at\/wp-content\/uploads\/2015\/11\/BioFire_Kaskade_Schema.jpg\"},{\"@type\":\"BreadcrumbList\",\"@id\":\"https:\/\/www.herz-energie.at\/si\/proizvodi\/krmiljenje\/kaskadno-krmiljenje\/#breadcrumb\",\"itemListElement\":[{\"@type\":\"ListItem\",\"position\":1,\"name\":\"Startseite\",\"item\":\"https:\/\/www.herz-energie.at\/si\/\"},{\"@type\":\"ListItem\",\"position\":2,\"name\":\"Proizvodi\",\"item\":\"http:\/\/www.herz-energie.at\/si\/proizvodi\/\"},{\"@type\":\"ListItem\",\"position\":3,\"name\":\"Krmiljenje\",\"item\":\"https:\/\/www.herz-energie.at\/si\/proizvodi\/krmiljenje\/\"},{\"@type\":\"ListItem\",\"position\":4,\"name\":\"Kaskadno krmiljenje\"}]},{\"@type\":\"WebSite\",\"@id\":\"https:\/\/www.herz-energie.at\/si\/#website\",\"url\":\"https:\/\/www.herz-energie.at\/si\/\",\"name\":\"HERZ Energietechnik\",\"description\":\"Celoviti ponudnik obnovljivih virov energije\",\"potentialAction\":[{\"@type\":\"SearchAction\",\"target\":{\"@type\":\"EntryPoint\",\"urlTemplate\":\"https:\/\/www.herz-energie.at\/si\/?s={search_term_string}\"},\"query-input\":{\"@type\":\"PropertyValueSpecification\",\"valueRequired\":true,\"valueName\":\"search_term_string\"}}],\"inLanguage\":\"de\"}]}<\/script>\n<!-- \/ Yoast SEO Premium plugin. -->","yoast_head_json":{"title":"Kaskadno krmiljenje - HERZ Energietechnik","robots":{"index":"index","follow":"follow","max-snippet":"max-snippet:-1","max-image-preview":"max-image-preview:large","max-video-preview":"max-video-preview:-1"},"canonical":"https:\/\/www.herz-energie.at\/si\/proizvodi\/krmiljenje\/kaskadno-krmiljenje\/","og_locale":"de_DE","og_type":"article","og_title":"Kaskadno krmiljenje","og_url":"https:\/\/www.herz-energie.at\/si\/proizvodi\/krmiljenje\/kaskadno-krmiljenje\/","og_site_name":"HERZ Energietechnik","article_modified_time":"2025-11-18T08:33:03+00:00","og_image":[{"url":"https:\/\/www.herz-energie.at\/wp-content\/uploads\/2015\/11\/BioFire_Kaskade_Schema.jpg","type":"","width":"","height":""}],"twitter_card":"summary_large_image","twitter_misc":{"Gesch\u00e4tzte Lesezeit":"4\u00a0Minuten"},"schema":{"@context":"https:\/\/schema.org","@graph":[{"@type":"WebPage","@id":"https:\/\/www.herz-energie.at\/si\/proizvodi\/krmiljenje\/kaskadno-krmiljenje\/","url":"https:\/\/www.herz-energie.at\/si\/proizvodi\/krmiljenje\/kaskadno-krmiljenje\/","name":"Kaskadno krmiljenje - HERZ Energietechnik","isPartOf":{"@id":"https:\/\/www.herz-energie.at\/si\/#website"},"primaryImageOfPage":{"@id":"https:\/\/www.herz-energie.at\/si\/proizvodi\/krmiljenje\/kaskadno-krmiljenje\/#primaryimage"},"image":{"@id":"https:\/\/www.herz-energie.at\/si\/proizvodi\/krmiljenje\/kaskadno-krmiljenje\/#primaryimage"},"thumbnailUrl":"https:\/\/www.herz-energie.at\/wp-content\/uploads\/2015\/11\/BioFire_Kaskade_Schema.jpg","datePublished":"2016-09-14T14:22:47+00:00","dateModified":"2025-11-18T08:33:03+00:00","breadcrumb":{"@id":"https:\/\/www.herz-energie.at\/si\/proizvodi\/krmiljenje\/kaskadno-krmiljenje\/#breadcrumb"},"inLanguage":"de","potentialAction":[{"@type":"ReadAction","target":["https:\/\/www.herz-energie.at\/si\/proizvodi\/krmiljenje\/kaskadno-krmiljenje\/"]}]},{"@type":"ImageObject","inLanguage":"de","@id":"https:\/\/www.herz-energie.at\/si\/proizvodi\/krmiljenje\/kaskadno-krmiljenje\/#primaryimage","url":"https:\/\/www.herz-energie.at\/wp-content\/uploads\/2015\/11\/BioFire_Kaskade_Schema.jpg","contentUrl":"https:\/\/www.herz-energie.at\/wp-content\/uploads\/2015\/11\/BioFire_Kaskade_Schema.jpg"},{"@type":"BreadcrumbList","@id":"https:\/\/www.herz-energie.at\/si\/proizvodi\/krmiljenje\/kaskadno-krmiljenje\/#breadcrumb","itemListElement":[{"@type":"ListItem","position":1,"name":"Startseite","item":"https:\/\/www.herz-energie.at\/si\/"},{"@type":"ListItem","position":2,"name":"Proizvodi","item":"http:\/\/www.herz-energie.at\/si\/proizvodi\/"},{"@type":"ListItem","position":3,"name":"Krmiljenje","item":"https:\/\/www.herz-energie.at\/si\/proizvodi\/krmiljenje\/"},{"@type":"ListItem","position":4,"name":"Kaskadno krmiljenje"}]},{"@type":"WebSite","@id":"https:\/\/www.herz-energie.at\/si\/#website","url":"https:\/\/www.herz-energie.at\/si\/","name":"HERZ Energietechnik","description":"Celoviti ponudnik obnovljivih virov energije","potentialAction":[{"@type":"SearchAction","target":{"@type":"EntryPoint","urlTemplate":"https:\/\/www.herz-energie.at\/si\/?s={search_term_string}"},"query-input":{"@type":"PropertyValueSpecification","valueRequired":true,"valueName":"search_term_string"}}],"inLanguage":"de"}]}},"_links":{"self":[{"href":"https:\/\/www.herz-energie.at\/si\/wp-json\/wp\/v2\/pages\/119","targetHints":{"allow":["GET"]}}],"collection":[{"href":"https:\/\/www.herz-energie.at\/si\/wp-json\/wp\/v2\/pages"}],"about":[{"href":"https:\/\/www.herz-energie.at\/si\/wp-json\/wp\/v2\/types\/page"}],"author":[{"embeddable":true,"href":"https:\/\/www.herz-energie.at\/si\/wp-json\/wp\/v2\/users\/1"}],"replies":[{"embeddable":true,"href":"https:\/\/www.herz-energie.at\/si\/wp-json\/wp\/v2\/comments?post=119"}],"version-history":[{"count":1,"href":"https:\/\/www.herz-energie.at\/si\/wp-json\/wp\/v2\/pages\/119\/revisions"}],"predecessor-version":[{"id":656,"href":"https:\/\/www.herz-energie.at\/si\/wp-json\/wp\/v2\/pages\/119\/revisions\/656"}],"up":[{"embeddable":true,"href":"https:\/\/www.herz-energie.at\/si\/wp-json\/wp\/v2\/pages\/59"}],"wp:attachment":[{"href":"https:\/\/www.herz-energie.at\/si\/wp-json\/wp\/v2\/media?parent=119"}],"curies":[{"name":"wp","href":"https:\/\/api.w.org\/{rel}","templated":true}]}}