{"id":76,"date":"2016-07-07T16:49:41","date_gmt":"2016-07-07T14:49:41","guid":{"rendered":"https:\/\/www.herz-energie.at\/pl\/?page_id=76"},"modified":"2025-11-18T09:05:33","modified_gmt":"2025-11-18T08:05:33","slug":"t-control","status":"publish","type":"page","link":"https:\/\/www.herz-energie.at\/pl\/produkt\/regulacja\/t-control\/","title":{"rendered":"T-CONTROL"},"content":{"rendered":"<div class=\"fusion-fullwidth fullwidth-box fusion-builder-row-1 nonhundred-percent-fullwidth non-hundred-percent-height-scrolling\" style=\"--awb-background-position:left top;--awb-border-sizes-top:0px;--awb-border-sizes-bottom:0px;--awb-border-sizes-left:0px;--awb-border-sizes-right:0px;--awb-border-radius-top-left:0px;--awb-border-radius-top-right:0px;--awb-border-radius-bottom-right:0px;--awb-border-radius-bottom-left:0px;\" ><div class=\"fusion-builder-row fusion-row\"><div class=\"fusion-layout-column fusion_builder_column fusion-builder-column-0 fusion_builder_column_2_5 2_5 fusion-two-fifth fusion-column-first\" style=\"--awb-padding-top:10px;--awb-padding-right:10px;--awb-padding-bottom:10px;--awb-padding-left:10px;--awb-bg-position:right bottom;--awb-bg-size:cover;\"><div class=\"fusion-column-wrapper fusion-flex-column-wrapper-legacy\"><div class=\"fusion-slider-sc fusion-flexslider-loading flexslider flexslider-hover-type-none\" data-slideshow_autoplay=\"1\" data-slideshow_smooth_height=\"0\" data-slideshow_speed=\"7000\" style=\"max-width:100%;height:100%;\"><ul class=\"slides\"><li class=\"image\"><span class=\"fusion-image-hover-element hover-type-none\"><img decoding=\"async\" src=\"https:\/\/www.herz-energie.at\/wp-content\/uploads\/2021\/10\/HERZ_Regelung_T-CONTROL_neu.jpg\" \/><\/span><\/li><\/ul><\/div><div class=\"fusion-sep-clear\"><\/div><div class=\"fusion-separator fusion-full-width-sep\" style=\"margin-left: auto;margin-right: auto;margin-bottom:-70px;width:100%;\"><\/div><div class=\"fusion-sep-clear\"><\/div><div class=\"fusion-clearfix\"><\/div><\/div><\/div><div class=\"fusion-layout-column fusion_builder_column fusion-builder-column-1 fusion_builder_column_3_5 3_5 fusion-three-fifth fusion-column-last\" style=\"--awb-padding-top:10px;--awb-padding-right:10px;--awb-padding-bottom:10px;--awb-padding-left:10px;--awb-bg-position:right bottom;--awb-bg-size:cover;\"><div class=\"fusion-column-wrapper fusion-flex-column-wrapper-legacy\"><div class=\"fusion-text fusion-text-1\"><h1><span style=\"color: red;\">T-<\/span>CONTROL<\/h1>\n<p><em>Wygodne ciep\u0142o z regulacj\u0105 T-CONTROL<\/em><\/p>\n<\/div><div class=\"fusion-sep-clear\"><\/div><div class=\"fusion-separator fusion-clearfix\" style=\"float:left;margin-top:0px;margin-bottom:30px;width:100%;max-width:50px;\"><div class=\"fusion-separator-border sep-single sep-solid\" style=\"border-color:#e30613;border-top-width:1px;\"><\/div><\/div><div class=\"fusion-sep-clear\"><\/div><div class=\"fusion-text fusion-text-2\"><p>Dzi\u0119ki zastosowaniu wysokiej jako\u015bci wy\u015bwietlacza dotykowego sterowanie obiegami grzewczymi, modu\u0142ami solarnymi, zbiornikami buforowymi i CWU jest proste i \u0142atwe.<\/p>\n<p>Dzi\u0119ki wygodnemu menu i prostemu uk\u0142adowi ekranu z schematycznymi rysunkami 3D sterownik HERZ zapewnia komfortowe i proste sterowanie urz\u0105dzeniem.<\/p>\n<p>Modu\u0142owe przy\u0142\u0105cza T-CONTROL umo\u017cliwiaj\u0105 przy\u0142\u0105czenie 55 modu\u0142\u00f3w. Tak wi\u0119c, centralna jednostka steruj\u0105ca przetwarza kontrol\u0119 parametr\u00f3w spalania (kontrola sond\u0105 Lambda), zarz\u0105dza buforami, obiegami grzewczymi, modu\u0142em grzania ciep\u0142ej wody, energii s\u0142onecznej lub dodatkowym \u017ar\u00f3d\u0142em ciep\u0142a (np. innym kot\u0142em). W ka\u017cdym momencie istnieje mo\u017cliwo\u015b\u0107 dodania dodatkowego modu\u0142u.<\/p>\n<\/div><div class=\"fusion-sep-clear\"><\/div><div class=\"fusion-separator fusion-full-width-sep\" style=\"margin-left: auto;margin-right: auto;margin-bottom:-40px;width:100%;\"><\/div><div class=\"fusion-sep-clear\"><\/div><div class=\"fusion-clearfix\"><\/div><\/div><\/div><div class=\"fusion-layout-column fusion_builder_column fusion-builder-column-2 fusion_builder_column_2_3 2_3 fusion-two-third fusion-column-first\" style=\"--awb-bg-size:cover;width:65.3333%; margin-right: 4%;\"><div class=\"fusion-column-wrapper fusion-flex-column-wrapper-legacy\"><div class=\"fusion-sep-clear\"><\/div><div class=\"fusion-separator fusion-full-width-sep\" style=\"margin-left: auto;margin-right: auto;margin-top:20px;width:100%;\"><\/div><div class=\"fusion-sep-clear\"><\/div><div class=\"fusion-text fusion-text-3\"><h3 style=\"text-align: left;\">Centralna jednostka steruj\u0105ca dla:<\/h3>\n<\/div><ul style=\"--awb-size:16px;--awb-iconcolor:#e30613;--awb-line-height:27.2px;--awb-icon-width:27.2px;--awb-icon-height:27.2px;--awb-icon-margin:11.2px;--awb-content-margin:38.4px;\" class=\"fusion-checklist fusion-checklist-1 fusion-checklist-default type-icons\"><li class=\"fusion-li-item\" style=\"\"><span class=\"icon-wrapper circle-no\"><i class=\"fusion-li-icon fa fa-caret-right\" aria-hidden=\"true\"><\/i><\/span><div class=\"fusion-li-item-content\">Zarz\u0105dzania buforami<\/div><\/li><li class=\"fusion-li-item\" style=\"\"><span class=\"icon-wrapper circle-no\"><i class=\"fusion-li-icon fa fa-caret-right\" aria-hidden=\"true\"><\/i><\/span><div class=\"fusion-li-item-content\">Uk\u0142adem podmieszania powrotu (zaw\u00f3r pompy i zaw\u00f3r mieszaj\u0105cy)<\/div><\/li><li class=\"fusion-li-item\" style=\"\"><span class=\"icon-wrapper circle-no\"><i class=\"fusion-li-icon fa fa-caret-right\" aria-hidden=\"true\"><\/i><\/span><div class=\"fusion-li-item-content\">modu\u0142em Ciep\u0142ej Wody U\u017cytkowej<\/div><\/li><li class=\"fusion-li-item\" style=\"\"><span class=\"icon-wrapper circle-no\"><i class=\"fusion-li-icon fa fa-caret-right\" aria-hidden=\"true\"><\/i><\/span><div class=\"fusion-li-item-content\">Zarz\u0105dzanie obiegami grzewczymi (pompy i zaw\u00f3r mieszaj\u0105cy)<\/div><\/li><li class=\"fusion-li-item\" style=\"\"><span class=\"icon-wrapper circle-no\"><i class=\"fusion-li-icon fa fa-caret-right\" aria-hidden=\"true\"><\/i><\/span><div class=\"fusion-li-item-content\">Regulacja obiegu solarnego<\/div><\/li><li class=\"fusion-li-item\" style=\"\"><span class=\"icon-wrapper circle-no\"><i class=\"fusion-li-icon fa fa-caret-right\" aria-hidden=\"true\"><\/i><\/span><div class=\"fusion-li-item-content\">Ochrona przed zamarzaniem<\/div><\/li><\/ul><div class=\"fusion-sep-clear\"><\/div><div class=\"fusion-separator fusion-full-width-sep\" style=\"margin-left: auto;margin-right: auto;margin-bottom:20px;width:100%;\"><\/div><div class=\"fusion-sep-clear\"><\/div><div class=\"fusion-text fusion-text-4\"><p><strong>Zdalny dost\u0119p do kontroli dzi\u0119ki portalowi myHERZ<\/strong><\/p>\n<\/div><div class=\"fusion-text fusion-text-5\"><p>Jako dodatek, T-CONTROL oferuje mo\u017cliwo\u015b\u0107 zdalnej wizualizacji i zdalnej obs\u0142ugi za pomoc\u0105 smartfona, tabletu lub komputera PC. Spos\u00f3b obs\u0142ugi jest taki sam jak przy u\u017cyciu dotykowego ekranu sterownika bezpo\u015brednio na kotle.<br \/>\nZatem, procesy i parametry mog\u0105 by\u0107 odczytywane i zmieniane z dowolnego miejsca w dowolnym czasie. <\/p>\n<\/div><div class=\"fusion-image-element fusion-image-align-center in-legacy-container\" style=\"text-align:center;--awb-liftup-border-radius:0px;\"><div class=\"imageframe-align-center\"><div class=\"awb-image-frame awb-image-frame-1 imageframe-liftup\"><span class=\" fusion-imageframe imageframe-dropshadow imageframe-1\" style=\"border:13px solid #ffffff;-webkit-box-shadow: 3px 3px 7px rgba(0,0,0,0.3);box-shadow: 3px 3px 7px rgba(0,0,0,0.3);\"><a href=\"https:\/\/www.herz-energie.at\/wp-content\/uploads\/2021\/10\/T-CONTROL-PC_Smartphone_Tablet.jpg\" class=\"fusion-lightbox\" data-rel=\"iLightbox[dcad7fe57b3fe2089df]\"><img decoding=\"async\" alt=\"Fernzugriff auf die Regelung T-CONTROL\" src=\"https:\/\/www.herz-energie.at\/wp-content\/uploads\/2021\/10\/T-CONTROL-PC_Smartphone_Tablet.jpg\" class=\"img-responsive\"\/><\/a><\/span><\/div><\/div><\/div><div class=\"fusion-clearfix\"><\/div><\/div><\/div><div class=\"fusion-layout-column fusion_builder_column fusion-builder-column-3 fusion_builder_column_1_3 1_3 fusion-one-third fusion-column-last\" style=\"--awb-bg-size:cover;--awb-border-color:#dddddd;--awb-border-top:1px;--awb-border-right:1px;--awb-border-bottom:1px;--awb-border-left:1px;--awb-border-style:solid;--awb-margin-bottom:20px;width:30.6666%;\"><div class=\"fusion-column-wrapper fusion-flex-column-wrapper-legacy\"><div class=\"fusion-image-element fusion-image-align-center in-legacy-container\" style=\"text-align:center;\"><div class=\"imageframe-align-center\"><span class=\" fusion-imageframe imageframe-none imageframe-2 hover-type-zoomin\"><a class=\"fusion-no-lightbox\" href=\"http:\/\/myherz.at\/\" target=\"_self\"><img decoding=\"async\" alt=\"my HERZ Fernsteuerung\" src=\"https:\/\/www.herz-energie.at\/wp-content\/uploads\/2016\/03\/myHERZ.jpg\" class=\"img-responsive\"\/><\/a><\/span><\/div><\/div><div class=\"fusion-sep-clear\"><\/div><div class=\"fusion-separator fusion-full-width-sep\" style=\"margin-left: auto;margin-right: auto;margin-bottom:-10px;width:100%;\"><\/div><div class=\"fusion-sep-clear\"><\/div><style type='text\/css'>.reading-box-container-1 .element-bottomshadow:before,.reading-box-container-1 .element-bottomshadow:after{opacity:0.7;}<\/style><div class=\"fusion-reading-box-container reading-box-container-1\" style=\"margin-top:0px;margin-bottom:84px;\"><div class=\"reading-box reading-box-center\" style=\"background-color:#f4f4f4;border-width:0px;border-color:#f6f6f6;border-top-width:3px;border-top-color:var(--primary_color);border-style:solid;\"><div class=\"reading-box-additional\"><a href=\"http:\/\/myherz.at\/\"><i class=\"fa fa-angle-right\" style=\"font-weight: bold; color: red;\"><\/i> <strong>Zdalny dost\u0119p do kontroli dzi\u0119ki portalowi myHERZ<\/strong><\/a><\/div><div class=\"fusion-clearfix\"><\/div><\/div><\/div><div class=\"fusion-sep-clear\"><\/div><div class=\"fusion-separator fusion-full-width-sep\" style=\"margin-left: auto;margin-right: auto;margin-top:-86px;width:100%;\"><\/div><div class=\"fusion-sep-clear\"><\/div><div class=\"fusion-clearfix\"><\/div><\/div><\/div><\/div><\/div>","protected":false},"excerpt":{"rendered":"","protected":false},"author":1,"featured_media":0,"parent":71,"menu_order":0,"comment_status":"closed","ping_status":"closed","template":"","meta":{"footnotes":""},"class_list":["post-76","page","type-page","status-publish","hentry"],"yoast_head":"<!-- This site is optimized with the Yoast SEO Premium plugin v25.2 (Yoast SEO v25.2) - https:\/\/yoast.com\/wordpress\/plugins\/seo\/ -->\n<title>T-CONTROL - HERZ Energietechnik<\/title>\n<meta name=\"robots\" content=\"index, follow, max-snippet:-1, max-image-preview:large, max-video-preview:-1\" \/>\n<link rel=\"canonical\" href=\"https:\/\/www.herz-energie.at\/pl\/produkt\/regulacja\/t-control\/\" \/>\n<meta property=\"og:locale\" content=\"de_DE\" \/>\n<meta property=\"og:type\" content=\"article\" \/>\n<meta property=\"og:title\" content=\"T-CONTROL\" \/>\n<meta property=\"og:url\" content=\"https:\/\/www.herz-energie.at\/pl\/produkt\/regulacja\/t-control\/\" \/>\n<meta property=\"og:site_name\" content=\"HERZ Energietechnik\" \/>\n<meta property=\"article:modified_time\" content=\"2025-11-18T08:05:33+00:00\" \/>\n<meta property=\"og:image\" content=\"https:\/\/www.herz-energie.at\/wp-content\/uploads\/2021\/10\/T-CONTROL-PC_Smartphone_Tablet.jpg\" \/>\n<meta name=\"twitter:card\" content=\"summary_large_image\" \/>\n<meta name=\"twitter:label1\" content=\"Gesch\u00e4tzte Lesezeit\" \/>\n\t<meta name=\"twitter:data1\" content=\"6\u00a0Minuten\" \/>\n<script type=\"application\/ld+json\" class=\"yoast-schema-graph\">{\"@context\":\"https:\/\/schema.org\",\"@graph\":[{\"@type\":\"WebPage\",\"@id\":\"https:\/\/www.herz-energie.at\/pl\/produkt\/regulacja\/t-control\/\",\"url\":\"https:\/\/www.herz-energie.at\/pl\/produkt\/regulacja\/t-control\/\",\"name\":\"T-CONTROL - HERZ Energietechnik\",\"isPartOf\":{\"@id\":\"http:\/\/www.herz-energie.at\/pl\/#website\"},\"primaryImageOfPage\":{\"@id\":\"https:\/\/www.herz-energie.at\/pl\/produkt\/regulacja\/t-control\/#primaryimage\"},\"image\":{\"@id\":\"https:\/\/www.herz-energie.at\/pl\/produkt\/regulacja\/t-control\/#primaryimage\"},\"thumbnailUrl\":\"https:\/\/www.herz-energie.at\/wp-content\/uploads\/2021\/10\/T-CONTROL-PC_Smartphone_Tablet.jpg\",\"datePublished\":\"2016-07-07T14:49:41+00:00\",\"dateModified\":\"2025-11-18T08:05:33+00:00\",\"breadcrumb\":{\"@id\":\"https:\/\/www.herz-energie.at\/pl\/produkt\/regulacja\/t-control\/#breadcrumb\"},\"inLanguage\":\"de\",\"potentialAction\":[{\"@type\":\"ReadAction\",\"target\":[\"https:\/\/www.herz-energie.at\/pl\/produkt\/regulacja\/t-control\/\"]}]},{\"@type\":\"ImageObject\",\"inLanguage\":\"de\",\"@id\":\"https:\/\/www.herz-energie.at\/pl\/produkt\/regulacja\/t-control\/#primaryimage\",\"url\":\"https:\/\/www.herz-energie.at\/wp-content\/uploads\/2021\/10\/T-CONTROL-PC_Smartphone_Tablet.jpg\",\"contentUrl\":\"https:\/\/www.herz-energie.at\/wp-content\/uploads\/2021\/10\/T-CONTROL-PC_Smartphone_Tablet.jpg\"},{\"@type\":\"BreadcrumbList\",\"@id\":\"https:\/\/www.herz-energie.at\/pl\/produkt\/regulacja\/t-control\/#breadcrumb\",\"itemListElement\":[{\"@type\":\"ListItem\",\"position\":1,\"name\":\"Startseite\",\"item\":\"http:\/\/www.herz-energie.at\/pl\/\"},{\"@type\":\"ListItem\",\"position\":2,\"name\":\"Produkt\",\"item\":\"https:\/\/www.herz-energie.at\/pl\/produkt\/\"},{\"@type\":\"ListItem\",\"position\":3,\"name\":\"Regulacja\",\"item\":\"http:\/\/www.herz-energie.at\/pl\/produkt\/regulacja\/\"},{\"@type\":\"ListItem\",\"position\":4,\"name\":\"T-CONTROL\"}]},{\"@type\":\"WebSite\",\"@id\":\"http:\/\/www.herz-energie.at\/pl\/#website\",\"url\":\"http:\/\/www.herz-energie.at\/pl\/\",\"name\":\"HERZ Energietechnik\",\"description\":\"Specjali\u015bci od Odnawialnych \u0179r\u00f3de\u0142 Energii\",\"potentialAction\":[{\"@type\":\"SearchAction\",\"target\":{\"@type\":\"EntryPoint\",\"urlTemplate\":\"http:\/\/www.herz-energie.at\/pl\/?s={search_term_string}\"},\"query-input\":{\"@type\":\"PropertyValueSpecification\",\"valueRequired\":true,\"valueName\":\"search_term_string\"}}],\"inLanguage\":\"de\"}]}<\/script>\n<!-- \/ Yoast SEO Premium plugin. -->","yoast_head_json":{"title":"T-CONTROL - HERZ Energietechnik","robots":{"index":"index","follow":"follow","max-snippet":"max-snippet:-1","max-image-preview":"max-image-preview:large","max-video-preview":"max-video-preview:-1"},"canonical":"https:\/\/www.herz-energie.at\/pl\/produkt\/regulacja\/t-control\/","og_locale":"de_DE","og_type":"article","og_title":"T-CONTROL","og_url":"https:\/\/www.herz-energie.at\/pl\/produkt\/regulacja\/t-control\/","og_site_name":"HERZ Energietechnik","article_modified_time":"2025-11-18T08:05:33+00:00","og_image":[{"url":"https:\/\/www.herz-energie.at\/wp-content\/uploads\/2021\/10\/T-CONTROL-PC_Smartphone_Tablet.jpg","type":"","width":"","height":""}],"twitter_card":"summary_large_image","twitter_misc":{"Gesch\u00e4tzte Lesezeit":"6\u00a0Minuten"},"schema":{"@context":"https:\/\/schema.org","@graph":[{"@type":"WebPage","@id":"https:\/\/www.herz-energie.at\/pl\/produkt\/regulacja\/t-control\/","url":"https:\/\/www.herz-energie.at\/pl\/produkt\/regulacja\/t-control\/","name":"T-CONTROL - HERZ Energietechnik","isPartOf":{"@id":"http:\/\/www.herz-energie.at\/pl\/#website"},"primaryImageOfPage":{"@id":"https:\/\/www.herz-energie.at\/pl\/produkt\/regulacja\/t-control\/#primaryimage"},"image":{"@id":"https:\/\/www.herz-energie.at\/pl\/produkt\/regulacja\/t-control\/#primaryimage"},"thumbnailUrl":"https:\/\/www.herz-energie.at\/wp-content\/uploads\/2021\/10\/T-CONTROL-PC_Smartphone_Tablet.jpg","datePublished":"2016-07-07T14:49:41+00:00","dateModified":"2025-11-18T08:05:33+00:00","breadcrumb":{"@id":"https:\/\/www.herz-energie.at\/pl\/produkt\/regulacja\/t-control\/#breadcrumb"},"inLanguage":"de","potentialAction":[{"@type":"ReadAction","target":["https:\/\/www.herz-energie.at\/pl\/produkt\/regulacja\/t-control\/"]}]},{"@type":"ImageObject","inLanguage":"de","@id":"https:\/\/www.herz-energie.at\/pl\/produkt\/regulacja\/t-control\/#primaryimage","url":"https:\/\/www.herz-energie.at\/wp-content\/uploads\/2021\/10\/T-CONTROL-PC_Smartphone_Tablet.jpg","contentUrl":"https:\/\/www.herz-energie.at\/wp-content\/uploads\/2021\/10\/T-CONTROL-PC_Smartphone_Tablet.jpg"},{"@type":"BreadcrumbList","@id":"https:\/\/www.herz-energie.at\/pl\/produkt\/regulacja\/t-control\/#breadcrumb","itemListElement":[{"@type":"ListItem","position":1,"name":"Startseite","item":"http:\/\/www.herz-energie.at\/pl\/"},{"@type":"ListItem","position":2,"name":"Produkt","item":"https:\/\/www.herz-energie.at\/pl\/produkt\/"},{"@type":"ListItem","position":3,"name":"Regulacja","item":"http:\/\/www.herz-energie.at\/pl\/produkt\/regulacja\/"},{"@type":"ListItem","position":4,"name":"T-CONTROL"}]},{"@type":"WebSite","@id":"http:\/\/www.herz-energie.at\/pl\/#website","url":"http:\/\/www.herz-energie.at\/pl\/","name":"HERZ Energietechnik","description":"Specjali\u015bci od Odnawialnych \u0179r\u00f3de\u0142 Energii","potentialAction":[{"@type":"SearchAction","target":{"@type":"EntryPoint","urlTemplate":"http:\/\/www.herz-energie.at\/pl\/?s={search_term_string}"},"query-input":{"@type":"PropertyValueSpecification","valueRequired":true,"valueName":"search_term_string"}}],"inLanguage":"de"}]}},"_links":{"self":[{"href":"https:\/\/www.herz-energie.at\/pl\/wp-json\/wp\/v2\/pages\/76","targetHints":{"allow":["GET"]}}],"collection":[{"href":"https:\/\/www.herz-energie.at\/pl\/wp-json\/wp\/v2\/pages"}],"about":[{"href":"https:\/\/www.herz-energie.at\/pl\/wp-json\/wp\/v2\/types\/page"}],"author":[{"embeddable":true,"href":"https:\/\/www.herz-energie.at\/pl\/wp-json\/wp\/v2\/users\/1"}],"replies":[{"embeddable":true,"href":"https:\/\/www.herz-energie.at\/pl\/wp-json\/wp\/v2\/comments?post=76"}],"version-history":[{"count":1,"href":"https:\/\/www.herz-energie.at\/pl\/wp-json\/wp\/v2\/pages\/76\/revisions"}],"predecessor-version":[{"id":613,"href":"https:\/\/www.herz-energie.at\/pl\/wp-json\/wp\/v2\/pages\/76\/revisions\/613"}],"up":[{"embeddable":true,"href":"https:\/\/www.herz-energie.at\/pl\/wp-json\/wp\/v2\/pages\/71"}],"wp:attachment":[{"href":"https:\/\/www.herz-energie.at\/pl\/wp-json\/wp\/v2\/media?parent=76"}],"curies":[{"name":"wp","href":"https:\/\/api.w.org\/{rel}","templated":true}]}}