{"id":74,"date":"2016-07-07T16:25:53","date_gmt":"2016-07-07T14:25:53","guid":{"rendered":"https:\/\/www.herz-energie.at\/pl\/?page_id=74"},"modified":"2025-11-18T09:33:03","modified_gmt":"2025-11-18T08:33:03","slug":"modul-kaskady","status":"publish","type":"page","link":"https:\/\/www.herz-energie.at\/pl\/produkt\/regulacja\/modul-kaskady\/","title":{"rendered":"Modu\u0142 kaskady"},"content":{"rendered":"<p><div class=\"fusion-fullwidth fullwidth-box fusion-builder-row-1 nonhundred-percent-fullwidth non-hundred-percent-height-scrolling\" style=\"--awb-background-position:left top;--awb-border-radius-top-left:0px;--awb-border-radius-top-right:0px;--awb-border-radius-bottom-right:0px;--awb-border-radius-bottom-left:0px;--awb-padding-right:0px;--awb-padding-left:0px;\" ><div class=\"fusion-builder-row fusion-row\"><div class=\"fusion-layout-column fusion_builder_column fusion-builder-column-0 fusion_builder_column_1_3 1_3 fusion-one-third fusion-column-first\" style=\"--awb-bg-size:cover;width:30.6666%; margin-right: 4%;\"><div class=\"fusion-column-wrapper fusion-flex-column-wrapper-legacy\"><div class=\"fusion-clearfix\"><\/div><\/div><\/div><div class=\"fusion-layout-column fusion_builder_column fusion-builder-column-1 fusion_builder_column_1_3 1_3 fusion-one-third\" style=\"--awb-bg-size:cover;width:30.6666%; margin-right: 4%;\"><div class=\"fusion-column-wrapper fusion-flex-column-wrapper-legacy\"><div class=\"fusion-clearfix\"><\/div><\/div><\/div><div class=\"fusion-layout-column fusion_builder_column fusion-builder-column-2 fusion_builder_column_1_3 1_3 fusion-one-third fusion-column-last\" style=\"--awb-bg-size:cover;width:30.6666%;\"><div class=\"fusion-column-wrapper fusion-flex-column-wrapper-legacy\"><div class=\"fusion-sep-clear\"><\/div><div class=\"fusion-separator fusion-full-width-sep\" style=\"margin-left: auto;margin-right: auto;margin-top:-20px;width:100%;\"><\/div><div class=\"fusion-sep-clear\"><\/div><div class=\"fusion-sharing-box fusion-sharing-box-1 boxed-icons has-taglines layout-floated layout-medium-floated layout-small-floated\" style=\"background-color:#f4f4f4;--awb-layout:row;--awb-alignment-small:space-between;\" data-title=\"Kaskadenregelung\" data-description=\"Modu\u0142 kaskady Szczeg\u00f3ln\u0105 zalet\u0105 kaskady jest efektywne wykorzystanie jednostek kot\u0142owych w okresach z mniejszym zapotrzebowaniem ciep\u0142a (na przyk\u0142ad, w okresie przej\u015bciowym).\r\n\r\nDzi\u0119ki opracowanemu przez in\u017cynier\u00f3w HERZ sterownikowi kaskady, uzyskuje si\u0119 wy\u017csz\u0105 wydajno\u015b\u0107 uk\u0142adu poprzez stopniowe wykorzystywanie jednostek kot\u0142owych oszcz\u0119dzaj\u0105c przy tym energi\u0119 poprzez podniesienie wydajno\u015bci urz\u0105dze\u0144. \r\n\r\nZ\" data-link=\"https:\/\/www.herz-energie.at\/pl\/produkt\/regulacja\/modul-kaskady\/\"><h4 class=\"tagline\" style=\"color:#333333;\">Podziel si\u0119<\/h4><div class=\"fusion-social-networks sharingbox-shortcode-icon-wrapper sharingbox-shortcode-icon-wrapper-1 boxed-icons\"><span><a href=\"https:\/\/www.facebook.com\/sharer.php?u=https%3A%2F%2Fwww.herz-energie.at%2Fpl%2Fprodukt%2Fregulacja%2Fmodul-kaskady%2F&amp;t=Kaskadenregelung\" target=\"_blank\" rel=\"noreferrer\" title=\"Facebook\" aria-label=\"Facebook\" data-placement=\"bottom\" data-toggle=\"tooltip\" data-title=\"Facebook\"><i class=\"fusion-social-network-icon fusion-tooltip fusion-facebook awb-icon-facebook\" style=\"color:#ffffff;background-color:#e30613;border-color:#e30613;border-radius:4px;\" aria-hidden=\"true\"><\/i><\/a><\/span><span><a href=\"https:\/\/twitter.com\/share?text=Kaskadenregelung&amp;url=https%3A%2F%2Fwww.herz-energie.at%2Fpl%2Fprodukt%2Fregulacja%2Fmodul-kaskady%2F\" target=\"_blank\" rel=\"noopener noreferrer\" title=\"Twitter\" aria-label=\"Twitter\" data-placement=\"bottom\" data-toggle=\"tooltip\" data-title=\"Twitter\"><i class=\"fusion-social-network-icon fusion-tooltip fusion-twitter awb-icon-twitter\" style=\"color:#ffffff;background-color:#e30613;border-color:#e30613;border-radius:4px;\" aria-hidden=\"true\"><\/i><\/a><\/span><span><a href=\"https:\/\/vkontakte.ru\/share.php?url=https%3A%2F%2Fwww.herz-energie.at%2Fpl%2Fprodukt%2Fregulacja%2Fmodul-kaskady%2F&amp;title=Kaskadenregelung&amp;description=Modu%C5%82%20kaskady%20%20Szczeg%C3%B3ln%C4%85%20zalet%C4%85%20kaskady%20jest%20efektywne%20wykorzystanie%20jednostek%20kot%C5%82owych%20w%20okresach%20z%20mniejszym%20zapotrzebowaniem%20ciep%C5%82a%20%28na%20przyk%C5%82ad%2C%20w%20okresie%20przej%C5%9Bciowym%29.%0D%0A%0D%0ADzi%C4%99ki%20opracowanemu%20przez%20in%C5%BCynier%C3%B3w%20HERZ%20sterownikowi%20kaskady%2C%20uzyskuje%20si%C4%99%20wy%C5%BCsz%C4%85%20wydajno%C5%9B%C4%87%20uk%C5%82adu%20poprzez%20stopniowe%20wykorzystywanie%20jednostek%20kot%C5%82owych%20oszcz%C4%99dzaj%C4%85c%20przy%20tym%20energi%C4%99%20poprzez%20podniesienie%20wydajno%C5%9Bci%20urz%C4%85dze%C5%84.%20%0D%0A%0D%0AZ\" target=\"_blank\" rel=\"noopener noreferrer\" title=\"Vk\" aria-label=\"Vk\" data-placement=\"bottom\" data-toggle=\"tooltip\" data-title=\"Vk\"><i class=\"fusion-social-network-icon fusion-tooltip fusion-vk awb-icon-vk\" style=\"color:#ffffff;background-color:#e30613;border-color:#e30613;border-radius:4px;\" aria-hidden=\"true\"><\/i><\/a><\/span><\/div><\/div><div class=\"fusion-sep-clear\"><\/div><div class=\"fusion-separator fusion-full-width-sep\" style=\"margin-left: auto;margin-right: auto;margin-top:-55px;width:100%;\"><\/div><div class=\"fusion-sep-clear\"><\/div><div class=\"fusion-clearfix\"><\/div><\/div><\/div><\/div><\/div><div class=\"fusion-fullwidth fullwidth-box fusion-builder-row-2 nonhundred-percent-fullwidth non-hundred-percent-height-scrolling\" style=\"--awb-background-position:left top;--awb-border-radius-top-left:0px;--awb-border-radius-top-right:0px;--awb-border-radius-bottom-right:0px;--awb-border-radius-bottom-left:0px;--awb-border-sizes-top:0px;--awb-border-sizes-bottom:0px;\" ><div class=\"fusion-builder-row fusion-row\"><div class=\"fusion-layout-column fusion_builder_column fusion-builder-column-3 fusion_builder_column_1_1 1_1 fusion-one-full fusion-column-first fusion-column-last\" style=\"--awb-padding-top:10px;--awb-padding-right:10px;--awb-padding-bottom:10px;--awb-padding-left:10px;--awb-bg-position:right bottom;--awb-bg-size:cover;\"><div class=\"fusion-column-wrapper fusion-flex-column-wrapper-legacy\"><div class=\"fusion-text fusion-text-1\"><h1>Modu\u0142 kaskady<\/h1>\n<\/div><div class=\"fusion-sep-clear\"><\/div><div class=\"fusion-separator fusion-clearfix\" style=\"float:left;margin-top:0px;margin-bottom:30px;width:100%;max-width:50px;\"><div class=\"fusion-separator-border sep-single sep-solid\" style=\"border-color:#e30613;border-top-width:1px;\"><\/div><\/div><div class=\"fusion-sep-clear\"><\/div><div class=\"fusion-text fusion-text-2\"><p>Szczeg\u00f3ln\u0105 zalet\u0105 kaskady jest efektywne wykorzystanie jednostek kot\u0142owych w okresach z mniejszym zapotrzebowaniem ciep\u0142a (na przyk\u0142ad, w okresie przej\u015bciowym).<\/p>\n<p>Dzi\u0119ki opracowanemu przez in\u017cynier\u00f3w HERZ sterownikowi kaskady, uzyskuje si\u0119 wy\u017csz\u0105 wydajno\u015b\u0107 uk\u0142adu poprzez stopniowe wykorzystywanie jednostek kot\u0142owych oszcz\u0119dzaj\u0105c przy tym energi\u0119 poprzez podniesienie wydajno\u015bci urz\u0105dze\u0144. <\/p>\n<p>Z HERZ T-CONTROL mo\u017cna po\u0142\u0105czy\u0107 do 8 kot\u0142\u00f3w kaskadowo.<\/p>\n<\/div><div class=\"fusion-clearfix\"><\/div><\/div><\/div><div class=\"fusion-layout-column fusion_builder_column fusion-builder-column-4 fusion_builder_column_1_2 1_2 fusion-one-half fusion-column-first\" style=\"--awb-bg-size:cover;width:48%; margin-right: 4%;\"><div class=\"fusion-column-wrapper fusion-flex-column-wrapper-legacy\"><div class=\"fusion-image-element fusion-image-align-center in-legacy-container\" style=\"text-align:center;--awb-liftup-border-radius:0px;\"><div class=\"imageframe-align-center\"><div class=\"awb-image-frame awb-image-frame-1 imageframe-liftup\"><span class=\" fusion-imageframe imageframe-dropshadow imageframe-1\" style=\"border:13px solid #ffffff;-webkit-box-shadow: 3px 3px 7px rgba(0,0,0,0.3);box-shadow: 3px 3px 7px rgba(0,0,0,0.3);\"><a href=\"https:\/\/www.herz-energie.at\/wp-content\/uploads\/2015\/11\/BioFire_Kaskade_Schema.jpg\" class=\"fusion-lightbox\" data-rel=\"iLightbox[69b4650badace732a5c]\"><img decoding=\"async\" src=\"https:\/\/www.herz-energie.at\/wp-content\/uploads\/2015\/11\/BioFire_Kaskade_Schema.jpg\" alt class=\"img-responsive\"\/><\/a><\/span><\/div><\/div><\/div><div class=\"fusion-sep-clear\"><\/div><div class=\"fusion-separator fusion-full-width-sep\" style=\"margin-left: auto;margin-right: auto;margin-bottom:10px;width:100%;\"><\/div><div class=\"fusion-sep-clear\"><\/div><div class=\"fusion-text fusion-text-3\"><p><em>Schemat kaskady Biofire<\/em><\/p>\n<\/div><div class=\"fusion-clearfix\"><\/div><\/div><\/div><div class=\"fusion-layout-column fusion_builder_column fusion-builder-column-5 fusion_builder_column_1_2 1_2 fusion-one-half fusion-column-last\" style=\"--awb-bg-size:cover;width:48%;\"><div class=\"fusion-column-wrapper fusion-flex-column-wrapper-legacy\"><div class=\"fusion-image-element fusion-image-align-center in-legacy-container\" style=\"text-align:center;--awb-liftup-border-radius:0px;\"><div class=\"imageframe-align-center\"><div class=\"awb-image-frame awb-image-frame-2 imageframe-liftup\"><span class=\" fusion-imageframe imageframe-dropshadow imageframe-2\" style=\"border:13px solid #ffffff;-webkit-box-shadow: 3px 3px 7px rgba(0,0,0,0.3);box-shadow: 3px 3px 7px rgba(0,0,0,0.3);\"><a href=\"https:\/\/www.herz-energie.at\/wp-content\/uploads\/2015\/11\/Herz-Hydraulikschema-BM-mit-Kaskade.jpg\" class=\"fusion-lightbox\" data-rel=\"iLightbox[e4cd8136753187476df]\"><img decoding=\"async\" src=\"https:\/\/www.herz-energie.at\/wp-content\/uploads\/2015\/11\/Herz-Hydraulikschema-BM-mit-Kaskade.jpg\" alt class=\"img-responsive\"\/><\/a><\/span><\/div><\/div><\/div><div class=\"fusion-sep-clear\"><\/div><div class=\"fusion-separator fusion-full-width-sep\" style=\"margin-left: auto;margin-right: auto;margin-bottom:10px;width:100%;\"><\/div><div class=\"fusion-sep-clear\"><\/div><div class=\"fusion-text fusion-text-4\"><p><em>Schemat kaskady Biomatic<\/em><\/p>\n<\/div><div class=\"fusion-clearfix\"><\/div><\/div><\/div><\/div><\/div><\/p>","protected":false},"excerpt":{"rendered":"","protected":false},"author":1,"featured_media":0,"parent":71,"menu_order":0,"comment_status":"closed","ping_status":"closed","template":"","meta":{"footnotes":""},"class_list":["post-74","page","type-page","status-publish","hentry"],"yoast_head":"<!-- This site is optimized with the Yoast SEO Premium plugin v25.2 (Yoast SEO v25.2) - https:\/\/yoast.com\/wordpress\/plugins\/seo\/ -->\n<title>Modu\u0142 kaskady - HERZ Energietechnik<\/title>\n<meta name=\"description\" content=\"Dzi\u0119ki sterowniku HERZ BioControl 3000 umo\u017cliwione jest po\u0142\u0105czenie kilku kot\u0142\u00f3w kaskadowo.\" \/>\n<meta name=\"robots\" content=\"index, follow, max-snippet:-1, max-image-preview:large, max-video-preview:-1\" \/>\n<link rel=\"canonical\" href=\"https:\/\/www.herz-energie.at\/pl\/produkt\/regulacja\/modul-kaskady\/\" \/>\n<meta property=\"og:locale\" content=\"de_DE\" \/>\n<meta property=\"og:type\" content=\"article\" \/>\n<meta property=\"og:title\" content=\"Modu\u0142 kaskady\" \/>\n<meta property=\"og:description\" content=\"Dzi\u0119ki sterowniku HERZ BioControl 3000 umo\u017cliwione jest po\u0142\u0105czenie kilku kot\u0142\u00f3w kaskadowo.\" \/>\n<meta property=\"og:url\" content=\"https:\/\/www.herz-energie.at\/pl\/produkt\/regulacja\/modul-kaskady\/\" \/>\n<meta property=\"og:site_name\" content=\"HERZ Energietechnik\" \/>\n<meta property=\"article:modified_time\" content=\"2025-11-18T08:33:03+00:00\" \/>\n<meta property=\"og:image\" content=\"https:\/\/www.herz-energie.at\/wp-content\/uploads\/2015\/11\/BioFire_Kaskade_Schema.jpg\" \/>\n<meta name=\"twitter:card\" content=\"summary_large_image\" \/>\n<meta name=\"twitter:label1\" content=\"Gesch\u00e4tzte Lesezeit\" \/>\n\t<meta name=\"twitter:data1\" content=\"4\u00a0Minuten\" \/>\n<script type=\"application\/ld+json\" class=\"yoast-schema-graph\">{\"@context\":\"https:\/\/schema.org\",\"@graph\":[{\"@type\":\"WebPage\",\"@id\":\"https:\/\/www.herz-energie.at\/pl\/produkt\/regulacja\/modul-kaskady\/\",\"url\":\"https:\/\/www.herz-energie.at\/pl\/produkt\/regulacja\/modul-kaskady\/\",\"name\":\"Modu\u0142 kaskady - HERZ Energietechnik\",\"isPartOf\":{\"@id\":\"http:\/\/www.herz-energie.at\/pl\/#website\"},\"primaryImageOfPage\":{\"@id\":\"https:\/\/www.herz-energie.at\/pl\/produkt\/regulacja\/modul-kaskady\/#primaryimage\"},\"image\":{\"@id\":\"https:\/\/www.herz-energie.at\/pl\/produkt\/regulacja\/modul-kaskady\/#primaryimage\"},\"thumbnailUrl\":\"https:\/\/www.herz-energie.at\/wp-content\/uploads\/2015\/11\/BioFire_Kaskade_Schema.jpg\",\"datePublished\":\"2016-07-07T14:25:53+00:00\",\"dateModified\":\"2025-11-18T08:33:03+00:00\",\"description\":\"Dzi\u0119ki sterowniku HERZ BioControl 3000 umo\u017cliwione jest po\u0142\u0105czenie kilku kot\u0142\u00f3w kaskadowo.\",\"breadcrumb\":{\"@id\":\"https:\/\/www.herz-energie.at\/pl\/produkt\/regulacja\/modul-kaskady\/#breadcrumb\"},\"inLanguage\":\"de\",\"potentialAction\":[{\"@type\":\"ReadAction\",\"target\":[\"https:\/\/www.herz-energie.at\/pl\/produkt\/regulacja\/modul-kaskady\/\"]}]},{\"@type\":\"ImageObject\",\"inLanguage\":\"de\",\"@id\":\"https:\/\/www.herz-energie.at\/pl\/produkt\/regulacja\/modul-kaskady\/#primaryimage\",\"url\":\"https:\/\/www.herz-energie.at\/wp-content\/uploads\/2015\/11\/BioFire_Kaskade_Schema.jpg\",\"contentUrl\":\"https:\/\/www.herz-energie.at\/wp-content\/uploads\/2015\/11\/BioFire_Kaskade_Schema.jpg\"},{\"@type\":\"BreadcrumbList\",\"@id\":\"https:\/\/www.herz-energie.at\/pl\/produkt\/regulacja\/modul-kaskady\/#breadcrumb\",\"itemListElement\":[{\"@type\":\"ListItem\",\"position\":1,\"name\":\"Startseite\",\"item\":\"http:\/\/www.herz-energie.at\/pl\/\"},{\"@type\":\"ListItem\",\"position\":2,\"name\":\"Produkt\",\"item\":\"https:\/\/www.herz-energie.at\/pl\/produkt\/\"},{\"@type\":\"ListItem\",\"position\":3,\"name\":\"Regulacja\",\"item\":\"http:\/\/www.herz-energie.at\/pl\/produkt\/regulacja\/\"},{\"@type\":\"ListItem\",\"position\":4,\"name\":\"Modu\u0142 kaskady\"}]},{\"@type\":\"WebSite\",\"@id\":\"http:\/\/www.herz-energie.at\/pl\/#website\",\"url\":\"http:\/\/www.herz-energie.at\/pl\/\",\"name\":\"HERZ Energietechnik\",\"description\":\"Specjali\u015bci od Odnawialnych \u0179r\u00f3de\u0142 Energii\",\"potentialAction\":[{\"@type\":\"SearchAction\",\"target\":{\"@type\":\"EntryPoint\",\"urlTemplate\":\"http:\/\/www.herz-energie.at\/pl\/?s={search_term_string}\"},\"query-input\":{\"@type\":\"PropertyValueSpecification\",\"valueRequired\":true,\"valueName\":\"search_term_string\"}}],\"inLanguage\":\"de\"}]}<\/script>\n<!-- \/ Yoast SEO Premium plugin. -->","yoast_head_json":{"title":"Modu\u0142 kaskady - HERZ Energietechnik","description":"Dzi\u0119ki sterowniku HERZ BioControl 3000 umo\u017cliwione jest po\u0142\u0105czenie kilku kot\u0142\u00f3w kaskadowo.","robots":{"index":"index","follow":"follow","max-snippet":"max-snippet:-1","max-image-preview":"max-image-preview:large","max-video-preview":"max-video-preview:-1"},"canonical":"https:\/\/www.herz-energie.at\/pl\/produkt\/regulacja\/modul-kaskady\/","og_locale":"de_DE","og_type":"article","og_title":"Modu\u0142 kaskady","og_description":"Dzi\u0119ki sterowniku HERZ BioControl 3000 umo\u017cliwione jest po\u0142\u0105czenie kilku kot\u0142\u00f3w kaskadowo.","og_url":"https:\/\/www.herz-energie.at\/pl\/produkt\/regulacja\/modul-kaskady\/","og_site_name":"HERZ Energietechnik","article_modified_time":"2025-11-18T08:33:03+00:00","og_image":[{"url":"https:\/\/www.herz-energie.at\/wp-content\/uploads\/2015\/11\/BioFire_Kaskade_Schema.jpg","type":"","width":"","height":""}],"twitter_card":"summary_large_image","twitter_misc":{"Gesch\u00e4tzte Lesezeit":"4\u00a0Minuten"},"schema":{"@context":"https:\/\/schema.org","@graph":[{"@type":"WebPage","@id":"https:\/\/www.herz-energie.at\/pl\/produkt\/regulacja\/modul-kaskady\/","url":"https:\/\/www.herz-energie.at\/pl\/produkt\/regulacja\/modul-kaskady\/","name":"Modu\u0142 kaskady - HERZ Energietechnik","isPartOf":{"@id":"http:\/\/www.herz-energie.at\/pl\/#website"},"primaryImageOfPage":{"@id":"https:\/\/www.herz-energie.at\/pl\/produkt\/regulacja\/modul-kaskady\/#primaryimage"},"image":{"@id":"https:\/\/www.herz-energie.at\/pl\/produkt\/regulacja\/modul-kaskady\/#primaryimage"},"thumbnailUrl":"https:\/\/www.herz-energie.at\/wp-content\/uploads\/2015\/11\/BioFire_Kaskade_Schema.jpg","datePublished":"2016-07-07T14:25:53+00:00","dateModified":"2025-11-18T08:33:03+00:00","description":"Dzi\u0119ki sterowniku HERZ BioControl 3000 umo\u017cliwione jest po\u0142\u0105czenie kilku kot\u0142\u00f3w kaskadowo.","breadcrumb":{"@id":"https:\/\/www.herz-energie.at\/pl\/produkt\/regulacja\/modul-kaskady\/#breadcrumb"},"inLanguage":"de","potentialAction":[{"@type":"ReadAction","target":["https:\/\/www.herz-energie.at\/pl\/produkt\/regulacja\/modul-kaskady\/"]}]},{"@type":"ImageObject","inLanguage":"de","@id":"https:\/\/www.herz-energie.at\/pl\/produkt\/regulacja\/modul-kaskady\/#primaryimage","url":"https:\/\/www.herz-energie.at\/wp-content\/uploads\/2015\/11\/BioFire_Kaskade_Schema.jpg","contentUrl":"https:\/\/www.herz-energie.at\/wp-content\/uploads\/2015\/11\/BioFire_Kaskade_Schema.jpg"},{"@type":"BreadcrumbList","@id":"https:\/\/www.herz-energie.at\/pl\/produkt\/regulacja\/modul-kaskady\/#breadcrumb","itemListElement":[{"@type":"ListItem","position":1,"name":"Startseite","item":"http:\/\/www.herz-energie.at\/pl\/"},{"@type":"ListItem","position":2,"name":"Produkt","item":"https:\/\/www.herz-energie.at\/pl\/produkt\/"},{"@type":"ListItem","position":3,"name":"Regulacja","item":"http:\/\/www.herz-energie.at\/pl\/produkt\/regulacja\/"},{"@type":"ListItem","position":4,"name":"Modu\u0142 kaskady"}]},{"@type":"WebSite","@id":"http:\/\/www.herz-energie.at\/pl\/#website","url":"http:\/\/www.herz-energie.at\/pl\/","name":"HERZ Energietechnik","description":"Specjali\u015bci od Odnawialnych \u0179r\u00f3de\u0142 Energii","potentialAction":[{"@type":"SearchAction","target":{"@type":"EntryPoint","urlTemplate":"http:\/\/www.herz-energie.at\/pl\/?s={search_term_string}"},"query-input":{"@type":"PropertyValueSpecification","valueRequired":true,"valueName":"search_term_string"}}],"inLanguage":"de"}]}},"_links":{"self":[{"href":"https:\/\/www.herz-energie.at\/pl\/wp-json\/wp\/v2\/pages\/74","targetHints":{"allow":["GET"]}}],"collection":[{"href":"https:\/\/www.herz-energie.at\/pl\/wp-json\/wp\/v2\/pages"}],"about":[{"href":"https:\/\/www.herz-energie.at\/pl\/wp-json\/wp\/v2\/types\/page"}],"author":[{"embeddable":true,"href":"https:\/\/www.herz-energie.at\/pl\/wp-json\/wp\/v2\/users\/1"}],"replies":[{"embeddable":true,"href":"https:\/\/www.herz-energie.at\/pl\/wp-json\/wp\/v2\/comments?post=74"}],"version-history":[{"count":1,"href":"https:\/\/www.herz-energie.at\/pl\/wp-json\/wp\/v2\/pages\/74\/revisions"}],"predecessor-version":[{"id":614,"href":"https:\/\/www.herz-energie.at\/pl\/wp-json\/wp\/v2\/pages\/74\/revisions\/614"}],"up":[{"embeddable":true,"href":"https:\/\/www.herz-energie.at\/pl\/wp-json\/wp\/v2\/pages\/71"}],"wp:attachment":[{"href":"https:\/\/www.herz-energie.at\/pl\/wp-json\/wp\/v2\/media?parent=74"}],"curies":[{"name":"wp","href":"https:\/\/api.w.org\/{rel}","templated":true}]}}