{"id":45,"date":"2016-09-06T16:10:43","date_gmt":"2016-09-06T14:10:43","guid":{"rendered":"https:\/\/www.herz-energie.at\/si\/?page_id=45"},"modified":"2025-06-25T12:28:34","modified_gmt":"2025-06-25T10:28:34","slug":"izobrazevalni-center","status":"publish","type":"page","link":"http:\/\/www.herz-energie.at\/si\/podjetje\/izobrazevalni-center\/","title":{"rendered":"Izobra\u017eevalni center"},"content":{"rendered":"<p class=\"ai-optimize-6 ai-optimize-introduction\"><div class=\"fusion-fullwidth fullwidth-box fusion-builder-row-1 nonhundred-percent-fullwidth non-hundred-percent-height-scrolling\" style=\"--awb-background-position:left bottom;--awb-border-radius-top-left:0px;--awb-border-radius-top-right:0px;--awb-border-radius-bottom-right:0px;--awb-border-radius-bottom-left:0px;\" ><div class=\"fusion-builder-row fusion-row\"><div class=\"fusion-layout-column fusion_builder_column fusion-builder-column-0 fusion_builder_column_3_4 3_4 fusion-three-fourth fusion-column-first\" style=\"--awb-padding-top:10px;--awb-padding-left:20px;--awb-overflow:hidden;--awb-bg-color:rgba(0,102,65,0.97);--awb-bg-size:cover;--awb-box-shadow:-20px 0px 0px #004f38;;--awb-border-color:#ffffff;--awb-border-style:solid;--awb-border-radius:0px 20px 20px 0px;width:75%;width:calc(75% - ( ( 4% ) * 0.75 ) );margin-right: 4%;\"><div class=\"fusion-column-wrapper fusion-column-has-shadow fusion-flex-column-wrapper-legacy\"><div class=\"fusion-text fusion-text-1\"><p class=\"ai-optimize-7\" style=\"letter-spacing: 4px; font-size: 13px; margin-bottom: 0px; color: #ffffff;\">STROKOVNOST JE NA\u0160 USPEH<\/p>\n<h1 class=\"ai-optimize-8\"><span style=\"color: #ffffff;\">HERZ izobra\u017eevanja<\/span><\/h1>\n<p class=\"ai-optimize-9\">\n<\/div><div class=\"fusion-clearfix\"><\/div><\/div><\/div><\/div><\/div><div class=\"fusion-fullwidth fullwidth-box fusion-builder-row-2 hundred-percent-fullwidth non-hundred-percent-height-scrolling\" style=\"--awb-border-radius-top-left:0px;--awb-border-radius-top-right:0px;--awb-border-radius-bottom-right:0px;--awb-border-radius-bottom-left:0px;--awb-overflow:visible;\" ><div class=\"fusion-builder-row fusion-row\"><div class=\"fusion-layout-column fusion_builder_column fusion-builder-column-1 fusion_builder_column_1_1 1_1 fusion-one-full fusion-column-first fusion-column-last fusion-column-no-min-height\" style=\"--awb-bg-size:cover;--awb-margin-top:0px;--awb-margin-bottom:0px;\"><div class=\"fusion-column-wrapper fusion-flex-column-wrapper-legacy\"><ul style=\"--awb-size:18px;--awb-line-height:30.6px;--awb-icon-width:30.6px;--awb-icon-height:30.6px;--awb-icon-margin:12.6px;--awb-content-margin:43.2px;--awb-circlecolor:#e30613;--awb-circle-yes-font-size:15.84px;\" class=\"fusion-checklist fusion-checklist-1 fusion-checklist-default type-icons\"><li class=\"fusion-li-item\" style=\"\"><span class=\"icon-wrapper circle-yes\"><i class=\"fusion-li-icon fa fa-search\" aria-hidden=\"true\"><\/i><\/span><div class=\"fusion-li-item-content\"><strong>Pregled kapacitet izobra\u017eveanja:<\/strong><\/div><\/li><\/ul><div class=\"fusion-clearfix\"><\/div><\/div><\/div><\/div><\/div><div class=\"fusion-fullwidth fullwidth-box fusion-builder-row-3 nonhundred-percent-fullwidth non-hundred-percent-height-scrolling\" style=\"--awb-background-position:left top;--awb-border-radius-top-left:0px;--awb-border-radius-top-right:0px;--awb-border-radius-bottom-right:0px;--awb-border-radius-bottom-left:0px;--awb-border-sizes-top:0px;--awb-border-sizes-bottom:0px;\" ><div class=\"fusion-builder-row fusion-row\"><div class=\"fusion-layout-column fusion_builder_column fusion-builder-column-2 fusion_builder_column_1_1 1_1 fusion-one-full fusion-column-first fusion-column-last\" style=\"--awb-padding-top:5px;--awb-padding-right:5px;--awb-padding-bottom:5px;--awb-padding-left:5px;--awb-bg-color:#f4f4f4;--awb-bg-size:cover;--awb-border-color:#dddddd;--awb-border-top:1px;--awb-border-right:1px;--awb-border-bottom:1px;--awb-border-left:1px;--awb-border-style:solid;--awb-margin-top:10px;\"><div class=\"fusion-column-wrapper fusion-flex-column-wrapper-legacy\"><div class=\"fusion-text fusion-text-2\"><p><strong>Prakti\u010dna usposabljanja<\/strong><\/p>\n<\/div><ul style=\"--awb-size:16px;--awb-iconcolor:#e30613;--awb-line-height:27.2px;--awb-icon-width:27.2px;--awb-icon-height:27.2px;--awb-icon-margin:11.2px;--awb-content-margin:38.4px;\" class=\"fusion-checklist fusion-checklist-2 fusion-checklist-default type-icons\"><li class=\"fusion-li-item\" style=\"\"><span class=\"icon-wrapper circle-no\"><i class=\"fusion-li-icon fa fa-caret-right\" aria-hidden=\"true\"><\/i><\/span><div class=\"fusion-li-item-content\">Izobra\u017eevanja dimnikarjev<\/div><\/li><li class=\"fusion-li-item\" style=\"\"><span class=\"icon-wrapper circle-no\"><i class=\"fusion-li-icon fa fa-caret-right\" aria-hidden=\"true\"><\/i><\/span><div class=\"fusion-li-item-content\">Izobra\u017eevanja za in\u0161talaterje, monterje<\/div><\/li><li class=\"fusion-li-item\" style=\"\"><span class=\"icon-wrapper circle-no\"><i class=\"fusion-li-icon fa fa-caret-right\" aria-hidden=\"true\"><\/i><\/span><div class=\"fusion-li-item-content\">Izobra\u017eevanje vzdr\u017eevalnega osebja<\/div><\/li><li class=\"fusion-li-item\" style=\"\"><span class=\"icon-wrapper circle-no\"><i class=\"fusion-li-icon fa fa-caret-right\" aria-hidden=\"true\"><\/i><\/span><div class=\"fusion-li-item-content\">Izobra\u017eevanje za opravljanje servisnih storitev in zagonov<\/div><\/li><\/ul><div class=\"fusion-clearfix\"><\/div><\/div><\/div><div class=\"fusion-layout-column fusion_builder_column fusion-builder-column-3 fusion_builder_column_1_1 1_1 fusion-one-full fusion-column-first fusion-column-last\" style=\"--awb-padding-top:5px;--awb-padding-right:5px;--awb-padding-bottom:5px;--awb-padding-left:5px;--awb-bg-color:#f4f4f4;--awb-bg-size:cover;--awb-border-color:#dddddd;--awb-border-top:1px;--awb-border-right:1px;--awb-border-bottom:1px;--awb-border-left:1px;--awb-border-style:solid;--awb-margin-top:10px;\"><div class=\"fusion-column-wrapper fusion-flex-column-wrapper-legacy\"><div class=\"fusion-text fusion-text-3\"><p><strong>\u0160olanje teorije<\/strong><\/p>\n<\/div><ul style=\"--awb-size:16px;--awb-iconcolor:#e30613;--awb-line-height:27.2px;--awb-icon-width:27.2px;--awb-icon-height:27.2px;--awb-icon-margin:11.2px;--awb-content-margin:38.4px;\" class=\"fusion-checklist fusion-checklist-3 fusion-checklist-default type-icons\"><li class=\"fusion-li-item\" style=\"\"><span class=\"icon-wrapper circle-no\"><i class=\"fusion-li-icon fa fa-caret-right\" aria-hidden=\"true\"><\/i><\/span><div class=\"fusion-li-item-content\">Ogledi tovarne<\/div><\/li><li class=\"fusion-li-item\" style=\"\"><span class=\"icon-wrapper circle-no\"><i class=\"fusion-li-icon fa fa-caret-right\" aria-hidden=\"true\"><\/i><\/span><div class=\"fusion-li-item-content\">Izobra\u017eevanje prodajnega osebja<\/div><\/li><li class=\"fusion-li-item\" style=\"\"><span class=\"icon-wrapper circle-no\"><i class=\"fusion-li-icon fa fa-caret-right\" aria-hidden=\"true\"><\/i><\/span><div class=\"fusion-li-item-content\">\u0160olanje za uporabo krmiljenja<\/div><\/li><li class=\"fusion-li-item\" style=\"\"><span class=\"icon-wrapper circle-no\"><i class=\"fusion-li-icon fa fa-caret-right\" aria-hidden=\"true\"><\/i><\/span><div class=\"fusion-li-item-content\">Izobra\u017eevanje za na\u010drtovalce in tehni\u010dne pisarne<\/div><\/li><\/ul><div class=\"fusion-clearfix\"><\/div><\/div><\/div><\/div><\/div><div class=\"fusion-fullwidth fullwidth-box fusion-builder-row-4 hundred-percent-fullwidth non-hundred-percent-height-scrolling\" style=\"--awb-border-radius-top-left:0px;--awb-border-radius-top-right:0px;--awb-border-radius-bottom-right:0px;--awb-border-radius-bottom-left:0px;--awb-overflow:visible;\" ><div class=\"fusion-builder-row fusion-row\"><div class=\"fusion-layout-column fusion_builder_column fusion-builder-column-4 fusion_builder_column_1_1 1_1 fusion-one-full fusion-column-first fusion-column-last fusion-column-no-min-height\" style=\"--awb-bg-size:cover;--awb-margin-top:0px;--awb-margin-bottom:0px;\"><div class=\"fusion-column-wrapper fusion-flex-column-wrapper-legacy\"><ul style=\"--awb-size:18px;--awb-line-height:30.6px;--awb-icon-width:30.6px;--awb-icon-height:30.6px;--awb-icon-margin:12.6px;--awb-content-margin:43.2px;--awb-circlecolor:#e30613;--awb-circle-yes-font-size:15.84px;\" class=\"fusion-checklist fusion-checklist-4 fusion-checklist-default type-icons\"><li class=\"fusion-li-item\" style=\"\"><span class=\"icon-wrapper circle-yes\"><i class=\"fusion-li-icon fa fa-home\" aria-hidden=\"true\"><\/i><\/span><div class=\"fusion-li-item-content\"><strong>Obiski referen\u010dnih objektov<\/strong><\/div><\/li><\/ul><div class=\"fusion-text fusion-text-4\"><p class=\"ai-optimize-10\" style=\"text-align: left;\">HERZ veranstaltet im Schulungszentrum Pinkafeld im Jahr rund 270 Seminare &amp; Werksf\u00fchrungen f\u00fcr Vertriebspartner, Planer und technische B\u00fcros, Monteure &amp; Installateure sowie Anlagenbetreiber und technische Bildungseinrichtungen aus dem In- und Ausland. So wurden bereits voriges Jahr ca. 3000 Personen aus insgesamt 23 (!) L\u00e4ndern Europas und Nordamerika geschult.<\/p>\n<p class=\"ai-optimize-11\" style=\"text-align: left;\">Moderne Seminarr\u00e4ume und praxisnahes Lernen direkt am Kessel oder an der W\u00e4rmepumpe schaffen eine angenehme Atmosph\u00e4re und gew\u00e4hrleisten einen optimalen Schulungserfolg f\u00fcr die Teilnehmer.<\/p>\n<p class=\"ai-optimize-12\" style=\"text-align: left;\">Auch Besuchsgruppen von Berufsschulen, HTL\u2019s oder Fachhochschulen sind immer herzlich willkommen und werden \u00fcber das Unternehmen und Produktsortiment informiert und durch die Produktionshallen gef\u00fchrt.<\/p>\n<p class=\"ai-optimize-13\" style=\"text-align: left;\">Zudem werden die Mitarbeiter sowie HERZ-Partnerfirmen und Werksvertretungen aus ganz Europa mit internen Seminaren st\u00e4ndig auf dem Laufenden gehalten.<\/p>\n<p class=\"ai-optimize-14\" style=\"text-align: left;\">Anmeldung unter <strong><a href=\"mailto:training-energie@herz.eu\">training-energie@herz.eu<\/a><\/strong> oder bei Ihrem zust\u00e4ndigen Au\u00dfendienstmitarbeiter.<\/p>\n<p class=\"ai-optimize-15\">\n<\/div><div class=\"fusion-clearfix\"><\/div><\/div><\/div><\/div><\/div><\/p>","protected":false},"excerpt":{"rendered":"","protected":false},"author":1,"featured_media":0,"parent":16,"menu_order":0,"comment_status":"closed","ping_status":"closed","template":"","meta":{"footnotes":""},"class_list":["post-45","page","type-page","status-publish","hentry"],"yoast_head":"<!-- This site is optimized with the Yoast SEO Premium plugin v25.2 (Yoast SEO v25.2) - https:\/\/yoast.com\/wordpress\/plugins\/seo\/ -->\n<title>Izobra\u017eevalni center - HERZ Energietechnik<\/title>\n<meta name=\"description\" content=\"Izobra\u017eevalni center. Prakti\u010dna usposabljanja. \u0160olanje teorije.Obiski referen\u010dnih objektov.\" \/>\n<meta name=\"robots\" content=\"index, follow, max-snippet:-1, max-image-preview:large, max-video-preview:-1\" \/>\n<link rel=\"canonical\" href=\"https:\/\/www.herz-energie.at\/si\/podjetje\/izobrazevalni-center\/\" \/>\n<meta property=\"og:locale\" content=\"de_DE\" \/>\n<meta property=\"og:type\" content=\"article\" \/>\n<meta property=\"og:title\" content=\"Izobra\u017eevalni center\" \/>\n<meta property=\"og:description\" content=\"Izobra\u017eevalni center. Prakti\u010dna usposabljanja. \u0160olanje teorije.Obiski referen\u010dnih objektov.\" \/>\n<meta property=\"og:url\" content=\"https:\/\/www.herz-energie.at\/si\/podjetje\/izobrazevalni-center\/\" \/>\n<meta property=\"og:site_name\" content=\"HERZ Energietechnik\" \/>\n<meta property=\"article:modified_time\" content=\"2025-06-25T10:28:34+00:00\" \/>\n<meta name=\"twitter:card\" content=\"summary_large_image\" \/>\n<meta name=\"twitter:label1\" content=\"Gesch\u00e4tzte Lesezeit\" \/>\n\t<meta name=\"twitter:data1\" content=\"5\u00a0Minuten\" \/>\n<script type=\"application\/ld+json\" class=\"yoast-schema-graph\">{\"@context\":\"https:\/\/schema.org\",\"@graph\":[{\"@type\":\"WebPage\",\"@id\":\"https:\/\/www.herz-energie.at\/si\/podjetje\/izobrazevalni-center\/\",\"url\":\"https:\/\/www.herz-energie.at\/si\/podjetje\/izobrazevalni-center\/\",\"name\":\"Izobra\u017eevalni center - HERZ Energietechnik\",\"isPartOf\":{\"@id\":\"https:\/\/www.herz-energie.at\/si\/#website\"},\"datePublished\":\"2016-09-06T14:10:43+00:00\",\"dateModified\":\"2025-06-25T10:28:34+00:00\",\"description\":\"Izobra\u017eevalni center. Prakti\u010dna usposabljanja. \u0160olanje teorije.Obiski referen\u010dnih objektov.\",\"breadcrumb\":{\"@id\":\"https:\/\/www.herz-energie.at\/si\/podjetje\/izobrazevalni-center\/#breadcrumb\"},\"inLanguage\":\"de\",\"potentialAction\":[{\"@type\":\"ReadAction\",\"target\":[\"https:\/\/www.herz-energie.at\/si\/podjetje\/izobrazevalni-center\/\"]}]},{\"@type\":\"BreadcrumbList\",\"@id\":\"https:\/\/www.herz-energie.at\/si\/podjetje\/izobrazevalni-center\/#breadcrumb\",\"itemListElement\":[{\"@type\":\"ListItem\",\"position\":1,\"name\":\"Startseite\",\"item\":\"https:\/\/www.herz-energie.at\/si\/\"},{\"@type\":\"ListItem\",\"position\":2,\"name\":\"Podjetje\",\"item\":\"https:\/\/www.herz-energie.at\/si\/podjetje\/\"},{\"@type\":\"ListItem\",\"position\":3,\"name\":\"Izobra\u017eevalni center\"}]},{\"@type\":\"WebSite\",\"@id\":\"https:\/\/www.herz-energie.at\/si\/#website\",\"url\":\"https:\/\/www.herz-energie.at\/si\/\",\"name\":\"HERZ Energietechnik\",\"description\":\"Celoviti ponudnik obnovljivih virov energije\",\"potentialAction\":[{\"@type\":\"SearchAction\",\"target\":{\"@type\":\"EntryPoint\",\"urlTemplate\":\"https:\/\/www.herz-energie.at\/si\/?s={search_term_string}\"},\"query-input\":{\"@type\":\"PropertyValueSpecification\",\"valueRequired\":true,\"valueName\":\"search_term_string\"}}],\"inLanguage\":\"de\"}]}<\/script>\n<!-- \/ Yoast SEO Premium plugin. -->","yoast_head_json":{"title":"Izobra\u017eevalni center - HERZ Energietechnik","description":"Izobra\u017eevalni center. Prakti\u010dna usposabljanja. \u0160olanje teorije.Obiski referen\u010dnih objektov.","robots":{"index":"index","follow":"follow","max-snippet":"max-snippet:-1","max-image-preview":"max-image-preview:large","max-video-preview":"max-video-preview:-1"},"canonical":"https:\/\/www.herz-energie.at\/si\/podjetje\/izobrazevalni-center\/","og_locale":"de_DE","og_type":"article","og_title":"Izobra\u017eevalni center","og_description":"Izobra\u017eevalni center. Prakti\u010dna usposabljanja. \u0160olanje teorije.Obiski referen\u010dnih objektov.","og_url":"https:\/\/www.herz-energie.at\/si\/podjetje\/izobrazevalni-center\/","og_site_name":"HERZ Energietechnik","article_modified_time":"2025-06-25T10:28:34+00:00","twitter_card":"summary_large_image","twitter_misc":{"Gesch\u00e4tzte Lesezeit":"5\u00a0Minuten"},"schema":{"@context":"https:\/\/schema.org","@graph":[{"@type":"WebPage","@id":"https:\/\/www.herz-energie.at\/si\/podjetje\/izobrazevalni-center\/","url":"https:\/\/www.herz-energie.at\/si\/podjetje\/izobrazevalni-center\/","name":"Izobra\u017eevalni center - HERZ Energietechnik","isPartOf":{"@id":"https:\/\/www.herz-energie.at\/si\/#website"},"datePublished":"2016-09-06T14:10:43+00:00","dateModified":"2025-06-25T10:28:34+00:00","description":"Izobra\u017eevalni center. Prakti\u010dna usposabljanja. \u0160olanje teorije.Obiski referen\u010dnih objektov.","breadcrumb":{"@id":"https:\/\/www.herz-energie.at\/si\/podjetje\/izobrazevalni-center\/#breadcrumb"},"inLanguage":"de","potentialAction":[{"@type":"ReadAction","target":["https:\/\/www.herz-energie.at\/si\/podjetje\/izobrazevalni-center\/"]}]},{"@type":"BreadcrumbList","@id":"https:\/\/www.herz-energie.at\/si\/podjetje\/izobrazevalni-center\/#breadcrumb","itemListElement":[{"@type":"ListItem","position":1,"name":"Startseite","item":"https:\/\/www.herz-energie.at\/si\/"},{"@type":"ListItem","position":2,"name":"Podjetje","item":"https:\/\/www.herz-energie.at\/si\/podjetje\/"},{"@type":"ListItem","position":3,"name":"Izobra\u017eevalni center"}]},{"@type":"WebSite","@id":"https:\/\/www.herz-energie.at\/si\/#website","url":"https:\/\/www.herz-energie.at\/si\/","name":"HERZ Energietechnik","description":"Celoviti ponudnik obnovljivih virov energije","potentialAction":[{"@type":"SearchAction","target":{"@type":"EntryPoint","urlTemplate":"https:\/\/www.herz-energie.at\/si\/?s={search_term_string}"},"query-input":{"@type":"PropertyValueSpecification","valueRequired":true,"valueName":"search_term_string"}}],"inLanguage":"de"}]}},"_links":{"self":[{"href":"http:\/\/www.herz-energie.at\/si\/wp-json\/wp\/v2\/pages\/45","targetHints":{"allow":["GET"]}}],"collection":[{"href":"http:\/\/www.herz-energie.at\/si\/wp-json\/wp\/v2\/pages"}],"about":[{"href":"http:\/\/www.herz-energie.at\/si\/wp-json\/wp\/v2\/types\/page"}],"author":[{"embeddable":true,"href":"http:\/\/www.herz-energie.at\/si\/wp-json\/wp\/v2\/users\/1"}],"replies":[{"embeddable":true,"href":"http:\/\/www.herz-energie.at\/si\/wp-json\/wp\/v2\/comments?post=45"}],"version-history":[{"count":2,"href":"http:\/\/www.herz-energie.at\/si\/wp-json\/wp\/v2\/pages\/45\/revisions"}],"predecessor-version":[{"id":648,"href":"http:\/\/www.herz-energie.at\/si\/wp-json\/wp\/v2\/pages\/45\/revisions\/648"}],"up":[{"embeddable":true,"href":"http:\/\/www.herz-energie.at\/si\/wp-json\/wp\/v2\/pages\/16"}],"wp:attachment":[{"href":"http:\/\/www.herz-energie.at\/si\/wp-json\/wp\/v2\/media?parent=45"}],"curies":[{"name":"wp","href":"https:\/\/api.w.org\/{rel}","templated":true}]}}