{"id":139,"date":"2016-09-15T14:43:53","date_gmt":"2016-09-15T12:43:53","guid":{"rendered":"https:\/\/www.herz-energie.at\/si\/?page_id=139"},"modified":"2024-04-03T15:58:14","modified_gmt":"2024-04-03T13:58:14","slug":"toplotne-crpalke-commotherm-lw-a","status":"publish","type":"page","link":"http:\/\/www.herz-energie.at\/si\/proizvodi\/toplotne-crpalke\/toplotne-crpalke-commotherm-lw-a\/","title":{"rendered":"Toplotne \u010drpalke commotherm LW-A"},"content":{"rendered":"<p><div class=\"fusion-fullwidth fullwidth-box fusion-builder-row-1 nonhundred-percent-fullwidth non-hundred-percent-height-scrolling\" style=\"--awb-background-position:left top;--awb-border-sizes-top:0px;--awb-border-sizes-bottom:0px;--awb-border-sizes-left:0px;--awb-border-sizes-right:0px;--awb-border-radius-top-left:0px;--awb-border-radius-top-right:0px;--awb-border-radius-bottom-right:0px;--awb-border-radius-bottom-left:0px;\" ><div class=\"fusion-builder-row fusion-row\"><div class=\"fusion-layout-column fusion_builder_column fusion-builder-column-0 fusion_builder_column_2_5 2_5 fusion-two-fifth fusion-column-first\" style=\"--awb-padding-top:10px;--awb-padding-right:10px;--awb-padding-bottom:10px;--awb-padding-left:10px;--awb-bg-position:right bottom;--awb-bg-size:cover;\"><div class=\"fusion-column-wrapper fusion-flex-column-wrapper-legacy\"><div class=\"fusion-slider-sc fusion-flexslider-loading flexslider flexslider-hover-type-none\" data-slideshow_autoplay=\"1\" data-slideshow_smooth_height=\"0\" data-slideshow_speed=\"7000\" style=\"max-width:100%;height:100%;\"><ul class=\"slides\"><li class=\"image\"><span class=\"fusion-image-hover-element hover-type-none\"><img decoding=\"async\" src=\"https:\/\/www.herz-energie.at\/wp-content\/uploads\/2015\/10\/HERZ_Waermepumpe_commotherm_LW-A.jpg\" \/><\/span><\/li><li class=\"image\"><span class=\"fusion-image-hover-element hover-type-none\"><img decoding=\"async\" src=\"https:\/\/www.herz-energie.at\/wp-content\/uploads\/2016\/01\/LW-A_Aussenaufstellung_Skizze-2014-12.jpg\" \/><\/span><\/li><\/ul><\/div><div class=\"fusion-sep-clear\"><\/div><div class=\"fusion-separator fusion-full-width-sep\" style=\"margin-left: auto;margin-right: auto;margin-bottom:-70px;width:100%;\"><\/div><div class=\"fusion-sep-clear\"><\/div><div class=\"fusion-clearfix\"><\/div><\/div><\/div><div class=\"fusion-layout-column fusion_builder_column fusion-builder-column-1 fusion_builder_column_3_5 3_5 fusion-three-fifth fusion-column-last\" style=\"--awb-padding-top:10px;--awb-padding-right:10px;--awb-padding-bottom:10px;--awb-padding-left:10px;--awb-bg-position:right bottom;--awb-bg-size:cover;\"><div class=\"fusion-column-wrapper fusion-flex-column-wrapper-legacy\"><div class=\"fusion-text fusion-text-1\"><p style=\"letter-spacing: 4px; font-size: 13px; margin-bottom: 0px;\">OGREVANJE &#8211; HLAJENJE &#8211; PRIPRAVA SANITARNE TOPLE VODE S TOPLOTO NARAVE<\/p>\n<h1>Toplotne \u010drpalke commotherm LW-A<\/h1>\n<p><em>Mo\u010d ogrevanja od 8 do 17 kW<\/em><\/p>\n<\/div><div class=\"fusion-sep-clear\"><\/div><div class=\"fusion-separator fusion-clearfix\" style=\"float:left;margin-top:0px;margin-bottom:30px;width:100%;max-width:50px;\"><div class=\"fusion-separator-border sep-single sep-solid\" style=\"border-color:#e30613;border-top-width:1px;\"><\/div><\/div><div class=\"fusion-sep-clear\"><\/div><div class=\"fusion-text fusion-text-2\"><p><strong>Vir toplote je zrak<\/strong><\/p>\n<p>Toplotna \u010drpalka za zunanjo postavitev (zrak\/voda)<\/p>\n<p>Energijo okolja, ki je skrita v zraku okoli nas o\u010dinkovito uporabimo za ogrevanje oziroma za pripravo sanitarne tople vode, tudi pri temperaturah okolice do -20 \u00b0C.<\/p>\n<\/div><div class=\"fusion-clearfix\"><\/div><\/div><\/div><\/div><\/div><div class=\"fusion-fullwidth fullwidth-box fusion-builder-row-2 hundred-percent-fullwidth non-hundred-percent-height-scrolling\" style=\"--awb-border-radius-top-left:0px;--awb-border-radius-top-right:0px;--awb-border-radius-bottom-right:0px;--awb-border-radius-bottom-left:0px;--awb-overflow:visible;\" ><div class=\"fusion-builder-row fusion-row\"><div class=\"fusion-layout-column fusion_builder_column fusion-builder-column-2 fusion_builder_column_2_3 2_3 fusion-two-third fusion-column-first\" style=\"--awb-bg-size:cover;width:65.3333%; margin-right: 4%;\"><div class=\"fusion-column-wrapper fusion-flex-column-wrapper-legacy\"><div class=\"fusion-text fusion-text-3\"><h2>Glavne prednosti HERZ commotherm LW-A<\/h2>\n<\/div><div class=\"fusion-sep-clear\"><\/div><div class=\"fusion-separator fusion-clearfix\" style=\"float:left;margin-top:0px;margin-bottom:20px;width:100%;max-width:50px;\"><div class=\"fusion-separator-border sep-single sep-solid\" style=\"border-color:#e30613;border-top-width:1px;\"><\/div><\/div><div class=\"fusion-sep-clear\"><\/div><ul style=\"--awb-size:16px;--awb-iconcolor:#e30613;--awb-line-height:27.2px;--awb-icon-width:27.2px;--awb-icon-height:27.2px;--awb-icon-margin:11.2px;--awb-content-margin:38.4px;\" class=\"fusion-checklist fusion-checklist-1 fusion-checklist-default type-icons\"><li class=\"fusion-li-item\" style=\"\"><span class=\"icon-wrapper circle-no\"><i class=\"fusion-li-icon fa fa-check-circle\" aria-hidden=\"true\"><\/i><\/span><div class=\"fusion-li-item-content\">Toplotna \u010drpalka za zunanjo postavitev<\/div><\/li><li class=\"fusion-li-item\" style=\"\"><span class=\"icon-wrapper circle-no\"><i class=\"fusion-li-icon fa fa-check-circle\" aria-hidden=\"true\"><\/i><\/span><div class=\"fusion-li-item-content\">Pridobivanje toplote iz okoljskega zraka<\/div><\/li><li class=\"fusion-li-item\" style=\"\"><span class=\"icon-wrapper circle-no\"><i class=\"fusion-li-icon fa fa-check-circle\" aria-hidden=\"true\"><\/i><\/span><div class=\"fusion-li-item-content\">Potrebuje malo prostora za postavitev<\/div><\/li><li class=\"fusion-li-item\" style=\"\"><span class=\"icon-wrapper circle-no\"><i class=\"fusion-li-icon fa fa-check-circle\" aria-hidden=\"true\"><\/i><\/span><div class=\"fusion-li-item-content\">Nizki investicijski stro\u0161ki<\/div><\/li><li class=\"fusion-li-item\" style=\"\"><span class=\"icon-wrapper circle-no\"><i class=\"fusion-li-icon fa fa-check-circle\" aria-hidden=\"true\"><\/i><\/span><div class=\"fusion-li-item-content\">Visoka korozijska odpornost in dolga \u017eivljenjska doba<\/div><\/li><li class=\"fusion-li-item\" style=\"\"><span class=\"icon-wrapper circle-no\"><i class=\"fusion-li-icon fa fa-check-circle\" aria-hidden=\"true\"><\/i><\/span><div class=\"fusion-li-item-content\">Serijsko krmiljenje: 1 me\u0161alnega ogrevalnega kroga, 1 ogrevalnega kroga toplotne \u010drpalke, priprava sanitarne tople vode, upravljanje hranilnika toplote, krmiljenje solarnega sistema<\/div><\/li><\/ul><div class=\"fusion-sep-clear\"><\/div><div class=\"fusion-separator fusion-full-width-sep\" style=\"margin-left: auto;margin-right: auto;margin-top:60px;width:100%;\"><\/div><div class=\"fusion-sep-clear\"><\/div><div class=\"fusion-text fusion-text-4\"><h2 style=\"text-align: left;\">Razred energijske u\u010dinkovitosti pri temperaturi vtoka ogrevanja 35\u00b0C<\/h2>\n<\/div><div class=\"fusion-text fusion-text-5\"><p><img decoding=\"async\" class=\"wp-image-3372 size-full alignleft\" src=\"https:\/\/www.herz-energie.at\/wp-content\/uploads\/2015\/10\/Energielabel_Luft_WP-7e13bc52.png\" alt=\"\" width=\"100\" height=\"191\" \/><\/p>\n<div class=\"table-1\">\n<table style=\"height: 108px;\" width=\"100%\">\n<thead>\n<tr>\n<th align=\"left\"><strong>commotherm LW-A<\/strong><br \/>\ns krmilno elektroniko T-CONTROL (sistemska nalepka)<\/th>\n<th align=\"left\"><strong>A+++<\/strong><\/th>\n<\/tr>\n<\/thead>\n<\/table>\n<\/div>\n<p style=\"text-align: right;\">Ve\u010d informacij boste na\u0161li v bro\u0161uri izdelka!<\/p>\n<\/div><div class=\"fusion-clearfix\"><\/div><\/div><\/div><div class=\"fusion-layout-column fusion_builder_column fusion-builder-column-3 fusion_builder_column_1_3 1_3 fusion-one-third fusion-column-last\" style=\"--awb-bg-size:cover;--awb-border-color:#dddddd;--awb-border-top:1px;--awb-border-right:1px;--awb-border-bottom:1px;--awb-border-left:1px;--awb-border-style:solid;--awb-margin-bottom:20px;width:30.6666%;\"><div class=\"fusion-column-wrapper fusion-flex-column-wrapper-legacy\"><div class=\"fusion-image-element fusion-image-align-center in-legacy-container\" style=\"text-align:center;\"><div class=\"imageframe-align-center\"><span class=\" fusion-imageframe imageframe-none imageframe-1 hover-type-none\"><img decoding=\"async\" src=\"https:\/\/www.herz-energie.at\/wp-content\/uploads\/2015\/10\/Waermequelle-Luft.jpg\" alt class=\"img-responsive\"\/><\/span><\/div><\/div><style type='text\/css'>.reading-box-container-1 .element-bottomshadow:before,.reading-box-container-1 .element-bottomshadow:after{opacity:0.7;}<\/style><div class=\"fusion-reading-box-container reading-box-container-1\" style=\"margin-top:10px;margin-bottom:84px;\"><div class=\"reading-box reading-box-center\" style=\"background-color:#f4f4f4;border-width:0px;border-color:#f6f6f6;border-top-width:3px;border-top-color:var(--primary_color);border-style:solid;\"><div class=\"reading-box-additional\"><strong>Vir toplote<\/strong><br \/>\nje zrak<\/div><div class=\"fusion-clearfix\"><\/div><\/div><\/div><div class=\"fusion-sep-clear\"><\/div><div class=\"fusion-separator fusion-full-width-sep\" style=\"margin-left: auto;margin-right: auto;margin-top:-86px;margin-bottom:10px;width:100%;\"><\/div><div class=\"fusion-sep-clear\"><\/div><div class=\"fusion-image-element fusion-image-align-center in-legacy-container\" style=\"text-align:center;\"><div class=\"imageframe-align-center\"><span class=\" fusion-imageframe imageframe-none imageframe-2 hover-type-zoomin\"><a class=\"fusion-no-lightbox\" href=\"https:\/\/www.herz-energie.at\/si\/prenos\/?drawer=Prospekte%20=%20Brochures*Slovenian%20=%20Slowenisch\" target=\"_self\"><img decoding=\"async\" alt=\"Heizen mit W\u00e4rmepumpen\" src=\"https:\/\/www.herz-energie.at\/wp-content\/uploads\/2016\/03\/W\u00e4rmepumpen-Prospekt_Deutsch.jpg\" class=\"img-responsive\"\/><\/a><\/span><\/div><\/div><div class=\"fusion-sep-clear\"><\/div><div class=\"fusion-separator fusion-full-width-sep\" style=\"margin-left: auto;margin-right: auto;margin-bottom:-17px;width:100%;\"><\/div><div class=\"fusion-sep-clear\"><\/div><style type='text\/css'>.reading-box-container-2 .element-bottomshadow:before,.reading-box-container-2 .element-bottomshadow:after{opacity:0.7;}<\/style><div class=\"fusion-reading-box-container reading-box-container-2\" style=\"margin-top:0px;margin-bottom:84px;\"><div class=\"reading-box reading-box-center\" style=\"background-color:#f4f4f4;border-width:0px;border-color:#f6f6f6;border-top-width:3px;border-top-color:var(--primary_color);border-style:solid;\"><div class=\"reading-box-additional\"><a href=\"https:\/\/www.herz-energie.at\/si\/prenos\/?drawer=Prospekte%20=%20Brochures*Slovenian%20=%20Slowenisch\"><i class=\"fa fa-angle-right\" style=\"font-weight: bold; color: red;\"><\/i> <strong>Ogrevanje s toplotno \u010drpalko<\/strong><\/a><br \/>\nVe\u010d informacij boste na\u0161li v bro\u0161uri izdelka!<\/div><div class=\"fusion-clearfix\"><\/div><\/div><\/div><div class=\"fusion-sep-clear\"><\/div><div class=\"fusion-separator fusion-full-width-sep\" style=\"margin-left: auto;margin-right: auto;margin-top:-86px;margin-bottom:50px;width:100%;\"><\/div><div class=\"fusion-sep-clear\"><\/div><div class=\"fusion-image-element fusion-image-align-center in-legacy-container\" style=\"text-align:center;\"><div class=\"imageframe-align-center\"><span class=\" fusion-imageframe imageframe-none imageframe-3 hover-type-none\"><a class=\"fusion-no-lightbox\" href=\"http:\/\/www.waermepumpe-austria.at\/\" target=\"_blank\" rel=\"noopener noreferrer\"><img decoding=\"async\" src=\"https:\/\/www.herz-energie.at\/wp-content\/uploads\/2016\/04\/Partner-Waermepumpe-Austria-logo-150x150.jpg\" alt class=\"img-responsive\"\/><\/a><\/span><\/div><\/div><div class=\"fusion-image-element fusion-image-align-center in-legacy-container\" style=\"text-align:center;\"><div class=\"imageframe-align-center\"><span class=\" fusion-imageframe imageframe-none imageframe-4 hover-type-none\"><a class=\"fusion-no-lightbox\" href=\"http:\/\/www.ehpa.org\/ehpa-quality-label\" target=\"_blank\" rel=\"noopener noreferrer\"><img decoding=\"async\" src=\"https:\/\/www.herz-energie.at\/wp-content\/uploads\/2016\/01\/EHPA_Guetesiegel_185x185-150x150.jpg\" alt class=\"img-responsive\"\/><\/a><\/span><\/div><\/div><div class=\"fusion-image-element fusion-image-align-center in-legacy-container\" style=\"text-align:center;\"><div class=\"imageframe-align-center\"><span class=\" fusion-imageframe imageframe-none imageframe-5 hover-type-none\"><img decoding=\"async\" src=\"https:\/\/www.herz-energie.at\/wp-content\/uploads\/2015\/10\/Qualitaetsnetzwerk-Waermepumpe.png\" alt class=\"img-responsive\"\/><\/span><\/div><\/div><div class=\"fusion-sep-clear\"><\/div><div class=\"fusion-separator fusion-full-width-sep\" style=\"margin-left: auto;margin-right: auto;margin-bottom:50px;width:100%;\"><\/div><div class=\"fusion-sep-clear\"><\/div><div class=\"fusion-clearfix\"><\/div><\/div><\/div><\/div><\/div><\/p>","protected":false},"excerpt":{"rendered":"","protected":false},"author":1,"featured_media":0,"parent":56,"menu_order":0,"comment_status":"closed","ping_status":"closed","template":"","meta":{"footnotes":""},"class_list":["post-139","page","type-page","status-publish","hentry"],"yoast_head":"<!-- This site is optimized with the Yoast SEO Premium plugin v25.2 (Yoast SEO v25.2) - https:\/\/yoast.com\/wordpress\/plugins\/seo\/ -->\n<title>Toplotne \u010drpalke commotherm LW-A - HERZ Energietechnik<\/title>\n<meta name=\"robots\" content=\"index, follow, max-snippet:-1, max-image-preview:large, max-video-preview:-1\" \/>\n<link rel=\"canonical\" href=\"http:\/\/www.herz-energie.at\/si\/proizvodi\/toplotne-crpalke\/toplotne-crpalke-commotherm-lw-a\/\" \/>\n<meta property=\"og:locale\" content=\"de_DE\" \/>\n<meta property=\"og:type\" content=\"article\" \/>\n<meta property=\"og:title\" content=\"Toplotne \u010drpalke commotherm LW-A\" \/>\n<meta property=\"og:url\" content=\"http:\/\/www.herz-energie.at\/si\/proizvodi\/toplotne-crpalke\/toplotne-crpalke-commotherm-lw-a\/\" \/>\n<meta property=\"og:site_name\" content=\"HERZ Energietechnik\" \/>\n<meta property=\"article:modified_time\" content=\"2024-04-03T13:58:14+00:00\" \/>\n<meta property=\"og:image\" content=\"https:\/\/www.herz-energie.at\/wp-content\/uploads\/2015\/10\/Energielabel_Luft_WP-7e13bc52.png\" \/>\n<meta name=\"twitter:card\" content=\"summary_large_image\" \/>\n<meta name=\"twitter:label1\" content=\"Gesch\u00e4tzte Lesezeit\" \/>\n\t<meta name=\"twitter:data1\" content=\"6\u00a0Minuten\" \/>\n<script type=\"application\/ld+json\" class=\"yoast-schema-graph\">{\"@context\":\"https:\/\/schema.org\",\"@graph\":[{\"@type\":\"WebPage\",\"@id\":\"http:\/\/www.herz-energie.at\/si\/proizvodi\/toplotne-crpalke\/toplotne-crpalke-commotherm-lw-a\/\",\"url\":\"http:\/\/www.herz-energie.at\/si\/proizvodi\/toplotne-crpalke\/toplotne-crpalke-commotherm-lw-a\/\",\"name\":\"Toplotne \u010drpalke commotherm LW-A - HERZ Energietechnik\",\"isPartOf\":{\"@id\":\"http:\/\/www.herz-energie.at\/si\/#website\"},\"primaryImageOfPage\":{\"@id\":\"http:\/\/www.herz-energie.at\/si\/proizvodi\/toplotne-crpalke\/toplotne-crpalke-commotherm-lw-a\/#primaryimage\"},\"image\":{\"@id\":\"http:\/\/www.herz-energie.at\/si\/proizvodi\/toplotne-crpalke\/toplotne-crpalke-commotherm-lw-a\/#primaryimage\"},\"thumbnailUrl\":\"https:\/\/www.herz-energie.at\/wp-content\/uploads\/2015\/10\/Energielabel_Luft_WP-7e13bc52.png\",\"datePublished\":\"2016-09-15T12:43:53+00:00\",\"dateModified\":\"2024-04-03T13:58:14+00:00\",\"breadcrumb\":{\"@id\":\"http:\/\/www.herz-energie.at\/si\/proizvodi\/toplotne-crpalke\/toplotne-crpalke-commotherm-lw-a\/#breadcrumb\"},\"inLanguage\":\"de\",\"potentialAction\":[{\"@type\":\"ReadAction\",\"target\":[\"http:\/\/www.herz-energie.at\/si\/proizvodi\/toplotne-crpalke\/toplotne-crpalke-commotherm-lw-a\/\"]}]},{\"@type\":\"ImageObject\",\"inLanguage\":\"de\",\"@id\":\"http:\/\/www.herz-energie.at\/si\/proizvodi\/toplotne-crpalke\/toplotne-crpalke-commotherm-lw-a\/#primaryimage\",\"url\":\"https:\/\/www.herz-energie.at\/wp-content\/uploads\/2015\/10\/Energielabel_Luft_WP-7e13bc52.png\",\"contentUrl\":\"https:\/\/www.herz-energie.at\/wp-content\/uploads\/2015\/10\/Energielabel_Luft_WP-7e13bc52.png\"},{\"@type\":\"BreadcrumbList\",\"@id\":\"http:\/\/www.herz-energie.at\/si\/proizvodi\/toplotne-crpalke\/toplotne-crpalke-commotherm-lw-a\/#breadcrumb\",\"itemListElement\":[{\"@type\":\"ListItem\",\"position\":1,\"name\":\"Startseite\",\"item\":\"http:\/\/www.herz-energie.at\/si\/\"},{\"@type\":\"ListItem\",\"position\":2,\"name\":\"Proizvodi\",\"item\":\"http:\/\/www.herz-energie.at\/si\/proizvodi\/\"},{\"@type\":\"ListItem\",\"position\":3,\"name\":\"Toplotne \u010drpalke\",\"item\":\"https:\/\/www.herz-energie.at\/si\/proizvodi\/toplotne-crpalke\/\"},{\"@type\":\"ListItem\",\"position\":4,\"name\":\"Toplotne \u010drpalke commotherm LW-A\"}]},{\"@type\":\"WebSite\",\"@id\":\"http:\/\/www.herz-energie.at\/si\/#website\",\"url\":\"http:\/\/www.herz-energie.at\/si\/\",\"name\":\"HERZ Energietechnik\",\"description\":\"Celoviti ponudnik obnovljivih virov energije\",\"potentialAction\":[{\"@type\":\"SearchAction\",\"target\":{\"@type\":\"EntryPoint\",\"urlTemplate\":\"http:\/\/www.herz-energie.at\/si\/?s={search_term_string}\"},\"query-input\":{\"@type\":\"PropertyValueSpecification\",\"valueRequired\":true,\"valueName\":\"search_term_string\"}}],\"inLanguage\":\"de\"}]}<\/script>\n<!-- \/ Yoast SEO Premium plugin. -->","yoast_head_json":{"title":"Toplotne \u010drpalke commotherm LW-A - HERZ Energietechnik","robots":{"index":"index","follow":"follow","max-snippet":"max-snippet:-1","max-image-preview":"max-image-preview:large","max-video-preview":"max-video-preview:-1"},"canonical":"http:\/\/www.herz-energie.at\/si\/proizvodi\/toplotne-crpalke\/toplotne-crpalke-commotherm-lw-a\/","og_locale":"de_DE","og_type":"article","og_title":"Toplotne \u010drpalke commotherm LW-A","og_url":"http:\/\/www.herz-energie.at\/si\/proizvodi\/toplotne-crpalke\/toplotne-crpalke-commotherm-lw-a\/","og_site_name":"HERZ Energietechnik","article_modified_time":"2024-04-03T13:58:14+00:00","og_image":[{"url":"https:\/\/www.herz-energie.at\/wp-content\/uploads\/2015\/10\/Energielabel_Luft_WP-7e13bc52.png","type":"","width":"","height":""}],"twitter_card":"summary_large_image","twitter_misc":{"Gesch\u00e4tzte Lesezeit":"6\u00a0Minuten"},"schema":{"@context":"https:\/\/schema.org","@graph":[{"@type":"WebPage","@id":"http:\/\/www.herz-energie.at\/si\/proizvodi\/toplotne-crpalke\/toplotne-crpalke-commotherm-lw-a\/","url":"http:\/\/www.herz-energie.at\/si\/proizvodi\/toplotne-crpalke\/toplotne-crpalke-commotherm-lw-a\/","name":"Toplotne \u010drpalke commotherm LW-A - HERZ Energietechnik","isPartOf":{"@id":"http:\/\/www.herz-energie.at\/si\/#website"},"primaryImageOfPage":{"@id":"http:\/\/www.herz-energie.at\/si\/proizvodi\/toplotne-crpalke\/toplotne-crpalke-commotherm-lw-a\/#primaryimage"},"image":{"@id":"http:\/\/www.herz-energie.at\/si\/proizvodi\/toplotne-crpalke\/toplotne-crpalke-commotherm-lw-a\/#primaryimage"},"thumbnailUrl":"https:\/\/www.herz-energie.at\/wp-content\/uploads\/2015\/10\/Energielabel_Luft_WP-7e13bc52.png","datePublished":"2016-09-15T12:43:53+00:00","dateModified":"2024-04-03T13:58:14+00:00","breadcrumb":{"@id":"http:\/\/www.herz-energie.at\/si\/proizvodi\/toplotne-crpalke\/toplotne-crpalke-commotherm-lw-a\/#breadcrumb"},"inLanguage":"de","potentialAction":[{"@type":"ReadAction","target":["http:\/\/www.herz-energie.at\/si\/proizvodi\/toplotne-crpalke\/toplotne-crpalke-commotherm-lw-a\/"]}]},{"@type":"ImageObject","inLanguage":"de","@id":"http:\/\/www.herz-energie.at\/si\/proizvodi\/toplotne-crpalke\/toplotne-crpalke-commotherm-lw-a\/#primaryimage","url":"https:\/\/www.herz-energie.at\/wp-content\/uploads\/2015\/10\/Energielabel_Luft_WP-7e13bc52.png","contentUrl":"https:\/\/www.herz-energie.at\/wp-content\/uploads\/2015\/10\/Energielabel_Luft_WP-7e13bc52.png"},{"@type":"BreadcrumbList","@id":"http:\/\/www.herz-energie.at\/si\/proizvodi\/toplotne-crpalke\/toplotne-crpalke-commotherm-lw-a\/#breadcrumb","itemListElement":[{"@type":"ListItem","position":1,"name":"Startseite","item":"http:\/\/www.herz-energie.at\/si\/"},{"@type":"ListItem","position":2,"name":"Proizvodi","item":"http:\/\/www.herz-energie.at\/si\/proizvodi\/"},{"@type":"ListItem","position":3,"name":"Toplotne \u010drpalke","item":"https:\/\/www.herz-energie.at\/si\/proizvodi\/toplotne-crpalke\/"},{"@type":"ListItem","position":4,"name":"Toplotne \u010drpalke commotherm LW-A"}]},{"@type":"WebSite","@id":"http:\/\/www.herz-energie.at\/si\/#website","url":"http:\/\/www.herz-energie.at\/si\/","name":"HERZ Energietechnik","description":"Celoviti ponudnik obnovljivih virov energije","potentialAction":[{"@type":"SearchAction","target":{"@type":"EntryPoint","urlTemplate":"http:\/\/www.herz-energie.at\/si\/?s={search_term_string}"},"query-input":{"@type":"PropertyValueSpecification","valueRequired":true,"valueName":"search_term_string"}}],"inLanguage":"de"}]}},"_links":{"self":[{"href":"http:\/\/www.herz-energie.at\/si\/wp-json\/wp\/v2\/pages\/139","targetHints":{"allow":["GET"]}}],"collection":[{"href":"http:\/\/www.herz-energie.at\/si\/wp-json\/wp\/v2\/pages"}],"about":[{"href":"http:\/\/www.herz-energie.at\/si\/wp-json\/wp\/v2\/types\/page"}],"author":[{"embeddable":true,"href":"http:\/\/www.herz-energie.at\/si\/wp-json\/wp\/v2\/users\/1"}],"replies":[{"embeddable":true,"href":"http:\/\/www.herz-energie.at\/si\/wp-json\/wp\/v2\/comments?post=139"}],"version-history":[{"count":1,"href":"http:\/\/www.herz-energie.at\/si\/wp-json\/wp\/v2\/pages\/139\/revisions"}],"predecessor-version":[{"id":631,"href":"http:\/\/www.herz-energie.at\/si\/wp-json\/wp\/v2\/pages\/139\/revisions\/631"}],"up":[{"embeddable":true,"href":"http:\/\/www.herz-energie.at\/si\/wp-json\/wp\/v2\/pages\/56"}],"wp:attachment":[{"href":"http:\/\/www.herz-energie.at\/si\/wp-json\/wp\/v2\/media?parent=139"}],"curies":[{"name":"wp","href":"https:\/\/api.w.org\/{rel}","templated":true}]}}