{"id":15,"date":"2016-01-28T10:54:58","date_gmt":"2016-01-28T09:54:58","guid":{"rendered":"https:\/\/www.herz-energie.at\/ru\/?page_id=15"},"modified":"2025-06-25T12:28:31","modified_gmt":"2025-06-25T10:28:31","slug":"uchebnyy-tsentr","status":"publish","type":"page","link":"http:\/\/www.herz-energie.at\/ru\/kompaniya\/uchebnyy-tsentr\/","title":{"rendered":"\u0423\u0447\u0435\u0431\u043d\u044b\u0439 \u0446\u0435\u043d\u0442\u0440"},"content":{"rendered":"<p><div class=\"fusion-fullwidth fullwidth-box fusion-builder-row-1 nonhundred-percent-fullwidth non-hundred-percent-height-scrolling\" style=\"--awb-background-position:left bottom;--awb-border-radius-top-left:0px;--awb-border-radius-top-right:0px;--awb-border-radius-bottom-right:0px;--awb-border-radius-bottom-left:0px;\" ><div class=\"fusion-builder-row fusion-row\"><div class=\"fusion-layout-column fusion_builder_column fusion-builder-column-0 fusion_builder_column_3_4 3_4 fusion-three-fourth fusion-column-first\" style=\"--awb-padding-top:10px;--awb-padding-left:20px;--awb-overflow:hidden;--awb-bg-color:rgba(0,102,65,0.97);--awb-bg-size:cover;--awb-box-shadow:-20px 0px 0px #004f38;;--awb-border-color:#ffffff;--awb-border-style:solid;--awb-border-radius:0px 20px 20px 0px;width:75%;width:calc(75% - ( ( 4% ) * 0.75 ) );margin-right: 4%;\"><div class=\"fusion-column-wrapper fusion-column-has-shadow fusion-flex-column-wrapper-legacy\"><div class=\"fusion-text fusion-text-1\"><p style=\"letter-spacing: 4px; font-size: 13px; margin-bottom: 0px; color: #ffffff;\">\u041a\u041e\u041c\u041f\u0415\u0422\u0415\u041d\u0422\u041d\u041e\u0421\u0422\u042c \u2013 \u0417\u0410\u041b\u041e\u0413 \u041d\u0410\u0428\u0415\u0413\u041e \u0423\u0421\u041f\u0415\u0425\u0410<\/p>\n<h1><span style=\"color: #ffffff;\">HERZ-\u043e\u0431\u0443\u0447\u0435\u043d\u0438\u044f<\/span><\/h1>\n<\/div><div class=\"fusion-clearfix\"><\/div><\/div><\/div><\/div><\/div><div class=\"fusion-fullwidth fullwidth-box fusion-builder-row-2 hundred-percent-fullwidth non-hundred-percent-height-scrolling\" style=\"--awb-border-radius-top-left:0px;--awb-border-radius-top-right:0px;--awb-border-radius-bottom-right:0px;--awb-border-radius-bottom-left:0px;--awb-overflow:visible;\" ><div class=\"fusion-builder-row fusion-row\"><div class=\"fusion-layout-column fusion_builder_column fusion-builder-column-1 fusion_builder_column_1_1 1_1 fusion-one-full fusion-column-first fusion-column-last fusion-column-no-min-height\" style=\"--awb-bg-size:cover;--awb-margin-top:0px;--awb-margin-bottom:0px;\"><div class=\"fusion-column-wrapper fusion-flex-column-wrapper-legacy\"><ul style=\"--awb-size:18px;--awb-line-height:30.6px;--awb-icon-width:30.6px;--awb-icon-height:30.6px;--awb-icon-margin:12.6px;--awb-content-margin:43.2px;--awb-circlecolor:#e30613;--awb-circle-yes-font-size:15.84px;\" class=\"fusion-checklist fusion-checklist-1 fusion-checklist-default type-icons\"><li class=\"fusion-li-item\" style=\"\"><span class=\"icon-wrapper circle-yes\"><i class=\"fusion-li-icon fa fa-search\" aria-hidden=\"true\"><\/i><\/span><div class=\"fusion-li-item-content\"><strong>\u041e\u0431\u0437\u043e\u0440 \u0432\u0441\u0435\u0445 \u0441\u0435\u043c\u0438\u043d\u0430\u0440\u043e\u0432:<\/strong><\/div><\/li><\/ul><div class=\"fusion-clearfix\"><\/div><\/div><\/div><\/div><\/div><div class=\"fusion-fullwidth fullwidth-box fusion-builder-row-3 nonhundred-percent-fullwidth non-hundred-percent-height-scrolling\" style=\"--awb-background-position:left top;--awb-border-radius-top-left:0px;--awb-border-radius-top-right:0px;--awb-border-radius-bottom-right:0px;--awb-border-radius-bottom-left:0px;--awb-border-sizes-top:0px;--awb-border-sizes-bottom:0px;\" ><div class=\"fusion-builder-row fusion-row\"><div class=\"fusion-layout-column fusion_builder_column fusion-builder-column-2 fusion_builder_column_1_1 1_1 fusion-one-full fusion-column-first fusion-column-last\" style=\"--awb-padding-top:5px;--awb-padding-right:5px;--awb-padding-bottom:5px;--awb-padding-left:5px;--awb-bg-color:#f4f4f4;--awb-bg-size:cover;--awb-border-color:#dddddd;--awb-border-top:1px;--awb-border-right:1px;--awb-border-bottom:1px;--awb-border-left:1px;--awb-border-style:solid;--awb-margin-top:10px;\"><div class=\"fusion-column-wrapper fusion-flex-column-wrapper-legacy\"><div class=\"fusion-text fusion-text-2\"><p><strong>\u041f\u0440\u0430\u043a\u0442\u0438\u0447\u0435\u0441\u043a\u0438\u0435 \u043a\u0443\u0440\u0441\u044b \u043e\u0431\u0443\u0447\u0435\u043d\u0438\u044f<\/strong><\/p>\n<\/div><ul style=\"--awb-size:16px;--awb-iconcolor:#e30613;--awb-line-height:27.2px;--awb-icon-width:27.2px;--awb-icon-height:27.2px;--awb-icon-margin:11.2px;--awb-content-margin:38.4px;\" class=\"fusion-checklist fusion-checklist-2 fusion-checklist-default type-icons\"><li class=\"fusion-li-item\" style=\"\"><span class=\"icon-wrapper circle-no\"><i class=\"fusion-li-icon fa fa-caret-right\" aria-hidden=\"true\"><\/i><\/span><div class=\"fusion-li-item-content\">\u0434\u043b\u044f \u0442\u0440\u0443\u0431\u043e\u0447\u0438\u0441\u0442\u043d\u044b\u0445 \u043c\u0430\u0441\u0442\u0435\u0440\u043e\u0432<\/div><\/li><li class=\"fusion-li-item\" style=\"\"><span class=\"icon-wrapper circle-no\"><i class=\"fusion-li-icon fa fa-caret-right\" aria-hidden=\"true\"><\/i><\/span><div class=\"fusion-li-item-content\">\u0434\u043b\u044f \u043c\u0435\u0445\u0430\u043d\u0438\u043a\u043e\u0432-\u043c\u043e\u043d\u0442\u0430\u0436\u043d\u0438\u043a\u043e\u0432<\/div><\/li><li class=\"fusion-li-item\" style=\"\"><span class=\"icon-wrapper circle-no\"><i class=\"fusion-li-icon fa fa-caret-right\" aria-hidden=\"true\"><\/i><\/span><div class=\"fusion-li-item-content\">\u0434\u043b\u044f \u0441\u0435\u0440\u0432\u0438\u0441\u043d\u044b\u0445 \u0442\u0435\u0445\u043d\u0438\u043a\u043e\u0432<\/div><\/li><li class=\"fusion-li-item\" style=\"\"><span class=\"icon-wrapper circle-no\"><i class=\"fusion-li-icon fa fa-caret-right\" aria-hidden=\"true\"><\/i><\/span><div class=\"fusion-li-item-content\">\u0434\u043b\u044f \u0442\u0435\u0445\u043d\u0438\u0447\u0435\u0441\u043a\u0438\u0445 \u0441\u043f\u0435\u0446\u0438\u0430\u043b\u0438\u0441\u0442\u043e\u0432 \u0438 \u0441\u043f\u0435\u0446\u0438\u0430\u043b\u0438\u0441\u0442\u043e\u0432 \u043f\u043e \u0432\u0432\u0435\u0434\u0435\u043d\u0438\u0435 \u0432 \u044d\u043a\u0441\u043f\u043b\u0443\u0430\u0442\u0430\u0446\u0438\u044e<\/div><\/li><\/ul><div class=\"fusion-clearfix\"><\/div><\/div><\/div><div class=\"fusion-layout-column fusion_builder_column fusion-builder-column-3 fusion_builder_column_1_1 1_1 fusion-one-full fusion-column-first fusion-column-last\" style=\"--awb-padding-top:5px;--awb-padding-right:5px;--awb-padding-bottom:5px;--awb-padding-left:5px;--awb-bg-color:#f4f4f4;--awb-bg-size:cover;--awb-border-color:#dddddd;--awb-border-top:1px;--awb-border-right:1px;--awb-border-bottom:1px;--awb-border-left:1px;--awb-border-style:solid;--awb-margin-top:10px;\"><div class=\"fusion-column-wrapper fusion-flex-column-wrapper-legacy\"><div class=\"fusion-text fusion-text-3\"><p><strong>\u0422\u0435\u043e\u0440\u0435\u0442\u0438\u0447\u0435\u0441\u043a\u0438\u0435 \u043a\u0443\u0440\u0441\u044b \u043e\u0431\u0443\u0447\u0435\u043d\u0438\u044f<\/strong><\/p>\n<\/div><ul style=\"--awb-size:16px;--awb-iconcolor:#e30613;--awb-line-height:27.2px;--awb-icon-width:27.2px;--awb-icon-height:27.2px;--awb-icon-margin:11.2px;--awb-content-margin:38.4px;\" class=\"fusion-checklist fusion-checklist-3 fusion-checklist-default type-icons\"><li class=\"fusion-li-item\" style=\"\"><span class=\"icon-wrapper circle-no\"><i class=\"fusion-li-icon fa fa-caret-right\" aria-hidden=\"true\"><\/i><\/span><div class=\"fusion-li-item-content\">\u042d\u043a\u0441\u043a\u0443\u0440\u0441\u0438\u044f \u043f\u043e \u043f\u0440\u0435\u0434\u043f\u0440\u0438\u044f\u0442\u0438\u044e<\/div><\/li><li class=\"fusion-li-item\" style=\"\"><span class=\"icon-wrapper circle-no\"><i class=\"fusion-li-icon fa fa-caret-right\" aria-hidden=\"true\"><\/i><\/span><div class=\"fusion-li-item-content\">\u041e\u0431\u0443\u0447\u0435\u043d\u0438\u0435 \u0442\u0435\u0445\u043d\u0438\u043a\u0435 \u0441\u0431\u044b\u0442\u0430 \u043f\u0440\u043e\u0434\u0443\u043a\u0446\u0438\u0438<\/div><\/li><li class=\"fusion-li-item\" style=\"\"><span class=\"icon-wrapper circle-no\"><i class=\"fusion-li-icon fa fa-caret-right\" aria-hidden=\"true\"><\/i><\/span><div class=\"fusion-li-item-content\">\u041e\u0431\u0443\u0447\u0435\u043d\u0438\u0435 \u0434\u043b\u044f \u0441\u0438\u0441\u0442\u0435\u043c\u044b \u0443\u043f\u0440\u0430\u0432\u043b\u0435\u043d\u0438\u044f<\/div><\/li><li class=\"fusion-li-item\" style=\"\"><span class=\"icon-wrapper circle-no\"><i class=\"fusion-li-icon fa fa-caret-right\" aria-hidden=\"true\"><\/i><\/span><div class=\"fusion-li-item-content\">\u041e\u0431\u0443\u0447\u0435\u043d\u0438\u0435 \u043f\u0440\u043e\u0435\u043a\u0442\u0438\u0440\u043e\u0432\u0430\u043d\u0438\u044e<\/div><\/li><\/ul><div class=\"fusion-clearfix\"><\/div><\/div><\/div><\/div><\/div><div class=\"fusion-fullwidth fullwidth-box fusion-builder-row-4 hundred-percent-fullwidth non-hundred-percent-height-scrolling\" style=\"--awb-border-radius-top-left:0px;--awb-border-radius-top-right:0px;--awb-border-radius-bottom-right:0px;--awb-border-radius-bottom-left:0px;--awb-overflow:visible;\" ><div class=\"fusion-builder-row fusion-row\"><div class=\"fusion-layout-column fusion_builder_column fusion-builder-column-4 fusion_builder_column_1_1 1_1 fusion-one-full fusion-column-first fusion-column-last fusion-column-no-min-height\" style=\"--awb-bg-size:cover;--awb-margin-top:0px;--awb-margin-bottom:0px;\"><div class=\"fusion-column-wrapper fusion-flex-column-wrapper-legacy\"><ul style=\"--awb-size:18px;--awb-line-height:30.6px;--awb-icon-width:30.6px;--awb-icon-height:30.6px;--awb-icon-margin:12.6px;--awb-content-margin:43.2px;--awb-circlecolor:#e30613;--awb-circle-yes-font-size:15.84px;\" class=\"fusion-checklist fusion-checklist-4 fusion-checklist-default type-icons\"><li class=\"fusion-li-item\" style=\"\"><span class=\"icon-wrapper circle-yes\"><i class=\"fusion-li-icon fa fa-home\" aria-hidden=\"true\"><\/i><\/span><div class=\"fusion-li-item-content\"><strong>\u041f\u043e\u0441\u0435\u0449\u0435\u043d\u0438\u0435 \u043a\u043e\u0442\u0435\u043b\u044c\u043d\u044b\u0445<\/strong><\/div><\/li><\/ul><div class=\"fusion-text fusion-text-4\"><p>\u041a\u043e\u043c\u043f\u0430\u043d\u0438\u044f \u0413\u0415\u0420\u0426 \u0435\u0436\u0435\u0433\u043e\u0434\u043d\u043e \u043f\u0440\u043e\u0432\u043e\u0434\u0438\u0442 \u0432 \u0441\u0432\u043e\u0451\u043c \u0443\u0447\u0435\u0431\u043d\u043e\u043c \u0446\u0435\u043d\u0442\u0440\u0435 \u0432 \u0433\u043e\u0440\u043e\u0434\u0435 \u041f\u0438\u043d\u043a\u0430\u0444\u0435\u043b\u044c\u0434 (\u0410\u0432\u0441\u0442\u0440\u0438\u044f) \u043e\u043a\u043e\u043b\u043e 270 \u0441\u0435\u043c\u0438\u043d\u0430\u0440\u043e\u0432, \u044d\u0442\u043e \u044d\u043a\u0441\u043a\u0443\u0440\u0441\u0438\u0438 \u043f\u043e \u043f\u0440\u043e\u0438\u0437\u0432\u043e\u0434\u0441\u0442\u0432\u0443 \u0434\u043b\u044f \u0434\u0438\u0441\u0442\u0440\u0438\u0431\u044c\u044e\u0442\u043e\u0440\u043e\u0432, \u043f\u0440\u043e\u0435\u043a\u0442\u0430\u043d\u0442\u043e\u0432 \u0438 \u0442\u0435\u0445\u043d\u0438\u0447\u0435\u0441\u043a\u0438\u0445 \u0441\u043f\u0435\u0446\u0438\u0430\u043b\u0438\u0441\u0442\u043e\u0432, \u043c\u043e\u043d\u0442\u0430\u0436\u043d\u0438\u043a\u043e\u0432, \u0438\u043d\u0436\u0435\u043d\u0435\u0440\u043e\u0432-\u043a\u043e\u0442\u0435\u043b\u044c\u0449\u0438\u043a\u043e\u0432, \u0430 \u0442\u0430\u043a\u0436\u0435 \u0434\u043b\u044f \u0440\u0430\u0437\u043b\u0438\u0447\u043d\u044b\u0445 \u043e\u0431\u0440\u0430\u0437\u043e\u0432\u0430\u0442\u0435\u043b\u044c\u043d\u043e-\u0442\u0435\u0445\u043d\u0438\u0447\u0435\u0441\u043a\u0438\u0445 \u0443\u0447\u0440\u0435\u0436\u0434\u0435\u043d\u0438\u0439, \u043a\u0430\u043a \u043c\u0435\u0441\u0442\u043d\u044b\u0445, \u0442\u0430\u043a \u0438 \u0437\u0430\u0440\u0443\u0431\u0435\u0436\u043d\u044b\u0445. \u0422\u0430\u043a, \u043d\u0430\u043f\u0440\u0438\u043c\u0435\u0440, \u0432 \u043f\u0440\u043e\u0448\u043b\u043e\u043c \u0433\u043e\u0434\u0443 \u0432 \u0442\u0430\u043a\u0438\u0445 \u0441\u0435\u043c\u0438\u043d\u0430\u0440\u0430\u0445 \u043f\u0440\u0438\u043d\u044f\u043b\u0438 \u0443\u0447\u0430\u0441\u0442\u0438\u0435 \u043e\u043a\u043e\u043b\u043e 3000 \u0447\u0435\u043b\u043e\u0432\u0435\u043a \u0438\u0437 23 \u0441\u0442\u0440\u0430\u043d \u0415\u0432\u0440\u043e\u043f\u044b \u0438 \u0421\u0435\u0432\u0435\u0440\u043d\u043e\u0439 \u0410\u043c\u0435\u0440\u0438\u043a\u0438.<\/p>\n<p>\u0421\u043e\u0432\u0440\u0435\u043c\u0435\u043d\u043d\u044b\u0439 \u0443\u0447\u0435\u0431\u043d\u044b\u0439 \u043a\u043b\u0430\u0441\u0441 \u0434\u0430\u0435\u0442 \u0432\u043e\u0437\u043c\u043e\u0436\u043d\u043e\u0441\u0442\u044c \u043e\u0442\u0440\u0430\u0431\u043e\u0442\u0430\u0442\u044c \u043f\u043e\u043b\u0443\u0447\u0435\u043d\u043d\u044b\u0435 \u0442\u0435\u043e\u0440\u0435\u0442\u0438\u0447\u0435\u0441\u043a\u0438\u0435 \u0437\u043d\u0430\u043d\u0438\u044f \u043d\u0430 \u043f\u0440\u0430\u043a\u0442\u0438\u043a\u0435, \u0442\u0430\u043a \u043a\u0430\u043a \u043e\u0431\u0443\u0447\u0435\u043d\u0438\u044f \u043f\u0440\u043e\u0432\u043e\u0434\u044f\u0442\u0441\u044f \u043d\u0435\u043f\u043e\u0441\u0440\u0435\u0434\u0441\u0442\u0432\u0435\u043d\u043d\u043e \u043d\u0430 \u0440\u0430\u0431\u043e\u0447\u0438\u0445 \u043a\u043e\u0442\u043b\u0430\u0445 \u0438 \u0442\u0435\u043f\u043b\u043e\u0432\u044b\u0445 \u043d\u0430\u0441\u043e\u0441\u0430\u0445. \u0412\u0441\u0435 \u043e\u0431\u0443\u0447\u0435\u043d\u0438\u044f \u043f\u0440\u043e\u0445\u043e\u0434\u044f\u0442 \u0432 \u043f\u0440\u0438\u044f\u0442\u043d\u043e\u0439 \u0438 \u0434\u0440\u0443\u0436\u0435\u0441\u043a\u043e\u0439 \u0430\u0442\u043c\u043e\u0441\u0444\u0435\u0440\u0435, \u0447\u0442\u043e \u043e\u0431\u0435\u0441\u043f\u0435\u0447\u0438\u0432\u0430\u0435\u0442 \u0443\u0447\u0430\u0441\u0442\u043d\u0438\u043a\u0430\u043c \u043d\u0435 \u0442\u043e\u043b\u044c\u043a\u043e \u043f\u043e\u043b\u0443\u0447\u0435\u043d\u0438\u0435 \u043f\u0440\u043e\u0444\u0435\u0441\u0441\u0438\u043e\u043d\u0430\u043b\u044c\u043d\u044b\u0445 \u043d\u0430\u0432\u044b\u043a\u043e\u0432 \u0438 \u0437\u043d\u0430\u043d\u0438\u0439, \u043d\u043e \u0438 \u0443\u0441\u043f\u0435\u0445 \u0432 \u0434\u0430\u043b\u044c\u043d\u0435\u0439\u0448\u0435\u0439 \u0440\u0430\u0431\u043e\u0442\u0435.<\/p>\n<p>\u041c\u044b \u0442\u0430\u043a\u0436\u0435 \u0432\u0441\u0435\u0433\u0434\u0430 \u0440\u0430\u0434\u044b \u043f\u0440\u0438\u0432\u0435\u0442\u0441\u0442\u0432\u043e\u0432\u0430\u0442\u044c \u0443 \u043d\u0430\u0441 \u0433\u0440\u0443\u043f\u043f\u044b \u0443\u0447\u0430\u0449\u0438\u0445\u0441\u044f \u0432\u044b\u0441\u0448\u0438\u0445 \u0442\u0435\u0445\u043d\u0438\u0447\u0435\u0441\u043a\u0438\u0445 \u0448\u043a\u043e\u043b \u0438 \u0443\u043d\u0438\u0432\u0435\u0440\u0441\u0438\u0442\u0435\u0442\u043e\u0432, \u043c\u044b \u0432\u0441\u0435\u0433\u0434\u0430 \u0438\u0445 \u043e\u0445\u043e\u0442\u043d\u043e \u0437\u043d\u0430\u043a\u043e\u043c\u0438\u043c \u0441 \u0430\u0441\u0441\u043e\u0440\u0442\u0438\u043c\u0435\u043d\u0442\u043e\u043c \u043d\u0430\u0448\u0435\u0439 \u043f\u0440\u043e\u0434\u0443\u043a\u0446\u0438\u0438 \u0438 \u043f\u0440\u043e\u0432\u043e\u0434\u0438\u043c \u044d\u043a\u0441\u043a\u0443\u0440\u0441\u0438\u0438 \u043f\u043e \u043d\u0430\u0448\u0435\u043c\u0443 \u043f\u0440\u043e\u0438\u0437\u0432\u043e\u0434\u0441\u0442\u0432\u0443.\u00a0\u041a\u0440\u043e\u043c\u0435 \u0442\u043e\u0433\u043e, \u043d\u0430\u0448\u0438 \u0441\u043e\u0442\u0440\u0443\u0434\u043d\u0438\u043a\u0438, \u0430 \u0442\u0430\u043a\u0436\u0435 \u0444\u0438\u0440\u043c\u044b-\u043f\u0430\u0440\u0442\u043d\u0451\u0440\u044b \u0438 \u043f\u0440\u0435\u0434\u0441\u0442\u0430\u0432\u0438\u0442\u0435\u043b\u044c\u0441\u0442\u0432\u0430 \u0413\u0415\u0420\u0426 \u0432\u043e \u0432\u0441\u0435\u0439 \u0415\u0432\u0440\u043e\u043f\u0435 \u0432 \u0440\u0430\u043c\u043a\u0430\u0445 \u0441\u0432\u043e\u0438\u0445 \u0432\u043d\u0443\u0442\u0440\u0435\u043d\u043d\u0438\u0445 \u0441\u0435\u043c\u0438\u043d\u0430\u0440\u043e\u0432 \u043f\u043e\u0441\u0442\u043e\u044f\u043d\u043d\u043e \u0437\u043d\u0430\u043a\u043e\u043c\u044f\u0442 \u043d\u0430\u0448\u0438\u0445 \u043f\u043e\u0442\u0440\u0435\u0431\u0438\u0442\u0435\u043b\u0435\u0439 \u0441 \u043d\u043e\u0432\u044b\u043c\u0438 \u043f\u0440\u043e\u0434\u0443\u043a\u0442\u0430\u043c\u0438 \u0438 \u0440\u0430\u0437\u0440\u0430\u0431\u043e\u0442\u043a\u0430\u043c\u0438 \u043a\u043e\u043c\u043f\u0430\u043d\u0438\u0438 \u0413\u0415\u0420\u0426. \u0417\u0430\u043f\u0438\u0441\u0430\u0442\u044c\u0441\u044f \u043d\u0430 \u0441\u0435\u043c\u0438\u043d\u0430\u0440 \u043c\u043e\u0436\u043d\u043e \u043f\u043e \u0430\u0434\u0440\u0435\u0441\u0443: <strong><a href=\"mailto:training-energie@herz.eu\">training-energie@herz.eu<\/a><\/strong>.<\/p>\n<\/div><div class=\"fusion-clearfix\"><\/div><\/div><\/div><\/div><\/div><\/p>","protected":false},"excerpt":{"rendered":"","protected":false},"author":1,"featured_media":0,"parent":12,"menu_order":0,"comment_status":"closed","ping_status":"closed","template":"","meta":{"footnotes":""},"class_list":["post-15","page","type-page","status-publish","hentry"],"yoast_head":"<!-- This site is optimized with the Yoast SEO Premium plugin v25.2 (Yoast SEO v25.2) - https:\/\/yoast.com\/wordpress\/plugins\/seo\/ -->\n<title>\u0423\u0447\u0435\u0431\u043d\u044b\u0439 \u0446\u0435\u043d\u0442\u0440 - HERZ Energietechnik<\/title>\n<meta name=\"description\" content=\"HERZ veranstaltet im Schulungszentrum Pinkafeld im Jahr rund 270 Seminare &amp; Werksf\u00fchrungen f\u00fcr Vertriebspartner, Planer und technische B\u00fcros, Monteure &amp; Installateure sowie Anlagenbetreiber und technische Bildungseinrichtungen aus dem In- und Ausland.\" \/>\n<meta name=\"robots\" content=\"index, follow, max-snippet:-1, max-image-preview:large, max-video-preview:-1\" \/>\n<link rel=\"canonical\" href=\"https:\/\/www.herz-energie.at\/ru\/kompaniya\/uchebnyy-tsentr\/\" \/>\n<meta property=\"og:locale\" content=\"de_DE\" \/>\n<meta property=\"og:type\" content=\"article\" \/>\n<meta property=\"og:title\" content=\"\u0423\u0447\u0435\u0431\u043d\u044b\u0439 \u0446\u0435\u043d\u0442\u0440\" \/>\n<meta property=\"og:description\" content=\"HERZ veranstaltet im Schulungszentrum Pinkafeld im Jahr rund 270 Seminare &amp; Werksf\u00fchrungen f\u00fcr Vertriebspartner, Planer und technische B\u00fcros, Monteure &amp; Installateure sowie Anlagenbetreiber und technische Bildungseinrichtungen aus dem In- und Ausland.\" \/>\n<meta property=\"og:url\" content=\"https:\/\/www.herz-energie.at\/ru\/kompaniya\/uchebnyy-tsentr\/\" \/>\n<meta property=\"og:site_name\" content=\"HERZ Energietechnik\" \/>\n<meta property=\"article:modified_time\" content=\"2025-06-25T10:28:31+00:00\" \/>\n<meta name=\"twitter:card\" content=\"summary_large_image\" \/>\n<meta name=\"twitter:label1\" content=\"Gesch\u00e4tzte Lesezeit\" \/>\n\t<meta name=\"twitter:data1\" content=\"4\u00a0Minuten\" \/>\n<script type=\"application\/ld+json\" class=\"yoast-schema-graph\">{\"@context\":\"https:\/\/schema.org\",\"@graph\":[{\"@type\":\"WebPage\",\"@id\":\"https:\/\/www.herz-energie.at\/ru\/kompaniya\/uchebnyy-tsentr\/\",\"url\":\"https:\/\/www.herz-energie.at\/ru\/kompaniya\/uchebnyy-tsentr\/\",\"name\":\"\u0423\u0447\u0435\u0431\u043d\u044b\u0439 \u0446\u0435\u043d\u0442\u0440 - HERZ Energietechnik\",\"isPartOf\":{\"@id\":\"https:\/\/www.herz-energie.at\/ru\/#website\"},\"datePublished\":\"2016-01-28T09:54:58+00:00\",\"dateModified\":\"2025-06-25T10:28:31+00:00\",\"description\":\"HERZ veranstaltet im Schulungszentrum Pinkafeld im Jahr rund 270 Seminare & Werksf\u00fchrungen f\u00fcr Vertriebspartner, Planer und technische B\u00fcros, Monteure & Installateure sowie Anlagenbetreiber und technische Bildungseinrichtungen aus dem In- und Ausland.\",\"breadcrumb\":{\"@id\":\"https:\/\/www.herz-energie.at\/ru\/kompaniya\/uchebnyy-tsentr\/#breadcrumb\"},\"inLanguage\":\"de\",\"potentialAction\":[{\"@type\":\"ReadAction\",\"target\":[\"https:\/\/www.herz-energie.at\/ru\/kompaniya\/uchebnyy-tsentr\/\"]}]},{\"@type\":\"BreadcrumbList\",\"@id\":\"https:\/\/www.herz-energie.at\/ru\/kompaniya\/uchebnyy-tsentr\/#breadcrumb\",\"itemListElement\":[{\"@type\":\"ListItem\",\"position\":1,\"name\":\"Home\",\"item\":\"https:\/\/www.herz-energie.at\/ru\/\"},{\"@type\":\"ListItem\",\"position\":2,\"name\":\"\u041f\u0440\u0435\u0434\u043f\u0440\u0438\u044f\u0442\u0438\u0435\",\"item\":\"https:\/\/www.herz-energie.at\/ru\/kompaniya\/\"},{\"@type\":\"ListItem\",\"position\":3,\"name\":\"\u0423\u0447\u0435\u0431\u043d\u044b\u0439 \u0446\u0435\u043d\u0442\u0440\"}]},{\"@type\":\"WebSite\",\"@id\":\"https:\/\/www.herz-energie.at\/ru\/#website\",\"url\":\"https:\/\/www.herz-energie.at\/ru\/\",\"name\":\"HERZ Energietechnik\",\"description\":\"\u041f\u0440\u043e\u0438\u0437\u0432\u043e\u0434\u0438\u0442\u0435\u043b\u044c \u0440\u0430\u0437\u043d\u043e\u043e\u0431\u0440\u0430\u0437\u043d\u044b\u0445 \u0441\u0438\u0441\u0442\u0435\u043c \u043e\u0442\u043e\u043f\u043b\u0435\u043d\u0438\u044f \u043d\u0430 \u0431\u0438\u043e\u043c\u0430\u0441\u0441\u0435\",\"potentialAction\":[{\"@type\":\"SearchAction\",\"target\":{\"@type\":\"EntryPoint\",\"urlTemplate\":\"https:\/\/www.herz-energie.at\/ru\/?s={search_term_string}\"},\"query-input\":{\"@type\":\"PropertyValueSpecification\",\"valueRequired\":true,\"valueName\":\"search_term_string\"}}],\"inLanguage\":\"de\"}]}<\/script>\n<!-- \/ Yoast SEO Premium plugin. -->","yoast_head_json":{"title":"\u0423\u0447\u0435\u0431\u043d\u044b\u0439 \u0446\u0435\u043d\u0442\u0440 - HERZ Energietechnik","description":"HERZ veranstaltet im Schulungszentrum Pinkafeld im Jahr rund 270 Seminare & Werksf\u00fchrungen f\u00fcr Vertriebspartner, Planer und technische B\u00fcros, Monteure & Installateure sowie Anlagenbetreiber und technische Bildungseinrichtungen aus dem In- und Ausland.","robots":{"index":"index","follow":"follow","max-snippet":"max-snippet:-1","max-image-preview":"max-image-preview:large","max-video-preview":"max-video-preview:-1"},"canonical":"https:\/\/www.herz-energie.at\/ru\/kompaniya\/uchebnyy-tsentr\/","og_locale":"de_DE","og_type":"article","og_title":"\u0423\u0447\u0435\u0431\u043d\u044b\u0439 \u0446\u0435\u043d\u0442\u0440","og_description":"HERZ veranstaltet im Schulungszentrum Pinkafeld im Jahr rund 270 Seminare & Werksf\u00fchrungen f\u00fcr Vertriebspartner, Planer und technische B\u00fcros, Monteure & Installateure sowie Anlagenbetreiber und technische Bildungseinrichtungen aus dem In- und Ausland.","og_url":"https:\/\/www.herz-energie.at\/ru\/kompaniya\/uchebnyy-tsentr\/","og_site_name":"HERZ Energietechnik","article_modified_time":"2025-06-25T10:28:31+00:00","twitter_card":"summary_large_image","twitter_misc":{"Gesch\u00e4tzte Lesezeit":"4\u00a0Minuten"},"schema":{"@context":"https:\/\/schema.org","@graph":[{"@type":"WebPage","@id":"https:\/\/www.herz-energie.at\/ru\/kompaniya\/uchebnyy-tsentr\/","url":"https:\/\/www.herz-energie.at\/ru\/kompaniya\/uchebnyy-tsentr\/","name":"\u0423\u0447\u0435\u0431\u043d\u044b\u0439 \u0446\u0435\u043d\u0442\u0440 - HERZ Energietechnik","isPartOf":{"@id":"https:\/\/www.herz-energie.at\/ru\/#website"},"datePublished":"2016-01-28T09:54:58+00:00","dateModified":"2025-06-25T10:28:31+00:00","description":"HERZ veranstaltet im Schulungszentrum Pinkafeld im Jahr rund 270 Seminare & Werksf\u00fchrungen f\u00fcr Vertriebspartner, Planer und technische B\u00fcros, Monteure & Installateure sowie Anlagenbetreiber und technische Bildungseinrichtungen aus dem In- und Ausland.","breadcrumb":{"@id":"https:\/\/www.herz-energie.at\/ru\/kompaniya\/uchebnyy-tsentr\/#breadcrumb"},"inLanguage":"de","potentialAction":[{"@type":"ReadAction","target":["https:\/\/www.herz-energie.at\/ru\/kompaniya\/uchebnyy-tsentr\/"]}]},{"@type":"BreadcrumbList","@id":"https:\/\/www.herz-energie.at\/ru\/kompaniya\/uchebnyy-tsentr\/#breadcrumb","itemListElement":[{"@type":"ListItem","position":1,"name":"Home","item":"https:\/\/www.herz-energie.at\/ru\/"},{"@type":"ListItem","position":2,"name":"\u041f\u0440\u0435\u0434\u043f\u0440\u0438\u044f\u0442\u0438\u0435","item":"https:\/\/www.herz-energie.at\/ru\/kompaniya\/"},{"@type":"ListItem","position":3,"name":"\u0423\u0447\u0435\u0431\u043d\u044b\u0439 \u0446\u0435\u043d\u0442\u0440"}]},{"@type":"WebSite","@id":"https:\/\/www.herz-energie.at\/ru\/#website","url":"https:\/\/www.herz-energie.at\/ru\/","name":"HERZ Energietechnik","description":"\u041f\u0440\u043e\u0438\u0437\u0432\u043e\u0434\u0438\u0442\u0435\u043b\u044c \u0440\u0430\u0437\u043d\u043e\u043e\u0431\u0440\u0430\u0437\u043d\u044b\u0445 \u0441\u0438\u0441\u0442\u0435\u043c \u043e\u0442\u043e\u043f\u043b\u0435\u043d\u0438\u044f \u043d\u0430 \u0431\u0438\u043e\u043c\u0430\u0441\u0441\u0435","potentialAction":[{"@type":"SearchAction","target":{"@type":"EntryPoint","urlTemplate":"https:\/\/www.herz-energie.at\/ru\/?s={search_term_string}"},"query-input":{"@type":"PropertyValueSpecification","valueRequired":true,"valueName":"search_term_string"}}],"inLanguage":"de"}]}},"_links":{"self":[{"href":"http:\/\/www.herz-energie.at\/ru\/wp-json\/wp\/v2\/pages\/15","targetHints":{"allow":["GET"]}}],"collection":[{"href":"http:\/\/www.herz-energie.at\/ru\/wp-json\/wp\/v2\/pages"}],"about":[{"href":"http:\/\/www.herz-energie.at\/ru\/wp-json\/wp\/v2\/types\/page"}],"author":[{"embeddable":true,"href":"http:\/\/www.herz-energie.at\/ru\/wp-json\/wp\/v2\/users\/1"}],"replies":[{"embeddable":true,"href":"http:\/\/www.herz-energie.at\/ru\/wp-json\/wp\/v2\/comments?post=15"}],"version-history":[{"count":1,"href":"http:\/\/www.herz-energie.at\/ru\/wp-json\/wp\/v2\/pages\/15\/revisions"}],"predecessor-version":[{"id":576,"href":"http:\/\/www.herz-energie.at\/ru\/wp-json\/wp\/v2\/pages\/15\/revisions\/576"}],"up":[{"embeddable":true,"href":"http:\/\/www.herz-energie.at\/ru\/wp-json\/wp\/v2\/pages\/12"}],"wp:attachment":[{"href":"http:\/\/www.herz-energie.at\/ru\/wp-json\/wp\/v2\/media?parent=15"}],"curies":[{"name":"wp","href":"https:\/\/api.w.org\/{rel}","templated":true}]}}