{"id":53,"date":"2016-07-07T10:29:57","date_gmt":"2016-07-07T08:29:57","guid":{"rendered":"https:\/\/www.herz-energie.at\/pl\/?page_id=53"},"modified":"2025-06-25T12:28:33","modified_gmt":"2025-06-25T10:28:33","slug":"szkolenia","status":"publish","type":"page","link":"http:\/\/www.herz-energie.at\/pl\/firma\/szkolenia\/","title":{"rendered":"HERZ szkolenia"},"content":{"rendered":"<p><div class=\"fusion-fullwidth fullwidth-box fusion-builder-row-1 nonhundred-percent-fullwidth non-hundred-percent-height-scrolling\" style=\"--awb-background-position:left bottom;--awb-border-radius-top-left:0px;--awb-border-radius-top-right:0px;--awb-border-radius-bottom-right:0px;--awb-border-radius-bottom-left:0px;\" ><div class=\"fusion-builder-row fusion-row\"><div class=\"fusion-layout-column fusion_builder_column fusion-builder-column-0 fusion_builder_column_3_4 3_4 fusion-three-fourth fusion-column-first\" style=\"--awb-padding-top:10px;--awb-padding-left:20px;--awb-overflow:hidden;--awb-bg-color:rgba(0,102,65,0.97);--awb-bg-size:cover;--awb-box-shadow:-20px 0px 0px #004f38;;--awb-border-color:#ffffff;--awb-border-style:solid;--awb-border-radius:0px 20px 20px 0px;width:75%;width:calc(75% - ( ( 4% ) * 0.75 ) );margin-right: 4%;\"><div class=\"fusion-column-wrapper fusion-column-has-shadow fusion-flex-column-wrapper-legacy\"><div class=\"fusion-text fusion-text-1\"><h1><span style=\"color: #ffffff;\">HERZ szkolenia<\/span><\/h1>\n<\/div><div class=\"fusion-clearfix\"><\/div><\/div><\/div><\/div><\/div><div class=\"fusion-fullwidth fullwidth-box fusion-builder-row-2 hundred-percent-fullwidth non-hundred-percent-height-scrolling\" style=\"--awb-border-radius-top-left:0px;--awb-border-radius-top-right:0px;--awb-border-radius-bottom-right:0px;--awb-border-radius-bottom-left:0px;--awb-overflow:visible;\" ><div class=\"fusion-builder-row fusion-row\"><div class=\"fusion-layout-column fusion_builder_column fusion-builder-column-1 fusion_builder_column_1_1 1_1 fusion-one-full fusion-column-first fusion-column-last fusion-column-no-min-height\" style=\"--awb-bg-size:cover;--awb-margin-top:0px;--awb-margin-bottom:0px;\"><div class=\"fusion-column-wrapper fusion-flex-column-wrapper-legacy\"><ul style=\"--awb-size:18px;--awb-line-height:30.6px;--awb-icon-width:30.6px;--awb-icon-height:30.6px;--awb-icon-margin:12.6px;--awb-content-margin:43.2px;--awb-circlecolor:#e30613;--awb-circle-yes-font-size:15.84px;\" class=\"fusion-checklist fusion-checklist-1 fusion-checklist-default type-icons\"><li class=\"fusion-li-item\" style=\"\"><span class=\"icon-wrapper circle-yes\"><i class=\"fusion-li-icon fa fa-search\" aria-hidden=\"true\"><\/i><\/span><div class=\"fusion-li-item-content\"><strong>Szkolenia\/kr\u00f3tka informacja:<\/strong><\/div><\/li><\/ul><div class=\"fusion-clearfix\"><\/div><\/div><\/div><\/div><\/div><div class=\"fusion-fullwidth fullwidth-box fusion-builder-row-3 nonhundred-percent-fullwidth non-hundred-percent-height-scrolling\" style=\"--awb-background-position:left top;--awb-border-radius-top-left:0px;--awb-border-radius-top-right:0px;--awb-border-radius-bottom-right:0px;--awb-border-radius-bottom-left:0px;--awb-border-sizes-top:0px;--awb-border-sizes-bottom:0px;\" ><div class=\"fusion-builder-row fusion-row\"><div class=\"fusion-layout-column fusion_builder_column fusion-builder-column-2 fusion_builder_column_1_1 1_1 fusion-one-full fusion-column-first fusion-column-last\" style=\"--awb-padding-top:5px;--awb-padding-right:5px;--awb-padding-bottom:5px;--awb-padding-left:5px;--awb-bg-color:#f4f4f4;--awb-bg-size:cover;--awb-border-color:#dddddd;--awb-border-top:1px;--awb-border-right:1px;--awb-border-bottom:1px;--awb-border-left:1px;--awb-border-style:solid;--awb-margin-top:10px;\"><div class=\"fusion-column-wrapper fusion-flex-column-wrapper-legacy\"><div class=\"fusion-text fusion-text-2\"><p><strong>Szkolenia praktyczne<\/strong><\/p>\n<\/div><ul style=\"--awb-size:16px;--awb-iconcolor:#e30613;--awb-line-height:27.2px;--awb-icon-width:27.2px;--awb-icon-height:27.2px;--awb-icon-margin:11.2px;--awb-content-margin:38.4px;\" class=\"fusion-checklist fusion-checklist-2 fusion-checklist-default type-icons\"><li class=\"fusion-li-item\" style=\"\"><span class=\"icon-wrapper circle-no\"><i class=\"fusion-li-icon fa fa-caret-right\" aria-hidden=\"true\"><\/i><\/span><div class=\"fusion-li-item-content\">Szkolenia sprawdzaj\u0105ce efekty spalania<\/div><\/li><li class=\"fusion-li-item\" style=\"\"><span class=\"icon-wrapper circle-no\"><i class=\"fusion-li-icon fa fa-caret-right\" aria-hidden=\"true\"><\/i><\/span><div class=\"fusion-li-item-content\">Szkolenia monta\u017cowe<\/div><\/li><li class=\"fusion-li-item\" style=\"\"><span class=\"icon-wrapper circle-no\"><i class=\"fusion-li-icon fa fa-caret-right\" aria-hidden=\"true\"><\/i><\/span><div class=\"fusion-li-item-content\">Szkolenia z obs\u0142ugi<\/div><\/li><li class=\"fusion-li-item\" style=\"\"><span class=\"icon-wrapper circle-no\"><i class=\"fusion-li-icon fa fa-caret-right\" aria-hidden=\"true\"><\/i><\/span><div class=\"fusion-li-item-content\">Szkolenia z monta\u017cu<\/div><\/li><\/ul><div class=\"fusion-clearfix\"><\/div><\/div><\/div><div class=\"fusion-layout-column fusion_builder_column fusion-builder-column-3 fusion_builder_column_1_1 1_1 fusion-one-full fusion-column-first fusion-column-last\" style=\"--awb-padding-top:5px;--awb-padding-right:5px;--awb-padding-bottom:5px;--awb-padding-left:5px;--awb-bg-color:#f4f4f4;--awb-bg-size:cover;--awb-border-color:#dddddd;--awb-border-top:1px;--awb-border-right:1px;--awb-border-bottom:1px;--awb-border-left:1px;--awb-border-style:solid;--awb-margin-top:10px;\"><div class=\"fusion-column-wrapper fusion-flex-column-wrapper-legacy\"><div class=\"fusion-text fusion-text-3\"><p><strong>Szkolenia teoretyczne<\/strong><\/p>\n<\/div><ul style=\"--awb-size:16px;--awb-iconcolor:#e30613;--awb-line-height:27.2px;--awb-icon-width:27.2px;--awb-icon-height:27.2px;--awb-icon-margin:11.2px;--awb-content-margin:38.4px;\" class=\"fusion-checklist fusion-checklist-3 fusion-checklist-default type-icons\"><li class=\"fusion-li-item\" style=\"\"><span class=\"icon-wrapper circle-no\"><i class=\"fusion-li-icon fa fa-caret-right\" aria-hidden=\"true\"><\/i><\/span><div class=\"fusion-li-item-content\">Wycieczki do fabryki<\/div><\/li><li class=\"fusion-li-item\" style=\"\"><span class=\"icon-wrapper circle-no\"><i class=\"fusion-li-icon fa fa-caret-right\" aria-hidden=\"true\"><\/i><\/span><div class=\"fusion-li-item-content\">Kursy techniczne z produkt\u00f3w i szkolenia sprzeda\u017cy<\/div><\/li><li class=\"fusion-li-item\" style=\"\"><span class=\"icon-wrapper circle-no\"><i class=\"fusion-li-icon fa fa-caret-right\" aria-hidden=\"true\"><\/i><\/span><div class=\"fusion-li-item-content\">Szkolenia obs\u0142ugi<\/div><\/li><li class=\"fusion-li-item\" style=\"\"><span class=\"icon-wrapper circle-no\"><i class=\"fusion-li-icon fa fa-caret-right\" aria-hidden=\"true\"><\/i><\/span><div class=\"fusion-li-item-content\">Szkolenia z projektowania<\/div><\/li><\/ul><div class=\"fusion-clearfix\"><\/div><\/div><\/div><\/div><\/div><div class=\"fusion-fullwidth fullwidth-box fusion-builder-row-4 hundred-percent-fullwidth non-hundred-percent-height-scrolling\" style=\"--awb-border-radius-top-left:0px;--awb-border-radius-top-right:0px;--awb-border-radius-bottom-right:0px;--awb-border-radius-bottom-left:0px;--awb-overflow:visible;\" ><div class=\"fusion-builder-row fusion-row\"><div class=\"fusion-layout-column fusion_builder_column fusion-builder-column-4 fusion_builder_column_1_1 1_1 fusion-one-full fusion-column-first fusion-column-last fusion-column-no-min-height\" style=\"--awb-bg-size:cover;--awb-margin-top:0px;--awb-margin-bottom:0px;\"><div class=\"fusion-column-wrapper fusion-flex-column-wrapper-legacy\"><ul style=\"--awb-size:18px;--awb-line-height:30.6px;--awb-icon-width:30.6px;--awb-icon-height:30.6px;--awb-icon-margin:12.6px;--awb-content-margin:43.2px;--awb-circlecolor:#e30613;--awb-circle-yes-font-size:15.84px;\" class=\"fusion-checklist fusion-checklist-4 fusion-checklist-default type-icons\"><li class=\"fusion-li-item\" style=\"\"><span class=\"icon-wrapper circle-yes\"><i class=\"fusion-li-icon fa fa-home\" aria-hidden=\"true\"><\/i><\/span><div class=\"fusion-li-item-content\"><strong>Zwiedzanie obiekt\u00f3w referencyjnych<\/strong><\/div><\/li><\/ul><div class=\"fusion-text fusion-text-4\"><p>Firma HERZ w minionym roku przeprowadzi\u0142a oko\u0142o 270 szkole\u0144 oraz wycieczek po zak\u0142adzie produkcyjnym organizowanych dla naszych go\u015bci \u2013 partner\u00f3w handlowych, projektant\u00f3w, biur projektowych, monta\u017cyst\u00f3w, instalator\u00f3w, os\u00f3b zajmuj\u0105cych si\u0119 obs\u0142ug\u0105 naszych urz\u0105dze\u0144 oraz szk\u00f3\u0142 i uczelni z Austrii i zagranicy. W ci\u0105gu ostatniego roku ponad 3000 os\u00f3b z ponad 23 kraj\u00f3w z Europy i Ameryki zosta\u0142o u nas przeszkolonych.<\/p>\n<p>Nowoczesne sale konferencyjne i praktyczna nauka bezpo\u015brednio na urz\u0105dzeniach kot\u0142owych i pompach ciep\u0142a, gwarantuj\u0105 uzyskanie optymalnego do\u015bwiadczenia dla uczestnik\u00f3w w przyjemnej atmosferze.<\/p>\n<p>Wizyty grup szkolnych, licealnych, szk\u00f3\u0142 \u015brednich-technicznych oraz grup uniwersyteckich s\u0105 szczeg\u00f3lnie mile widziane. Podczas takiej wizyty uczestnicy uzyskaj\u0105 informacje o naszej firmie, produktach oraz poznaj\u0105 procesy produkcyjne bezpo\u015brednio w halach produkcyjnych.<\/p>\n<p>Pracownicy, partnerzy Herz-a i filie z ca\u0142ej Europy organizuj\u0105 wewn\u0119trzne szkolenia, kt\u00f3re s\u0105 stale aktualizowane. W celu zapis\u00f3w na szkolenia, prosimy o kontakt pod adresami e-mailowymi: <strong><a href=\"mailto:training-energie@.herz.eu\">training-energie@.herz.eu<\/a><\/strong> lub <strong><a href=\"mailto:oze@herz.com.pl\">oze@herz.com.pl<\/a><\/strong><\/p>\n<\/div><div class=\"fusion-clearfix\"><\/div><\/div><\/div><\/div><\/div><\/p>","protected":false},"excerpt":{"rendered":"","protected":false},"author":1,"featured_media":0,"parent":21,"menu_order":0,"comment_status":"closed","ping_status":"closed","template":"","meta":{"footnotes":""},"class_list":["post-53","page","type-page","status-publish","hentry"],"yoast_head":"<!-- This site is optimized with the Yoast SEO Premium plugin v25.2 (Yoast SEO v25.2) - https:\/\/yoast.com\/wordpress\/plugins\/seo\/ -->\n<title>HERZ szkolenia - HERZ Energietechnik<\/title>\n<meta name=\"description\" content=\"Firma HERZ przez ostatni rok przeprowadzi\u0142a ok 270 szkole\u0144 oraz wycieczek po zak\u0142adzie produkcyjnym dla naszych go\u015bci - partner\u00f3w handlowych, projektant\u00f3w, biur projektowych, monta\u017cyst\u00f3w i instalator\u00f3w, os\u00f3b obs\u0142uguj\u0105cych nasze urz\u0105dzenia oraz szk\u00f3\u0142 i uczelni z Austrii i zagranicy.\" \/>\n<meta name=\"robots\" content=\"index, follow, max-snippet:-1, max-image-preview:large, max-video-preview:-1\" \/>\n<link rel=\"canonical\" href=\"https:\/\/www.herz-energie.at\/pl\/firma\/szkolenia\/\" \/>\n<meta property=\"og:locale\" content=\"de_DE\" \/>\n<meta property=\"og:type\" content=\"article\" \/>\n<meta property=\"og:title\" content=\"HERZ szkolenia\" \/>\n<meta property=\"og:description\" content=\"Firma HERZ przez ostatni rok przeprowadzi\u0142a ok 270 szkole\u0144 oraz wycieczek po zak\u0142adzie produkcyjnym dla naszych go\u015bci - partner\u00f3w handlowych, projektant\u00f3w, biur projektowych, monta\u017cyst\u00f3w i instalator\u00f3w, os\u00f3b obs\u0142uguj\u0105cych nasze urz\u0105dzenia oraz szk\u00f3\u0142 i uczelni z Austrii i zagranicy.\" \/>\n<meta property=\"og:url\" content=\"https:\/\/www.herz-energie.at\/pl\/firma\/szkolenia\/\" \/>\n<meta property=\"og:site_name\" content=\"HERZ Energietechnik\" \/>\n<meta property=\"article:modified_time\" content=\"2025-06-25T10:28:33+00:00\" \/>\n<meta name=\"twitter:card\" content=\"summary_large_image\" \/>\n<meta name=\"twitter:label1\" content=\"Gesch\u00e4tzte Lesezeit\" \/>\n\t<meta name=\"twitter:data1\" content=\"5\u00a0Minuten\" \/>\n<script type=\"application\/ld+json\" class=\"yoast-schema-graph\">{\"@context\":\"https:\/\/schema.org\",\"@graph\":[{\"@type\":\"WebPage\",\"@id\":\"https:\/\/www.herz-energie.at\/pl\/firma\/szkolenia\/\",\"url\":\"https:\/\/www.herz-energie.at\/pl\/firma\/szkolenia\/\",\"name\":\"HERZ szkolenia - HERZ Energietechnik\",\"isPartOf\":{\"@id\":\"https:\/\/www.herz-energie.at\/pl\/#website\"},\"datePublished\":\"2016-07-07T08:29:57+00:00\",\"dateModified\":\"2025-06-25T10:28:33+00:00\",\"description\":\"Firma HERZ przez ostatni rok przeprowadzi\u0142a ok 270 szkole\u0144 oraz wycieczek po zak\u0142adzie produkcyjnym dla naszych go\u015bci - partner\u00f3w handlowych, projektant\u00f3w, biur projektowych, monta\u017cyst\u00f3w i instalator\u00f3w, os\u00f3b obs\u0142uguj\u0105cych nasze urz\u0105dzenia oraz szk\u00f3\u0142 i uczelni z Austrii i zagranicy.\",\"breadcrumb\":{\"@id\":\"https:\/\/www.herz-energie.at\/pl\/firma\/szkolenia\/#breadcrumb\"},\"inLanguage\":\"de\",\"potentialAction\":[{\"@type\":\"ReadAction\",\"target\":[\"https:\/\/www.herz-energie.at\/pl\/firma\/szkolenia\/\"]}]},{\"@type\":\"BreadcrumbList\",\"@id\":\"https:\/\/www.herz-energie.at\/pl\/firma\/szkolenia\/#breadcrumb\",\"itemListElement\":[{\"@type\":\"ListItem\",\"position\":1,\"name\":\"Startseite\",\"item\":\"https:\/\/www.herz-energie.at\/pl\/\"},{\"@type\":\"ListItem\",\"position\":2,\"name\":\"Firma\",\"item\":\"https:\/\/www.herz-energie.at\/pl\/firma\/\"},{\"@type\":\"ListItem\",\"position\":3,\"name\":\"HERZ szkolenia\"}]},{\"@type\":\"WebSite\",\"@id\":\"https:\/\/www.herz-energie.at\/pl\/#website\",\"url\":\"https:\/\/www.herz-energie.at\/pl\/\",\"name\":\"HERZ Energietechnik\",\"description\":\"Specjali\u015bci od Odnawialnych \u0179r\u00f3de\u0142 Energii\",\"potentialAction\":[{\"@type\":\"SearchAction\",\"target\":{\"@type\":\"EntryPoint\",\"urlTemplate\":\"https:\/\/www.herz-energie.at\/pl\/?s={search_term_string}\"},\"query-input\":{\"@type\":\"PropertyValueSpecification\",\"valueRequired\":true,\"valueName\":\"search_term_string\"}}],\"inLanguage\":\"de\"}]}<\/script>\n<!-- \/ Yoast SEO Premium plugin. -->","yoast_head_json":{"title":"HERZ szkolenia - HERZ Energietechnik","description":"Firma HERZ przez ostatni rok przeprowadzi\u0142a ok 270 szkole\u0144 oraz wycieczek po zak\u0142adzie produkcyjnym dla naszych go\u015bci - partner\u00f3w handlowych, projektant\u00f3w, biur projektowych, monta\u017cyst\u00f3w i instalator\u00f3w, os\u00f3b obs\u0142uguj\u0105cych nasze urz\u0105dzenia oraz szk\u00f3\u0142 i uczelni z Austrii i zagranicy.","robots":{"index":"index","follow":"follow","max-snippet":"max-snippet:-1","max-image-preview":"max-image-preview:large","max-video-preview":"max-video-preview:-1"},"canonical":"https:\/\/www.herz-energie.at\/pl\/firma\/szkolenia\/","og_locale":"de_DE","og_type":"article","og_title":"HERZ szkolenia","og_description":"Firma HERZ przez ostatni rok przeprowadzi\u0142a ok 270 szkole\u0144 oraz wycieczek po zak\u0142adzie produkcyjnym dla naszych go\u015bci - partner\u00f3w handlowych, projektant\u00f3w, biur projektowych, monta\u017cyst\u00f3w i instalator\u00f3w, os\u00f3b obs\u0142uguj\u0105cych nasze urz\u0105dzenia oraz szk\u00f3\u0142 i uczelni z Austrii i zagranicy.","og_url":"https:\/\/www.herz-energie.at\/pl\/firma\/szkolenia\/","og_site_name":"HERZ Energietechnik","article_modified_time":"2025-06-25T10:28:33+00:00","twitter_card":"summary_large_image","twitter_misc":{"Gesch\u00e4tzte Lesezeit":"5\u00a0Minuten"},"schema":{"@context":"https:\/\/schema.org","@graph":[{"@type":"WebPage","@id":"https:\/\/www.herz-energie.at\/pl\/firma\/szkolenia\/","url":"https:\/\/www.herz-energie.at\/pl\/firma\/szkolenia\/","name":"HERZ szkolenia - HERZ Energietechnik","isPartOf":{"@id":"https:\/\/www.herz-energie.at\/pl\/#website"},"datePublished":"2016-07-07T08:29:57+00:00","dateModified":"2025-06-25T10:28:33+00:00","description":"Firma HERZ przez ostatni rok przeprowadzi\u0142a ok 270 szkole\u0144 oraz wycieczek po zak\u0142adzie produkcyjnym dla naszych go\u015bci - partner\u00f3w handlowych, projektant\u00f3w, biur projektowych, monta\u017cyst\u00f3w i instalator\u00f3w, os\u00f3b obs\u0142uguj\u0105cych nasze urz\u0105dzenia oraz szk\u00f3\u0142 i uczelni z Austrii i zagranicy.","breadcrumb":{"@id":"https:\/\/www.herz-energie.at\/pl\/firma\/szkolenia\/#breadcrumb"},"inLanguage":"de","potentialAction":[{"@type":"ReadAction","target":["https:\/\/www.herz-energie.at\/pl\/firma\/szkolenia\/"]}]},{"@type":"BreadcrumbList","@id":"https:\/\/www.herz-energie.at\/pl\/firma\/szkolenia\/#breadcrumb","itemListElement":[{"@type":"ListItem","position":1,"name":"Startseite","item":"https:\/\/www.herz-energie.at\/pl\/"},{"@type":"ListItem","position":2,"name":"Firma","item":"https:\/\/www.herz-energie.at\/pl\/firma\/"},{"@type":"ListItem","position":3,"name":"HERZ szkolenia"}]},{"@type":"WebSite","@id":"https:\/\/www.herz-energie.at\/pl\/#website","url":"https:\/\/www.herz-energie.at\/pl\/","name":"HERZ Energietechnik","description":"Specjali\u015bci od Odnawialnych \u0179r\u00f3de\u0142 Energii","potentialAction":[{"@type":"SearchAction","target":{"@type":"EntryPoint","urlTemplate":"https:\/\/www.herz-energie.at\/pl\/?s={search_term_string}"},"query-input":{"@type":"PropertyValueSpecification","valueRequired":true,"valueName":"search_term_string"}}],"inLanguage":"de"}]}},"_links":{"self":[{"href":"http:\/\/www.herz-energie.at\/pl\/wp-json\/wp\/v2\/pages\/53","targetHints":{"allow":["GET"]}}],"collection":[{"href":"http:\/\/www.herz-energie.at\/pl\/wp-json\/wp\/v2\/pages"}],"about":[{"href":"http:\/\/www.herz-energie.at\/pl\/wp-json\/wp\/v2\/types\/page"}],"author":[{"embeddable":true,"href":"http:\/\/www.herz-energie.at\/pl\/wp-json\/wp\/v2\/users\/1"}],"replies":[{"embeddable":true,"href":"http:\/\/www.herz-energie.at\/pl\/wp-json\/wp\/v2\/comments?post=53"}],"version-history":[{"count":1,"href":"http:\/\/www.herz-energie.at\/pl\/wp-json\/wp\/v2\/pages\/53\/revisions"}],"predecessor-version":[{"id":595,"href":"http:\/\/www.herz-energie.at\/pl\/wp-json\/wp\/v2\/pages\/53\/revisions\/595"}],"up":[{"embeddable":true,"href":"http:\/\/www.herz-energie.at\/pl\/wp-json\/wp\/v2\/pages\/21"}],"wp:attachment":[{"href":"http:\/\/www.herz-energie.at\/pl\/wp-json\/wp\/v2\/media?parent=53"}],"curies":[{"name":"wp","href":"https:\/\/api.w.org\/{rel}","templated":true}]}}