{"id":131,"date":"2016-07-13T15:17:59","date_gmt":"2016-07-13T13:17:59","guid":{"rendered":"https:\/\/www.herz-energie.at\/pl\/?page_id=131"},"modified":"2025-09-22T12:15:13","modified_gmt":"2025-09-22T10:15:13","slug":"sw-ww","status":"publish","type":"page","link":"http:\/\/www.herz-energie.at\/pl\/produkt\/pompa-ciepla\/sw-ww\/","title":{"rendered":"Wody gruntowe i geotermalne pompy ciep\u0142a"},"content":{"rendered":"<p><div class=\"fusion-fullwidth fullwidth-box fusion-builder-row-1 nonhundred-percent-fullwidth non-hundred-percent-height-scrolling\" style=\"--awb-background-position:left top;--awb-border-sizes-top:1px;--awb-border-sizes-bottom:1px;--awb-border-sizes-left:0px;--awb-border-sizes-right:0px;--awb-border-color:#dddddd;--awb-border-radius-top-left:0px;--awb-border-radius-top-right:0px;--awb-border-radius-bottom-right:0px;--awb-border-radius-bottom-left:0px;--awb-padding-top:20px;--awb-padding-right:20px;--awb-padding-bottom:0px;--awb-padding-left:20px;--awb-background-color:#f4f4f4;\" ><div class=\"fusion-builder-row fusion-row\"><div class=\"fusion-layout-column fusion_builder_column fusion-builder-column-0 fusion_builder_column_1_1 1_1 fusion-one-full fusion-column-first fusion-column-last fusion-column-no-min-height\" style=\"--awb-bg-size:cover;--awb-margin-top:0px;--awb-margin-bottom:0px;\"><div class=\"fusion-column-wrapper fusion-flex-column-wrapper-legacy\"><div class=\"fusion-text fusion-text-1\"><p style=\"letter-spacing: 4px; font-size: 13px; margin-bottom: 0px; text-align: left;\">MOC W ZAKRESIE OD 4,8 DO 18,7 kW (5 TYPY)<\/p>\n<h2 style=\"text-align: left;\"><a href=\"https:\/\/www.herz-energie.at\/pl\/produkt\/pompa-ciepla\/commotherm-sw-i-ww\/\">Pompa ciep\u0142a commotherm SW i WW<\/a><\/h2>\n<\/div><div class=\"fusion-sep-clear\"><\/div><div class=\"fusion-separator fusion-clearfix\" style=\"float:left;margin-top:0px;margin-bottom:20px;width:100%;max-width:50px;\"><div class=\"fusion-separator-border sep-single sep-solid\" style=\"border-color:#e30613;border-top-width:1px;\"><\/div><\/div><div class=\"fusion-sep-clear\"><\/div><div class=\"fusion-clearfix\"><\/div><\/div><\/div><div class=\"fusion-layout-column fusion_builder_column fusion-builder-column-1 fusion_builder_column_3_5 3_5 fusion-three-fifth fusion-column-first\" style=\"--awb-bg-position:right bottom;--awb-bg-size:cover;\"><div class=\"fusion-column-wrapper fusion-flex-column-wrapper-legacy\"><div class=\"fusion-column-content-centered\"><div class=\"fusion-column-content\"><div class=\"fusion-text fusion-text-2\"><p>mo\u017cliwa praca w uk\u0142adzie Solanka\/Woda lub Woda\/Woda<\/p>\n<\/div><ul style=\"--awb-size:16px;--awb-iconcolor:#e30613;--awb-line-height:27.2px;--awb-icon-width:27.2px;--awb-icon-height:27.2px;--awb-icon-margin:11.2px;--awb-content-margin:38.4px;\" class=\"fusion-checklist fusion-checklist-1 fusion-checklist-default type-icons\"><li class=\"fusion-li-item\" style=\"\"><span class=\"icon-wrapper circle-no\"><i class=\"fusion-li-icon fa fa-check-circle\" aria-hidden=\"true\"><\/i><\/span><div class=\"fusion-li-item-content\">Wysoki wsp\u00f3\u0142czynnik COP<\/div><\/li><li class=\"fusion-li-item\" style=\"\"><span class=\"icon-wrapper circle-no\"><i class=\"fusion-li-icon fa fa-check-circle\" aria-hidden=\"true\"><\/i><\/span><div class=\"fusion-li-item-content\">Niskie koszty eksploatacji<\/div><\/li><li class=\"fusion-li-item\" style=\"\"><span class=\"icon-wrapper circle-no\"><i class=\"fusion-li-icon fa fa-check-circle\" aria-hidden=\"true\"><\/i><\/span><div class=\"fusion-li-item-content\">Szybki zwrot kosz\u00f3w<\/div><\/li><li class=\"fusion-li-item\" style=\"\"><span class=\"icon-wrapper circle-no\"><i class=\"fusion-li-icon fa fa-check-circle\" aria-hidden=\"true\"><\/i><\/span><div class=\"fusion-li-item-content\">Niskie zapotrzebowanie na energi\u0119<\/div><\/li><\/ul><div class=\"fusion-aligncenter\"><a class=\"fusion-button button-flat button-large button-default fusion-button-default button-1 fusion-button-default-span \" target=\"_self\" href=\"https:\/\/www.herz-energie.at\/pl\/produkt\/pompa-ciepla\/commotherm-sw-i-ww\/\"><span class=\"fusion-button-text fusion-button-text-right\">CZYTAJ WI\u0118CEJ \u2026<\/span><span class=\"fusion-button-icon-divider button-icon-divider-right\"><i class=\" fa fa-angle-right\" aria-hidden=\"true\"><\/i><\/span><\/a><\/div><\/div><\/div><div class=\"fusion-clearfix\"><\/div><\/div><\/div><div class=\"fusion-layout-column fusion_builder_column fusion-builder-column-2 fusion_builder_column_2_5 2_5 fusion-two-fifth fusion-column-last\" style=\"--awb-padding-top:10px;--awb-padding-right:10px;--awb-padding-bottom:10px;--awb-padding-left:10px;--awb-bg-color:#f4f4f4;--awb-bg-size:cover;--awb-border-color:#ffffff;--awb-border-top:0px;--awb-border-right:0px;--awb-border-bottom:0px;--awb-border-left:0px;--awb-border-style:solid;\"><div class=\"fusion-column-wrapper fusion-flex-column-wrapper-legacy\"><div class=\"fusion-image-element fusion-image-align-center in-legacy-container\" style=\"text-align:center;--awb-liftup-border-radius:0px;\"><div class=\"imageframe-align-center\"><div class=\"awb-image-frame awb-image-frame-1 imageframe-liftup\"><span class=\" fusion-imageframe imageframe-dropshadow imageframe-1\" style=\"border:13px solid #ffffff;-webkit-box-shadow: 3px 3px 7px rgba(0,0,0,0.3);box-shadow: 3px 3px 7px rgba(0,0,0,0.3);\"><a class=\"fusion-no-lightbox\" href=\"https:\/\/www.herz-energie.at\/pl\/produkt\/pompa-ciepla\/commotherm-sw-i-ww\/\" target=\"_self\"><img decoding=\"async\" src=\"https:\/\/www.herz-energie.at\/wp-content\/uploads\/2015\/10\/Herz-waermepumpe-commotherm_SW_und_WW-300x300.jpg\" alt class=\"img-responsive\"\/><\/a><\/span><\/div><\/div><\/div><div class=\"fusion-clearfix\"><\/div><\/div><\/div><\/div><\/div><div class=\"fusion-fullwidth fullwidth-box fusion-builder-row-2 hundred-percent-fullwidth non-hundred-percent-height-scrolling\" style=\"--awb-border-radius-top-left:0px;--awb-border-radius-top-right:0px;--awb-border-radius-bottom-right:0px;--awb-border-radius-bottom-left:0px;--awb-overflow:visible;--awb-margin-top:10px;--awb-background-color:rgba(255,255,255,0);\" ><div class=\"fusion-builder-row fusion-row\"><div class=\"fusion-layout-column fusion_builder_column fusion-builder-column-3 fusion_builder_column_1_1 1_1 fusion-one-full fusion-column-first fusion-column-last fusion-column-no-min-height\" style=\"--awb-bg-size:cover;--awb-margin-top:0px;--awb-margin-bottom:0px;\"><div class=\"fusion-column-wrapper fusion-flex-column-wrapper-legacy\"><div class=\"fusion-sep-clear\"><\/div><div class=\"fusion-separator fusion-full-width-sep\" style=\"margin-left: auto;margin-right: auto;width:100%;\"><\/div><div class=\"fusion-sep-clear\"><\/div><div class=\"fusion-clearfix\"><\/div><\/div><\/div><\/div><\/div><div class=\"fusion-fullwidth fullwidth-box fusion-builder-row-3 nonhundred-percent-fullwidth non-hundred-percent-height-scrolling\" style=\"--awb-background-position:left top;--awb-border-sizes-top:1px;--awb-border-sizes-bottom:1px;--awb-border-sizes-left:0px;--awb-border-sizes-right:0px;--awb-border-color:#dddddd;--awb-border-radius-top-left:0px;--awb-border-radius-top-right:0px;--awb-border-radius-bottom-right:0px;--awb-border-radius-bottom-left:0px;--awb-padding-top:20px;--awb-padding-right:20px;--awb-padding-bottom:0px;--awb-padding-left:20px;--awb-background-color:#f4f4f4;\" ><div class=\"fusion-builder-row fusion-row\"><div class=\"fusion-layout-column fusion_builder_column fusion-builder-column-4 fusion_builder_column_1_1 1_1 fusion-one-full fusion-column-first fusion-column-last fusion-column-no-min-height\" style=\"--awb-bg-size:cover;--awb-margin-top:0px;--awb-margin-bottom:0px;\"><div class=\"fusion-column-wrapper fusion-flex-column-wrapper-legacy\"><div class=\"fusion-text fusion-text-3\"><p style=\"letter-spacing: 4px; font-size: 13px; margin-bottom: 0px; text-align: left;\">MOC W ZAKRESIE OD 23 DO 40 kW<\/p>\n<h2 style=\"text-align: left;\"><a href=\"https:\/\/www.herz-energie.at\/pl\/produkt\/pompa-ciepla\/wysokotemperaturowe-pompy-ciepla-commotherm-sw-ww\/\">Wysokotemperaturowe pompy ciep\u0142a commotherm SW \/ WW<\/a><\/h2>\n<\/div><div class=\"fusion-sep-clear\"><\/div><div class=\"fusion-separator fusion-clearfix\" style=\"float:left;margin-top:0px;margin-bottom:20px;width:100%;max-width:50px;\"><div class=\"fusion-separator-border sep-single sep-solid\" style=\"border-color:#e30613;border-top-width:1px;\"><\/div><\/div><div class=\"fusion-sep-clear\"><\/div><div class=\"fusion-clearfix\"><\/div><\/div><\/div><div class=\"fusion-layout-column fusion_builder_column fusion-builder-column-5 fusion_builder_column_3_5 3_5 fusion-three-fifth fusion-column-first\" style=\"--awb-bg-position:right bottom;--awb-bg-size:cover;\"><div class=\"fusion-column-wrapper fusion-flex-column-wrapper-legacy\"><div class=\"fusion-column-content-centered\"><div class=\"fusion-column-content\"><ul style=\"--awb-size:16px;--awb-iconcolor:#e30613;--awb-line-height:27.2px;--awb-icon-width:27.2px;--awb-icon-height:27.2px;--awb-icon-margin:11.2px;--awb-content-margin:38.4px;\" class=\"fusion-checklist fusion-checklist-2 fusion-checklist-default type-icons\"><li class=\"fusion-li-item\" style=\"\"><span class=\"icon-wrapper circle-no\"><i class=\"fusion-li-icon fa fa-check-circle\" aria-hidden=\"true\"><\/i><\/span><div class=\"fusion-li-item-content\">Niskie koszty eksploatacji<\/div><\/li><li class=\"fusion-li-item\" style=\"\"><span class=\"icon-wrapper circle-no\"><i class=\"fusion-li-icon fa fa-check-circle\" aria-hidden=\"true\"><\/i><\/span><div class=\"fusion-li-item-content\">Zr\u00f3wnowa\u017cone wykorzystanie ciep\u0142a ze \u015brodowiska<\/div><\/li><li class=\"fusion-li-item\" style=\"\"><span class=\"icon-wrapper circle-no\"><i class=\"fusion-li-icon fa fa-check-circle\" aria-hidden=\"true\"><\/i><\/span><div class=\"fusion-li-item-content\">Idealny dla budynk\u00f3w g\u0142\u0119boko modernizowanych<\/div><\/li><li class=\"fusion-li-item\" style=\"\"><span class=\"icon-wrapper circle-no\"><i class=\"fusion-li-icon fa fa-fire\" aria-hidden=\"true\"><\/i><\/span><div class=\"fusion-li-item-content\">\u0179r\u00f3d\u0142o ciep\u0142a: grunt lub woda<\/div><\/li><\/ul><div class=\"fusion-aligncenter\"><a class=\"fusion-button button-flat button-large button-default fusion-button-default button-2 fusion-button-default-span \" target=\"_self\" href=\"https:\/\/www.herz-energie.at\/pl\/produkt\/pompa-ciepla\/wysokotemperaturowe-pompy-ciepla-commotherm-sw-ww\/\"><span class=\"fusion-button-text fusion-button-text-right\">CZYTAJ WI\u0118CEJ \u2026<\/span><span class=\"fusion-button-icon-divider button-icon-divider-right\"><i class=\" fa fa-angle-right\" aria-hidden=\"true\"><\/i><\/span><\/a><\/div><\/div><\/div><div class=\"fusion-clearfix\"><\/div><\/div><\/div><div class=\"fusion-layout-column fusion_builder_column fusion-builder-column-6 fusion_builder_column_2_5 2_5 fusion-two-fifth fusion-column-last\" style=\"--awb-padding-top:10px;--awb-padding-right:10px;--awb-padding-bottom:10px;--awb-padding-left:10px;--awb-bg-color:#f4f4f4;--awb-bg-size:cover;--awb-border-color:#ffffff;--awb-border-top:0px;--awb-border-right:0px;--awb-border-bottom:0px;--awb-border-left:0px;--awb-border-style:solid;\"><div class=\"fusion-column-wrapper fusion-flex-column-wrapper-legacy\"><div class=\"fusion-image-element fusion-image-align-center in-legacy-container\" style=\"text-align:center;--awb-liftup-border-radius:0px;\"><div class=\"imageframe-align-center\"><div class=\"awb-image-frame awb-image-frame-2 imageframe-liftup\"><span class=\" fusion-imageframe imageframe-dropshadow imageframe-2\" style=\"border:13px solid #ffffff;-webkit-box-shadow: 3px 3px 7px rgba(0,0,0,0.3);box-shadow: 3px 3px 7px rgba(0,0,0,0.3);\"><a class=\"fusion-no-lightbox\" href=\"https:\/\/www.herz-energie.at\/pl\/produkt\/pompa-ciepla\/wysokotemperaturowe-pompy-ciepla-commotherm-sw-ww\/\" target=\"_self\"><img decoding=\"async\" src=\"https:\/\/www.herz-energie.at\/wp-content\/uploads\/2016\/10\/HERZ-grosswaermepumpe-commotherm_SW-WW_1.2-300x300.jpg\" alt class=\"img-responsive\"\/><\/a><\/span><\/div><\/div><\/div><div class=\"fusion-clearfix\"><\/div><\/div><\/div><\/div><\/div><\/p>","protected":false},"excerpt":{"rendered":"","protected":false},"author":1,"featured_media":0,"parent":92,"menu_order":0,"comment_status":"closed","ping_status":"closed","template":"","meta":{"footnotes":""},"class_list":["post-131","page","type-page","status-publish","hentry"],"yoast_head":"<!-- This site is optimized with the Yoast SEO Premium plugin v25.2 (Yoast SEO v25.2) - https:\/\/yoast.com\/wordpress\/plugins\/seo\/ -->\n<title>Wody gruntowe i geotermalne pompy ciep\u0142a - HERZ Energietechnik<\/title>\n<meta name=\"robots\" content=\"index, follow, max-snippet:-1, max-image-preview:large, max-video-preview:-1\" \/>\n<link rel=\"canonical\" href=\"http:\/\/www.herz-energie.at\/pl\/produkt\/pompa-ciepla\/sw-ww\/\" \/>\n<meta property=\"og:locale\" content=\"de_DE\" \/>\n<meta property=\"og:type\" content=\"article\" \/>\n<meta property=\"og:title\" content=\"Wody gruntowe i geotermalne pompy ciep\u0142a\" \/>\n<meta property=\"og:url\" content=\"http:\/\/www.herz-energie.at\/pl\/produkt\/pompa-ciepla\/sw-ww\/\" \/>\n<meta property=\"og:site_name\" content=\"HERZ Energietechnik\" \/>\n<meta property=\"article:modified_time\" content=\"2025-09-22T10:15:13+00:00\" \/>\n<meta property=\"og:image\" content=\"https:\/\/www.herz-energie.at\/wp-content\/uploads\/2015\/10\/Herz-waermepumpe-commotherm_SW_und_WW-300x300.jpg\" \/>\n<meta name=\"twitter:card\" content=\"summary_large_image\" \/>\n<meta name=\"twitter:label1\" content=\"Gesch\u00e4tzte Lesezeit\" \/>\n\t<meta name=\"twitter:data1\" content=\"7\u00a0Minuten\" \/>\n<script type=\"application\/ld+json\" class=\"yoast-schema-graph\">{\"@context\":\"https:\/\/schema.org\",\"@graph\":[{\"@type\":\"WebPage\",\"@id\":\"http:\/\/www.herz-energie.at\/pl\/produkt\/pompa-ciepla\/sw-ww\/\",\"url\":\"http:\/\/www.herz-energie.at\/pl\/produkt\/pompa-ciepla\/sw-ww\/\",\"name\":\"Wody gruntowe i geotermalne pompy ciep\u0142a - HERZ Energietechnik\",\"isPartOf\":{\"@id\":\"http:\/\/www.herz-energie.at\/pl\/#website\"},\"primaryImageOfPage\":{\"@id\":\"http:\/\/www.herz-energie.at\/pl\/produkt\/pompa-ciepla\/sw-ww\/#primaryimage\"},\"image\":{\"@id\":\"http:\/\/www.herz-energie.at\/pl\/produkt\/pompa-ciepla\/sw-ww\/#primaryimage\"},\"thumbnailUrl\":\"https:\/\/www.herz-energie.at\/wp-content\/uploads\/2015\/10\/Herz-waermepumpe-commotherm_SW_und_WW-300x300.jpg\",\"datePublished\":\"2016-07-13T13:17:59+00:00\",\"dateModified\":\"2025-09-22T10:15:13+00:00\",\"breadcrumb\":{\"@id\":\"http:\/\/www.herz-energie.at\/pl\/produkt\/pompa-ciepla\/sw-ww\/#breadcrumb\"},\"inLanguage\":\"de\",\"potentialAction\":[{\"@type\":\"ReadAction\",\"target\":[\"http:\/\/www.herz-energie.at\/pl\/produkt\/pompa-ciepla\/sw-ww\/\"]}]},{\"@type\":\"ImageObject\",\"inLanguage\":\"de\",\"@id\":\"http:\/\/www.herz-energie.at\/pl\/produkt\/pompa-ciepla\/sw-ww\/#primaryimage\",\"url\":\"https:\/\/www.herz-energie.at\/wp-content\/uploads\/2015\/10\/Herz-waermepumpe-commotherm_SW_und_WW-300x300.jpg\",\"contentUrl\":\"https:\/\/www.herz-energie.at\/wp-content\/uploads\/2015\/10\/Herz-waermepumpe-commotherm_SW_und_WW-300x300.jpg\"},{\"@type\":\"BreadcrumbList\",\"@id\":\"http:\/\/www.herz-energie.at\/pl\/produkt\/pompa-ciepla\/sw-ww\/#breadcrumb\",\"itemListElement\":[{\"@type\":\"ListItem\",\"position\":1,\"name\":\"Startseite\",\"item\":\"http:\/\/www.herz-energie.at\/pl\/\"},{\"@type\":\"ListItem\",\"position\":2,\"name\":\"Produkt\",\"item\":\"https:\/\/www.herz-energie.at\/pl\/produkt\/\"},{\"@type\":\"ListItem\",\"position\":3,\"name\":\"Pompa ciep\u0142a\",\"item\":\"http:\/\/www.herz-energie.at\/pl\/produkt\/pompa-ciepla\/\"},{\"@type\":\"ListItem\",\"position\":4,\"name\":\"Wody gruntowe i geotermalne pompy ciep\u0142a\"}]},{\"@type\":\"WebSite\",\"@id\":\"http:\/\/www.herz-energie.at\/pl\/#website\",\"url\":\"http:\/\/www.herz-energie.at\/pl\/\",\"name\":\"HERZ Energietechnik\",\"description\":\"Specjali\u015bci od Odnawialnych \u0179r\u00f3de\u0142 Energii\",\"potentialAction\":[{\"@type\":\"SearchAction\",\"target\":{\"@type\":\"EntryPoint\",\"urlTemplate\":\"http:\/\/www.herz-energie.at\/pl\/?s={search_term_string}\"},\"query-input\":{\"@type\":\"PropertyValueSpecification\",\"valueRequired\":true,\"valueName\":\"search_term_string\"}}],\"inLanguage\":\"de\"}]}<\/script>\n<!-- \/ Yoast SEO Premium plugin. -->","yoast_head_json":{"title":"Wody gruntowe i geotermalne pompy ciep\u0142a - HERZ Energietechnik","robots":{"index":"index","follow":"follow","max-snippet":"max-snippet:-1","max-image-preview":"max-image-preview:large","max-video-preview":"max-video-preview:-1"},"canonical":"http:\/\/www.herz-energie.at\/pl\/produkt\/pompa-ciepla\/sw-ww\/","og_locale":"de_DE","og_type":"article","og_title":"Wody gruntowe i geotermalne pompy ciep\u0142a","og_url":"http:\/\/www.herz-energie.at\/pl\/produkt\/pompa-ciepla\/sw-ww\/","og_site_name":"HERZ Energietechnik","article_modified_time":"2025-09-22T10:15:13+00:00","og_image":[{"url":"https:\/\/www.herz-energie.at\/wp-content\/uploads\/2015\/10\/Herz-waermepumpe-commotherm_SW_und_WW-300x300.jpg","type":"","width":"","height":""}],"twitter_card":"summary_large_image","twitter_misc":{"Gesch\u00e4tzte Lesezeit":"7\u00a0Minuten"},"schema":{"@context":"https:\/\/schema.org","@graph":[{"@type":"WebPage","@id":"http:\/\/www.herz-energie.at\/pl\/produkt\/pompa-ciepla\/sw-ww\/","url":"http:\/\/www.herz-energie.at\/pl\/produkt\/pompa-ciepla\/sw-ww\/","name":"Wody gruntowe i geotermalne pompy ciep\u0142a - HERZ Energietechnik","isPartOf":{"@id":"http:\/\/www.herz-energie.at\/pl\/#website"},"primaryImageOfPage":{"@id":"http:\/\/www.herz-energie.at\/pl\/produkt\/pompa-ciepla\/sw-ww\/#primaryimage"},"image":{"@id":"http:\/\/www.herz-energie.at\/pl\/produkt\/pompa-ciepla\/sw-ww\/#primaryimage"},"thumbnailUrl":"https:\/\/www.herz-energie.at\/wp-content\/uploads\/2015\/10\/Herz-waermepumpe-commotherm_SW_und_WW-300x300.jpg","datePublished":"2016-07-13T13:17:59+00:00","dateModified":"2025-09-22T10:15:13+00:00","breadcrumb":{"@id":"http:\/\/www.herz-energie.at\/pl\/produkt\/pompa-ciepla\/sw-ww\/#breadcrumb"},"inLanguage":"de","potentialAction":[{"@type":"ReadAction","target":["http:\/\/www.herz-energie.at\/pl\/produkt\/pompa-ciepla\/sw-ww\/"]}]},{"@type":"ImageObject","inLanguage":"de","@id":"http:\/\/www.herz-energie.at\/pl\/produkt\/pompa-ciepla\/sw-ww\/#primaryimage","url":"https:\/\/www.herz-energie.at\/wp-content\/uploads\/2015\/10\/Herz-waermepumpe-commotherm_SW_und_WW-300x300.jpg","contentUrl":"https:\/\/www.herz-energie.at\/wp-content\/uploads\/2015\/10\/Herz-waermepumpe-commotherm_SW_und_WW-300x300.jpg"},{"@type":"BreadcrumbList","@id":"http:\/\/www.herz-energie.at\/pl\/produkt\/pompa-ciepla\/sw-ww\/#breadcrumb","itemListElement":[{"@type":"ListItem","position":1,"name":"Startseite","item":"http:\/\/www.herz-energie.at\/pl\/"},{"@type":"ListItem","position":2,"name":"Produkt","item":"https:\/\/www.herz-energie.at\/pl\/produkt\/"},{"@type":"ListItem","position":3,"name":"Pompa ciep\u0142a","item":"http:\/\/www.herz-energie.at\/pl\/produkt\/pompa-ciepla\/"},{"@type":"ListItem","position":4,"name":"Wody gruntowe i geotermalne pompy ciep\u0142a"}]},{"@type":"WebSite","@id":"http:\/\/www.herz-energie.at\/pl\/#website","url":"http:\/\/www.herz-energie.at\/pl\/","name":"HERZ Energietechnik","description":"Specjali\u015bci od Odnawialnych \u0179r\u00f3de\u0142 Energii","potentialAction":[{"@type":"SearchAction","target":{"@type":"EntryPoint","urlTemplate":"http:\/\/www.herz-energie.at\/pl\/?s={search_term_string}"},"query-input":{"@type":"PropertyValueSpecification","valueRequired":true,"valueName":"search_term_string"}}],"inLanguage":"de"}]}},"_links":{"self":[{"href":"http:\/\/www.herz-energie.at\/pl\/wp-json\/wp\/v2\/pages\/131","targetHints":{"allow":["GET"]}}],"collection":[{"href":"http:\/\/www.herz-energie.at\/pl\/wp-json\/wp\/v2\/pages"}],"about":[{"href":"http:\/\/www.herz-energie.at\/pl\/wp-json\/wp\/v2\/types\/page"}],"author":[{"embeddable":true,"href":"http:\/\/www.herz-energie.at\/pl\/wp-json\/wp\/v2\/users\/1"}],"replies":[{"embeddable":true,"href":"http:\/\/www.herz-energie.at\/pl\/wp-json\/wp\/v2\/comments?post=131"}],"version-history":[{"count":1,"href":"http:\/\/www.herz-energie.at\/pl\/wp-json\/wp\/v2\/pages\/131\/revisions"}],"predecessor-version":[{"id":600,"href":"http:\/\/www.herz-energie.at\/pl\/wp-json\/wp\/v2\/pages\/131\/revisions\/600"}],"up":[{"embeddable":true,"href":"http:\/\/www.herz-energie.at\/pl\/wp-json\/wp\/v2\/pages\/92"}],"wp:attachment":[{"href":"http:\/\/www.herz-energie.at\/pl\/wp-json\/wp\/v2\/media?parent=131"}],"curies":[{"name":"wp","href":"https:\/\/api.w.org\/{rel}","templated":true}]}}