{"id":122,"date":"2016-07-13T14:34:59","date_gmt":"2016-07-13T12:34:59","guid":{"rendered":"https:\/\/www.herz-energie.at\/pl\/?page_id=122"},"modified":"2025-11-25T10:21:35","modified_gmt":"2025-11-25T09:21:35","slug":"biofire-500-1500","status":"publish","type":"page","link":"http:\/\/www.herz-energie.at\/pl\/produkt\/zrebka-pelet\/biofire-500-1500\/","title":{"rendered":"HERZ BioFire 500-1500"},"content":{"rendered":"<div class=\"fusion-fullwidth fullwidth-box fusion-builder-row-1 nonhundred-percent-fullwidth non-hundred-percent-height-scrolling\" style=\"--awb-background-position:left top;--awb-border-sizes-top:0px;--awb-border-sizes-bottom:0px;--awb-border-sizes-left:0px;--awb-border-sizes-right:0px;--awb-border-radius-top-left:0px;--awb-border-radius-top-right:0px;--awb-border-radius-bottom-right:0px;--awb-border-radius-bottom-left:0px;\" ><div class=\"fusion-builder-row fusion-row\"><div class=\"fusion-layout-column fusion_builder_column fusion-builder-column-0 fusion_builder_column_1_2 1_2 fusion-one-half fusion-column-first\" style=\"--awb-bg-position:right bottom;--awb-bg-size:cover;\"><div class=\"fusion-column-wrapper fusion-flex-column-wrapper-legacy\"><div class=\"fusion-slider-sc fusion-flexslider-loading flexslider flexslider-hover-type-none\" data-slideshow_autoplay=\"1\" data-slideshow_smooth_height=\"0\" data-slideshow_speed=\"7000\" style=\"max-width:100%;height:100%;\"><ul class=\"slides\"><li class=\"image\"><span class=\"fusion-image-hover-element hover-type-none\"><img decoding=\"async\" src=\"https:\/\/www.herz-energie.at\/en\/wp-content\/uploads\/sites\/2\/2021\/10\/HERZ_BioFire_500-1500_wood_chip_pellet_T-Control_shadow.png\" \/><\/span><\/li><li class=\"image\"><span class=\"fusion-image-hover-element hover-type-none\"><img decoding=\"async\" src=\"https:\/\/www.herz-energie.at\/wp-content\/uploads\/2015\/10\/Herz-Hackgut-Pelletskessel-Biofire-500-1500_Schnitt.jpg\" \/><\/span><\/li><\/ul><\/div><div class=\"fusion-sep-clear\"><\/div><div class=\"fusion-separator fusion-full-width-sep\" style=\"margin-left: auto;margin-right: auto;margin-bottom:-70px;width:100%;\"><\/div><div class=\"fusion-sep-clear\"><\/div><div class=\"fusion-clearfix\"><\/div><\/div><\/div><div class=\"fusion-layout-column fusion_builder_column fusion-builder-column-1 fusion_builder_column_1_2 1_2 fusion-one-half fusion-column-last\" style=\"--awb-padding-top:10px;--awb-padding-right:10px;--awb-padding-bottom:10px;--awb-padding-left:10px;--awb-bg-position:right bottom;--awb-bg-size:cover;\"><div class=\"fusion-column-wrapper fusion-flex-column-wrapper-legacy\"><div class=\"fusion-text fusion-text-1\"><p style=\"letter-spacing: 4px; font-size: 13px; margin-bottom: 0px;\">KOMFORTOWE I WGODNE OGRZEWANIE ZE ZR\u0118BK\u00d3W DRZEWNYCH I PELET\u00d3W!<\/p>\n<h1>BioFire 500-1500<\/h1>\n<p><em>Zakres mocy od 150 do 1500 kW<\/em><\/p>\n<\/div><div class=\"fusion-sep-clear\"><\/div><div class=\"fusion-separator fusion-clearfix\" style=\"float:left;margin-top:0px;margin-bottom:30px;width:100%;max-width:50px;\"><div class=\"fusion-separator-border sep-single sep-solid\" style=\"border-color:#e30613;border-top-width:1px;\"><\/div><\/div><div class=\"fusion-sep-clear\"><\/div><div class=\"fusion-text fusion-text-2\"><p>HERZ BioFire 500\/600\/800\/1000\/1500 jest odpowiedzi\u0105 na du\u017ce inwestycje. Innowacyjne kot\u0142y o wyj\u0105tkowo kompaktowych wymiarach BioFire na zr\u0119bki drzewne lub pelet!<\/p>\n<\/div><div class=\"fusion-clearfix\"><\/div><\/div><\/div><div class=\"fusion-layout-column fusion_builder_column fusion-builder-column-2 fusion_builder_column_2_3 2_3 fusion-two-third fusion-column-first\" style=\"--awb-bg-size:cover;width:65.3333%; margin-right: 4%;\"><div class=\"fusion-column-wrapper fusion-flex-column-wrapper-legacy\"><div class=\"fusion-sep-clear\"><\/div><div class=\"fusion-separator fusion-full-width-sep\" style=\"margin-left: auto;margin-right: auto;margin-top:20px;width:100%;\"><\/div><div class=\"fusion-sep-clear\"><\/div><div class=\"fusion-text fusion-text-3\"><h2 style=\"text-align: left;\">Najwi\u0119ksze zalety HERZ BioFire 500-1500<\/h2>\n<\/div><div class=\"fusion-sep-clear\"><\/div><div class=\"fusion-separator fusion-clearfix\" style=\"float:left;margin-top:0px;margin-bottom:30px;width:100%;max-width:50px;\"><div class=\"fusion-separator-border sep-single sep-solid\" style=\"border-color:#e30613;border-top-width:1px;\"><\/div><\/div><div class=\"fusion-sep-clear\"><\/div><ul style=\"--awb-size:16px;--awb-iconcolor:#e30613;--awb-line-height:27.2px;--awb-icon-width:27.2px;--awb-icon-height:27.2px;--awb-icon-margin:11.2px;--awb-content-margin:38.4px;\" class=\"fusion-checklist fusion-checklist-1 fusion-checklist-default type-icons\"><li class=\"fusion-li-item\" style=\"\"><span class=\"icon-wrapper circle-no\"><i class=\"fusion-li-icon fa fa-check-circle\" aria-hidden=\"true\"><\/i><\/span><div class=\"fusion-li-item-content\">Mo\u017cliwo\u015b\u0107 zestawienia w kaskadzie do 4500 kW<\/div><\/li><li class=\"fusion-li-item\" style=\"\"><span class=\"icon-wrapper circle-no\"><i class=\"fusion-li-icon fa fa-check-circle\" aria-hidden=\"true\"><\/i><\/span><div class=\"fusion-li-item-content\">Kocio\u0142 o konstrukcji modu\u0142owej<\/div><\/li><li class=\"fusion-li-item\" style=\"\"><span class=\"icon-wrapper circle-no\"><i class=\"fusion-li-icon fa fa-check-circle\" aria-hidden=\"true\"><\/i><\/span><div class=\"fusion-li-item-content\">Szybki monta\u017c przez modu\u0142y z element\u00f3w ca\u0142kowicie prefabrykowanych<\/div><\/li><li class=\"fusion-li-item\" style=\"\"><span class=\"icon-wrapper circle-no\"><i class=\"fusion-li-icon fa fa-check-circle\" aria-hidden=\"true\"><\/i><\/span><div class=\"fusion-li-item-content\">Niewielka waga urz\u0105dze\u0144<\/div><\/li><li class=\"fusion-li-item\" style=\"\"><span class=\"icon-wrapper circle-no\"><i class=\"fusion-li-icon fa fa-check-circle\" aria-hidden=\"true\"><\/i><\/span><div class=\"fusion-li-item-content\">Minimalne wymiary zewn\u0119trzne, niezwykle kompaktowe urz\u0105dzenie<\/div><\/li><li class=\"fusion-li-item\" style=\"\"><span class=\"icon-wrapper circle-no\"><i class=\"fusion-li-icon fa fa-check-circle\" aria-hidden=\"true\"><\/i><\/span><div class=\"fusion-li-item-content\">Dwustrefowy ruszt schodkowy<\/div><\/li><li class=\"fusion-li-item\" style=\"\"><span class=\"icon-wrapper circle-no\"><i class=\"fusion-li-icon fa fa-check-circle\" aria-hidden=\"true\"><\/i><\/span><div class=\"fusion-li-item-content\">Automatyczne czyszczenie komory spalania i pionowego rurowego wymiennika ciep\u0142a<\/div><\/li><li class=\"fusion-li-item\" style=\"\"><span class=\"icon-wrapper circle-no\"><i class=\"fusion-li-icon fa fa-check-circle\" aria-hidden=\"true\"><\/i><\/span><div class=\"fusion-li-item-content\">Mo\u017cliwo\u015b\u0107 automatycznego usuwania popio\u0142u do zbiornika zewn\u0119trznego<\/div><\/li><\/ul><div class=\"fusion-sep-clear\"><\/div><div class=\"fusion-separator fusion-full-width-sep\" style=\"margin-left: auto;margin-right: auto;margin-top:60px;width:100%;\"><\/div><div class=\"fusion-sep-clear\"><\/div><div class=\"fusion-text fusion-text-4\"><h2 style=\"text-align: left;\">HERZ BioFire &#8211; indywidualne podej\u015bcie<\/h2>\n<\/div><div class=\"fusion-sep-clear\"><\/div><div class=\"fusion-separator fusion-clearfix\" style=\"float:left;margin-top:0px;margin-bottom:30px;width:100%;max-width:50px;\"><div class=\"fusion-separator-border sep-single sep-solid\" style=\"border-color:#e30613;border-top-width:1px;\"><\/div><\/div><div class=\"fusion-sep-clear\"><\/div><ul style=\"--awb-size:16px;--awb-iconcolor:#e30613;--awb-line-height:27.2px;--awb-icon-width:27.2px;--awb-icon-height:27.2px;--awb-icon-margin:11.2px;--awb-content-margin:38.4px;\" class=\"fusion-checklist fusion-checklist-2 fusion-checklist-default type-icons\"><li class=\"fusion-li-item\" style=\"\"><span class=\"icon-wrapper circle-no\"><i class=\"fusion-li-icon fa fa-caret-right\" aria-hidden=\"true\"><\/i><\/span><div class=\"fusion-li-item-content\">Du\u017ce budynki: szpitale, szko\u0142y, budynki u\u017cyteczno\u015bci publicznej, itp<\/div><\/li><li class=\"fusion-li-item\" style=\"\"><span class=\"icon-wrapper circle-no\"><i class=\"fusion-li-icon fa fa-caret-right\" aria-hidden=\"true\"><\/i><\/span><div class=\"fusion-li-item-content\">Hotele: ogrzewanie i podgrzewanie basen\u00f3w, spa, itp <\/div><\/li><li class=\"fusion-li-item\" style=\"\"><span class=\"icon-wrapper circle-no\"><i class=\"fusion-li-icon fa fa-caret-right\" aria-hidden=\"true\"><\/i><\/span><div class=\"fusion-li-item-content\">Kot\u0142ownie lokalne: Ogrzewanie dzielnic, osiedli, etc.<\/div><\/li><li class=\"fusion-li-item\" style=\"\"><span class=\"icon-wrapper circle-no\"><i class=\"fusion-li-icon fa fa-caret-right\" aria-hidden=\"true\"><\/i><\/span><div class=\"fusion-li-item-content\">Zak\u0142ady produkcji drzewnej: stolarnie, producenci mebli, etc.<\/div><\/li><\/ul><div class=\"fusion-sep-clear\"><\/div><div class=\"fusion-separator fusion-full-width-sep\" style=\"margin-left: auto;margin-right: auto;margin-top:60px;width:100%;\"><\/div><div class=\"fusion-sep-clear\"><\/div><div class=\"fusion-image-carousel fusion-image-carousel-fixed fusion-image-carousel-1 lightbox-enabled fusion-carousel-border\"><div class=\"awb-carousel awb-swiper awb-swiper-carousel\" data-autoplay=\"no\" data-columns=\"4\" data-itemmargin=\"13\" data-itemwidth=\"180\" data-touchscroll=\"no\" data-imagesize=\"fixed\" style=\"--awb-columns:4;\"><div class=\"swiper-wrapper fusion-flex-align-items-center\"><div class=\"swiper-slide\"><div class=\"fusion-carousel-item-wrapper\"><div class=\"fusion-image-wrapper hover-type-none\"><a data-rel=\"iLightbox[image_carousel_1]\" href=\"https:\/\/www.herz-energie.at\/wp-content\/uploads\/2015\/10\/2010-HERZ-Innovationspreis.jpg\" target=\"_self\"><img decoding=\"async\" src=\"https:\/\/www.herz-energie.at\/wp-content\/uploads\/2015\/10\/2010-HERZ-Innovationspreis.jpg\" alt=\"\"\/><\/a><\/div><\/div><\/div><div class=\"swiper-slide\"><div class=\"fusion-carousel-item-wrapper\"><div class=\"fusion-image-wrapper hover-type-none\"><a data-rel=\"iLightbox[image_carousel_1]\" href=\"https:\/\/www.herz-energie.at\/wp-content\/uploads\/2015\/10\/BioFire_Roehrenwaermetauscher.jpg\" target=\"_self\"><img decoding=\"async\" src=\"https:\/\/www.herz-energie.at\/wp-content\/uploads\/2015\/10\/BioFire_Roehrenwaermetauscher.jpg\" alt=\"\"\/><\/a><\/div><\/div><\/div><div class=\"swiper-slide\"><div class=\"fusion-carousel-item-wrapper\"><div class=\"fusion-image-wrapper hover-type-none\"><a data-rel=\"iLightbox[image_carousel_1]\" href=\"https:\/\/www.herz-energie.at\/wp-content\/uploads\/2015\/10\/BioFire_zentrale_Aschenaustragung.jpg\" target=\"_self\"><img decoding=\"async\" src=\"https:\/\/www.herz-energie.at\/wp-content\/uploads\/2015\/10\/BioFire_zentrale_Aschenaustragung.jpg\" alt=\"\"\/><\/a><\/div><\/div><\/div><\/div><div class=\"awb-swiper-button awb-swiper-button-prev\"><i class=\"awb-icon-angle-left\" aria-hidden=\"true\"><\/i><\/div><div class=\"awb-swiper-button awb-swiper-button-next\"><i class=\"awb-icon-angle-right\" aria-hidden=\"true\"><\/i><\/div><\/div><\/div><div class=\"fusion-clearfix\"><\/div><\/div><\/div><div class=\"fusion-layout-column fusion_builder_column fusion-builder-column-3 fusion_builder_column_1_3 1_3 fusion-one-third fusion-column-last\" style=\"--awb-bg-size:cover;--awb-border-color:#dddddd;--awb-border-top:1px;--awb-border-right:1px;--awb-border-bottom:1px;--awb-border-left:1px;--awb-border-style:solid;--awb-margin-bottom:20px;width:30.6666%;\"><div class=\"fusion-column-wrapper fusion-flex-column-wrapper-legacy\"><div class=\"fusion-image-element fusion-image-align-center in-legacy-container\" style=\"text-align:center;\"><div class=\"imageframe-align-center\"><span class=\" fusion-imageframe imageframe-none imageframe-1 hover-type-none\"><img decoding=\"async\" src=\"https:\/\/www.herz-energie.at\/wp-content\/uploads\/2015\/02\/Button_Hackgut-Pellets.jpg\" alt class=\"img-responsive\"\/><\/span><\/div><\/div><style type='text\/css'>.reading-box-container-1 .element-bottomshadow:before,.reading-box-container-1 .element-bottomshadow:after{opacity:0.7;}<\/style><div class=\"fusion-reading-box-container reading-box-container-1\" style=\"margin-top:10px;margin-bottom:84px;\"><div class=\"reading-box reading-box-center\" style=\"background-color:#f4f4f4;border-width:0px;border-color:#f6f6f6;border-top-width:3px;border-top-color:var(--primary_color);border-style:solid;\"><div class=\"reading-box-additional\"><strong>Paliwa:<\/strong><br \/>\nZr\u0119bki drzewne i pelety<\/div><div class=\"fusion-clearfix\"><\/div><\/div><\/div><div class=\"fusion-sep-clear\"><\/div><div class=\"fusion-separator fusion-full-width-sep\" style=\"margin-left: auto;margin-right: auto;margin-top:-86px;margin-bottom:10px;width:100%;\"><\/div><div class=\"fusion-sep-clear\"><\/div><div class=\"fusion-image-element fusion-image-align-center in-legacy-container\" style=\"text-align:center;\"><div class=\"imageframe-align-center\"><span class=\" fusion-imageframe imageframe-none imageframe-2 hover-type-zoomin\"><a class=\"fusion-no-lightbox\" href=\"https:\/\/www.herz-energie.at\/pl\/pliki-do-sciagniecia\/\" target=\"_self\"><img decoding=\"async\" alt=\"Rozwi\u0105zanie dla du\u017cych projekt\u00f3w\" src=\"https:\/\/www.herz-energie.at\/wp-content\/uploads\/2015\/10\/BioFire-Prospekt_Deutsch.jpg\" class=\"img-responsive\"\/><\/a><\/span><\/div><\/div><div class=\"fusion-sep-clear\"><\/div><div class=\"fusion-separator fusion-full-width-sep\" style=\"margin-left: auto;margin-right: auto;margin-bottom:-17px;width:100%;\"><\/div><div class=\"fusion-sep-clear\"><\/div><style type='text\/css'>.reading-box-container-2 .element-bottomshadow:before,.reading-box-container-2 .element-bottomshadow:after{opacity:0.7;}<\/style><div class=\"fusion-reading-box-container reading-box-container-2\" style=\"margin-top:0px;margin-bottom:84px;\"><div class=\"reading-box reading-box-center\" style=\"background-color:#f4f4f4;border-width:0px;border-color:#f6f6f6;border-top-width:3px;border-top-color:var(--primary_color);border-style:solid;\"><div class=\"reading-box-additional\"><a href=\"https:\/\/www.herz-energie.at\/pl\/pliki-do-sciagniecia\/\"><i class=\"fa fa-angle-right\" style=\"font-weight: bold; color: red;\"><\/i> <strong>Rozwi\u0105zanie dla du\u017cych projekt\u00f3w<\/strong><\/a><br \/>\nWi\u0119cej informacji w broszurze!<\/div><div class=\"fusion-clearfix\"><\/div><\/div><\/div><div class=\"fusion-sep-clear\"><\/div><div class=\"fusion-separator fusion-full-width-sep\" style=\"margin-left: auto;margin-right: auto;margin-top:-86px;width:100%;\"><\/div><div class=\"fusion-sep-clear\"><\/div><div class=\"fusion-image-element fusion-image-align-center in-legacy-container\" style=\"text-align:center;\"><div class=\"imageframe-align-center\"><span class=\" fusion-imageframe imageframe-none imageframe-3 hover-type-zoomin\"><a class=\"fusion-no-lightbox\" href=\"https:\/\/www.herz-energie.at\/pl\/produkt\/systemy-magazynowania-i-technologie-transportu-paliwa\/\" target=\"_self\"><img decoding=\"async\" alt=\"Systemy magazynowania i technologie transportu paliwa\" src=\"https:\/\/www.herz-energie.at\/wp-content\/uploads\/2015\/10\/firematic_Austragung_Ruehrwerk_2_Befuellschnecken_300x212.jpg\" class=\"img-responsive\"\/><\/a><\/span><\/div><\/div><style type='text\/css'>.reading-box-container-3 .element-bottomshadow:before,.reading-box-container-3 .element-bottomshadow:after{opacity:0.7;}<\/style><div class=\"fusion-reading-box-container reading-box-container-3\" style=\"margin-top:0px;margin-bottom:84px;\"><div class=\"reading-box reading-box-center\" style=\"background-color:#f4f4f4;border-width:0px;border-color:#f6f6f6;border-top-width:3px;border-top-color:var(--primary_color);border-style:solid;\"><div class=\"reading-box-additional\"><a href=\"https:\/\/www.herz-energie.at\/pl\/produkt\/systemy-magazynowania-i-technologie-transportu-paliwa\/\"><i class=\"fa fa-angle-right\" style=\"font-weight: bold; color: red;\"><\/i> <strong>Systemy magazynowania i technologie transportu paliwa<\/strong><\/a><br \/>\nSystem magazynowania i przeno\u015bnik\u00f3w<\/div><div class=\"fusion-clearfix\"><\/div><\/div><\/div><div class=\"fusion-sep-clear\"><\/div><div class=\"fusion-separator fusion-full-width-sep\" style=\"margin-left: auto;margin-right: auto;margin-top:-86px;width:100%;\"><\/div><div class=\"fusion-sep-clear\"><\/div><div class=\"fusion-clearfix\"><\/div><\/div><\/div><\/div><\/div>","protected":false},"excerpt":{"rendered":"","protected":false},"author":1,"featured_media":0,"parent":87,"menu_order":0,"comment_status":"closed","ping_status":"closed","template":"","meta":{"footnotes":""},"class_list":["post-122","page","type-page","status-publish","hentry"],"yoast_head":"<!-- This site is optimized with the Yoast SEO Premium plugin v25.2 (Yoast SEO v25.2) - https:\/\/yoast.com\/wordpress\/plugins\/seo\/ -->\n<title>HERZ BioFire 500-1500 - HERZ Energietechnik<\/title>\n<meta name=\"description\" content=\"HERZ BioFire jest odpowiedzi\u0105 na du\u017ce inwestycje. Innowacyjne kot\u0142y o wyj\u0105tkowo kompaktowych wymiarach BioFire na zr\u0119bki drzewne lub pelet!\" \/>\n<meta name=\"robots\" content=\"index, follow, max-snippet:-1, max-image-preview:large, max-video-preview:-1\" \/>\n<link rel=\"canonical\" href=\"https:\/\/www.herz-energie.at\/pl\/produkt\/zrebka-pelet\/biofire-500-1500\/\" \/>\n<meta property=\"og:locale\" content=\"de_DE\" \/>\n<meta property=\"og:type\" content=\"article\" \/>\n<meta property=\"og:title\" content=\"HERZ BioFire 500-1500\" \/>\n<meta property=\"og:description\" content=\"HERZ BioFire jest odpowiedzi\u0105 na du\u017ce inwestycje. Innowacyjne kot\u0142y o wyj\u0105tkowo kompaktowych wymiarach BioFire na zr\u0119bki drzewne lub pelet!\" \/>\n<meta property=\"og:url\" content=\"https:\/\/www.herz-energie.at\/pl\/produkt\/zrebka-pelet\/biofire-500-1500\/\" \/>\n<meta property=\"og:site_name\" content=\"HERZ Energietechnik\" \/>\n<meta property=\"article:modified_time\" content=\"2025-11-25T09:21:35+00:00\" \/>\n<meta property=\"og:image\" content=\"https:\/\/www.herz-energie.at\/wp-content\/uploads\/2015\/02\/Button_Hackgut-Pellets.jpg\" \/>\n<meta name=\"twitter:card\" content=\"summary_large_image\" \/>\n<meta name=\"twitter:label1\" content=\"Gesch\u00e4tzte Lesezeit\" \/>\n\t<meta name=\"twitter:data1\" content=\"7\u00a0Minuten\" \/>\n<script type=\"application\/ld+json\" class=\"yoast-schema-graph\">{\"@context\":\"https:\/\/schema.org\",\"@graph\":[{\"@type\":\"WebPage\",\"@id\":\"https:\/\/www.herz-energie.at\/pl\/produkt\/zrebka-pelet\/biofire-500-1500\/\",\"url\":\"https:\/\/www.herz-energie.at\/pl\/produkt\/zrebka-pelet\/biofire-500-1500\/\",\"name\":\"HERZ BioFire 500-1500 - HERZ Energietechnik\",\"isPartOf\":{\"@id\":\"https:\/\/www.herz-energie.at\/pl\/#website\"},\"primaryImageOfPage\":{\"@id\":\"https:\/\/www.herz-energie.at\/pl\/produkt\/zrebka-pelet\/biofire-500-1500\/#primaryimage\"},\"image\":{\"@id\":\"https:\/\/www.herz-energie.at\/pl\/produkt\/zrebka-pelet\/biofire-500-1500\/#primaryimage\"},\"thumbnailUrl\":\"https:\/\/www.herz-energie.at\/wp-content\/uploads\/2015\/02\/Button_Hackgut-Pellets.jpg\",\"datePublished\":\"2016-07-13T12:34:59+00:00\",\"dateModified\":\"2025-11-25T09:21:35+00:00\",\"description\":\"HERZ BioFire jest odpowiedzi\u0105 na du\u017ce inwestycje. Innowacyjne kot\u0142y o wyj\u0105tkowo kompaktowych wymiarach BioFire na zr\u0119bki drzewne lub pelet!\",\"breadcrumb\":{\"@id\":\"https:\/\/www.herz-energie.at\/pl\/produkt\/zrebka-pelet\/biofire-500-1500\/#breadcrumb\"},\"inLanguage\":\"de\",\"potentialAction\":[{\"@type\":\"ReadAction\",\"target\":[\"https:\/\/www.herz-energie.at\/pl\/produkt\/zrebka-pelet\/biofire-500-1500\/\"]}]},{\"@type\":\"ImageObject\",\"inLanguage\":\"de\",\"@id\":\"https:\/\/www.herz-energie.at\/pl\/produkt\/zrebka-pelet\/biofire-500-1500\/#primaryimage\",\"url\":\"https:\/\/www.herz-energie.at\/wp-content\/uploads\/2015\/02\/Button_Hackgut-Pellets.jpg\",\"contentUrl\":\"https:\/\/www.herz-energie.at\/wp-content\/uploads\/2015\/02\/Button_Hackgut-Pellets.jpg\"},{\"@type\":\"BreadcrumbList\",\"@id\":\"https:\/\/www.herz-energie.at\/pl\/produkt\/zrebka-pelet\/biofire-500-1500\/#breadcrumb\",\"itemListElement\":[{\"@type\":\"ListItem\",\"position\":1,\"name\":\"Startseite\",\"item\":\"https:\/\/www.herz-energie.at\/pl\/\"},{\"@type\":\"ListItem\",\"position\":2,\"name\":\"Produkt\",\"item\":\"http:\/\/www.herz-energie.at\/pl\/produkt\/\"},{\"@type\":\"ListItem\",\"position\":3,\"name\":\"Zr\u0119bka-\/ pelet\",\"item\":\"https:\/\/www.herz-energie.at\/pl\/produkt\/zrebka-pelet\/\"},{\"@type\":\"ListItem\",\"position\":4,\"name\":\"HERZ BioFire 500-1500\"}]},{\"@type\":\"WebSite\",\"@id\":\"https:\/\/www.herz-energie.at\/pl\/#website\",\"url\":\"https:\/\/www.herz-energie.at\/pl\/\",\"name\":\"HERZ Energietechnik\",\"description\":\"Specjali\u015bci od Odnawialnych \u0179r\u00f3de\u0142 Energii\",\"potentialAction\":[{\"@type\":\"SearchAction\",\"target\":{\"@type\":\"EntryPoint\",\"urlTemplate\":\"https:\/\/www.herz-energie.at\/pl\/?s={search_term_string}\"},\"query-input\":{\"@type\":\"PropertyValueSpecification\",\"valueRequired\":true,\"valueName\":\"search_term_string\"}}],\"inLanguage\":\"de\"}]}<\/script>\n<!-- \/ Yoast SEO Premium plugin. -->","yoast_head_json":{"title":"HERZ BioFire 500-1500 - HERZ Energietechnik","description":"HERZ BioFire jest odpowiedzi\u0105 na du\u017ce inwestycje. Innowacyjne kot\u0142y o wyj\u0105tkowo kompaktowych wymiarach BioFire na zr\u0119bki drzewne lub pelet!","robots":{"index":"index","follow":"follow","max-snippet":"max-snippet:-1","max-image-preview":"max-image-preview:large","max-video-preview":"max-video-preview:-1"},"canonical":"https:\/\/www.herz-energie.at\/pl\/produkt\/zrebka-pelet\/biofire-500-1500\/","og_locale":"de_DE","og_type":"article","og_title":"HERZ BioFire 500-1500","og_description":"HERZ BioFire jest odpowiedzi\u0105 na du\u017ce inwestycje. Innowacyjne kot\u0142y o wyj\u0105tkowo kompaktowych wymiarach BioFire na zr\u0119bki drzewne lub pelet!","og_url":"https:\/\/www.herz-energie.at\/pl\/produkt\/zrebka-pelet\/biofire-500-1500\/","og_site_name":"HERZ Energietechnik","article_modified_time":"2025-11-25T09:21:35+00:00","og_image":[{"url":"https:\/\/www.herz-energie.at\/wp-content\/uploads\/2015\/02\/Button_Hackgut-Pellets.jpg","type":"","width":"","height":""}],"twitter_card":"summary_large_image","twitter_misc":{"Gesch\u00e4tzte Lesezeit":"7\u00a0Minuten"},"schema":{"@context":"https:\/\/schema.org","@graph":[{"@type":"WebPage","@id":"https:\/\/www.herz-energie.at\/pl\/produkt\/zrebka-pelet\/biofire-500-1500\/","url":"https:\/\/www.herz-energie.at\/pl\/produkt\/zrebka-pelet\/biofire-500-1500\/","name":"HERZ BioFire 500-1500 - HERZ Energietechnik","isPartOf":{"@id":"https:\/\/www.herz-energie.at\/pl\/#website"},"primaryImageOfPage":{"@id":"https:\/\/www.herz-energie.at\/pl\/produkt\/zrebka-pelet\/biofire-500-1500\/#primaryimage"},"image":{"@id":"https:\/\/www.herz-energie.at\/pl\/produkt\/zrebka-pelet\/biofire-500-1500\/#primaryimage"},"thumbnailUrl":"https:\/\/www.herz-energie.at\/wp-content\/uploads\/2015\/02\/Button_Hackgut-Pellets.jpg","datePublished":"2016-07-13T12:34:59+00:00","dateModified":"2025-11-25T09:21:35+00:00","description":"HERZ BioFire jest odpowiedzi\u0105 na du\u017ce inwestycje. Innowacyjne kot\u0142y o wyj\u0105tkowo kompaktowych wymiarach BioFire na zr\u0119bki drzewne lub pelet!","breadcrumb":{"@id":"https:\/\/www.herz-energie.at\/pl\/produkt\/zrebka-pelet\/biofire-500-1500\/#breadcrumb"},"inLanguage":"de","potentialAction":[{"@type":"ReadAction","target":["https:\/\/www.herz-energie.at\/pl\/produkt\/zrebka-pelet\/biofire-500-1500\/"]}]},{"@type":"ImageObject","inLanguage":"de","@id":"https:\/\/www.herz-energie.at\/pl\/produkt\/zrebka-pelet\/biofire-500-1500\/#primaryimage","url":"https:\/\/www.herz-energie.at\/wp-content\/uploads\/2015\/02\/Button_Hackgut-Pellets.jpg","contentUrl":"https:\/\/www.herz-energie.at\/wp-content\/uploads\/2015\/02\/Button_Hackgut-Pellets.jpg"},{"@type":"BreadcrumbList","@id":"https:\/\/www.herz-energie.at\/pl\/produkt\/zrebka-pelet\/biofire-500-1500\/#breadcrumb","itemListElement":[{"@type":"ListItem","position":1,"name":"Startseite","item":"https:\/\/www.herz-energie.at\/pl\/"},{"@type":"ListItem","position":2,"name":"Produkt","item":"http:\/\/www.herz-energie.at\/pl\/produkt\/"},{"@type":"ListItem","position":3,"name":"Zr\u0119bka-\/ pelet","item":"https:\/\/www.herz-energie.at\/pl\/produkt\/zrebka-pelet\/"},{"@type":"ListItem","position":4,"name":"HERZ BioFire 500-1500"}]},{"@type":"WebSite","@id":"https:\/\/www.herz-energie.at\/pl\/#website","url":"https:\/\/www.herz-energie.at\/pl\/","name":"HERZ Energietechnik","description":"Specjali\u015bci od Odnawialnych \u0179r\u00f3de\u0142 Energii","potentialAction":[{"@type":"SearchAction","target":{"@type":"EntryPoint","urlTemplate":"https:\/\/www.herz-energie.at\/pl\/?s={search_term_string}"},"query-input":{"@type":"PropertyValueSpecification","valueRequired":true,"valueName":"search_term_string"}}],"inLanguage":"de"}]}},"_links":{"self":[{"href":"http:\/\/www.herz-energie.at\/pl\/wp-json\/wp\/v2\/pages\/122","targetHints":{"allow":["GET"]}}],"collection":[{"href":"http:\/\/www.herz-energie.at\/pl\/wp-json\/wp\/v2\/pages"}],"about":[{"href":"http:\/\/www.herz-energie.at\/pl\/wp-json\/wp\/v2\/types\/page"}],"author":[{"embeddable":true,"href":"http:\/\/www.herz-energie.at\/pl\/wp-json\/wp\/v2\/users\/1"}],"replies":[{"embeddable":true,"href":"http:\/\/www.herz-energie.at\/pl\/wp-json\/wp\/v2\/comments?post=122"}],"version-history":[{"count":1,"href":"http:\/\/www.herz-energie.at\/pl\/wp-json\/wp\/v2\/pages\/122\/revisions"}],"predecessor-version":[{"id":587,"href":"http:\/\/www.herz-energie.at\/pl\/wp-json\/wp\/v2\/pages\/122\/revisions\/587"}],"up":[{"embeddable":true,"href":"http:\/\/www.herz-energie.at\/pl\/wp-json\/wp\/v2\/pages\/87"}],"wp:attachment":[{"href":"http:\/\/www.herz-energie.at\/pl\/wp-json\/wp\/v2\/media?parent=122"}],"curies":[{"name":"wp","href":"https:\/\/api.w.org\/{rel}","templated":true}]}}