{"id":20,"date":"2016-01-28T09:44:41","date_gmt":"2016-01-28T08:44:41","guid":{"rendered":"https:\/\/www.herz-energie.at\/it\/?page_id=20"},"modified":"2025-06-25T12:28:31","modified_gmt":"2025-06-25T10:28:31","slug":"centro-formativo","status":"publish","type":"page","link":"http:\/\/www.herz-energie.at\/it\/azienda\/centro-formativo\/","title":{"rendered":"Centro formativo"},"content":{"rendered":"<p><div class=\"fusion-fullwidth fullwidth-box fusion-builder-row-1 nonhundred-percent-fullwidth non-hundred-percent-height-scrolling\" style=\"--awb-background-position:left bottom;--awb-border-radius-top-left:0px;--awb-border-radius-top-right:0px;--awb-border-radius-bottom-right:0px;--awb-border-radius-bottom-left:0px;\" ><div class=\"fusion-builder-row fusion-row\"><div class=\"fusion-layout-column fusion_builder_column fusion-builder-column-0 fusion_builder_column_3_4 3_4 fusion-three-fourth fusion-column-first\" style=\"--awb-padding-top:10px;--awb-padding-left:20px;--awb-overflow:hidden;--awb-bg-color:rgba(0,102,65,0.97);--awb-bg-size:cover;--awb-box-shadow:-20px 0px 0px #004f38;;--awb-border-color:#ffffff;--awb-border-style:solid;--awb-border-radius:0px 20px 20px 0px;width:75%;width:calc(75% - ( ( 4% ) * 0.75 ) );margin-right: 4%;\"><div class=\"fusion-column-wrapper fusion-column-has-shadow fusion-flex-column-wrapper-legacy\"><div class=\"fusion-text fusion-text-1\"><p style=\"letter-spacing: 4px; font-size: 13px; margin-bottom: 0px; color: #ffffff;\">LA COMPETENZA E IL NOSTRO SUCCESSO<\/p>\n<h1><span style=\"color: #ffffff;\">Corsi di formazione HERZ<\/span><\/h1>\n<\/div><div class=\"fusion-clearfix\"><\/div><\/div><\/div><\/div><\/div><div class=\"fusion-fullwidth fullwidth-box fusion-builder-row-2 hundred-percent-fullwidth non-hundred-percent-height-scrolling\" style=\"--awb-border-radius-top-left:0px;--awb-border-radius-top-right:0px;--awb-border-radius-bottom-right:0px;--awb-border-radius-bottom-left:0px;--awb-overflow:visible;\" ><div class=\"fusion-builder-row fusion-row\"><div class=\"fusion-layout-column fusion_builder_column fusion-builder-column-1 fusion_builder_column_1_1 1_1 fusion-one-full fusion-column-first fusion-column-last fusion-column-no-min-height\" style=\"--awb-bg-size:cover;--awb-margin-top:0px;--awb-margin-bottom:0px;\"><div class=\"fusion-column-wrapper fusion-flex-column-wrapper-legacy\"><ul style=\"--awb-size:18px;--awb-line-height:30.6px;--awb-icon-width:30.6px;--awb-icon-height:30.6px;--awb-icon-margin:12.6px;--awb-content-margin:43.2px;--awb-circlecolor:#e30613;--awb-circle-yes-font-size:15.84px;\" class=\"fusion-checklist fusion-checklist-1 fusion-checklist-default type-icons\"><li class=\"fusion-li-item\" style=\"\"><span class=\"icon-wrapper circle-yes\"><i class=\"fusion-li-icon fa fa-search\" aria-hidden=\"true\"><\/i><\/span><div class=\"fusion-li-item-content\"><strong>HERZ offre ed organizza continuamente corsi di formazione per:<\/strong><\/div><\/li><\/ul><div class=\"fusion-clearfix\"><\/div><\/div><\/div><\/div><\/div><div class=\"fusion-fullwidth fullwidth-box fusion-builder-row-3 nonhundred-percent-fullwidth non-hundred-percent-height-scrolling\" style=\"--awb-background-position:left top;--awb-border-radius-top-left:0px;--awb-border-radius-top-right:0px;--awb-border-radius-bottom-right:0px;--awb-border-radius-bottom-left:0px;--awb-border-sizes-top:0px;--awb-border-sizes-bottom:0px;\" ><div class=\"fusion-builder-row fusion-row\"><div class=\"fusion-layout-column fusion_builder_column fusion-builder-column-2 fusion_builder_column_1_1 1_1 fusion-one-full fusion-column-first fusion-column-last\" style=\"--awb-padding-top:5px;--awb-padding-right:5px;--awb-padding-bottom:5px;--awb-padding-left:5px;--awb-bg-color:#f4f4f4;--awb-bg-size:cover;--awb-border-color:#dddddd;--awb-border-top:1px;--awb-border-right:1px;--awb-border-bottom:1px;--awb-border-left:1px;--awb-border-style:solid;--awb-margin-top:10px;\"><div class=\"fusion-column-wrapper fusion-flex-column-wrapper-legacy\"><ul style=\"--awb-size:16px;--awb-iconcolor:#e30613;--awb-line-height:27.2px;--awb-icon-width:27.2px;--awb-icon-height:27.2px;--awb-icon-margin:11.2px;--awb-content-margin:38.4px;\" class=\"fusion-checklist fusion-checklist-2 fusion-checklist-default type-icons\"><li class=\"fusion-li-item\" style=\"\"><span class=\"icon-wrapper circle-no\"><i class=\"fusion-li-icon fa fa-caret-right\" aria-hidden=\"true\"><\/i><\/span><div class=\"fusion-li-item-content\">imprese di costruzione<\/div><\/li><li class=\"fusion-li-item\" style=\"\"><span class=\"icon-wrapper circle-no\"><i class=\"fusion-li-icon fa fa-caret-right\" aria-hidden=\"true\"><\/i><\/span><div class=\"fusion-li-item-content\">uffici tecnici e di programmazione<\/div><\/li><li class=\"fusion-li-item\" style=\"\"><span class=\"icon-wrapper circle-no\"><i class=\"fusion-li-icon fa fa-caret-right\" aria-hidden=\"true\"><\/i><\/span><div class=\"fusion-li-item-content\">montatori ed installatori<\/div><\/li><li class=\"fusion-li-item\" style=\"\"><span class=\"icon-wrapper circle-no\"><i class=\"fusion-li-icon fa fa-caret-right\" aria-hidden=\"true\"><\/i><\/span><div class=\"fusion-li-item-content\">personale d\u00b4assistenza<\/div><\/li><li class=\"fusion-li-item\" style=\"\"><span class=\"icon-wrapper circle-no\"><i class=\"fusion-li-icon fa fa-caret-right\" aria-hidden=\"true\"><\/i><\/span><div class=\"fusion-li-item-content\">corsi di formazione interna dei lavoratori HERZ, delle ditte partner di HERZ, i rappresentanti commerciali HERZ<\/div><\/li><li class=\"fusion-li-item\" style=\"\"><span class=\"icon-wrapper circle-no\"><i class=\"fusion-li-icon fa fa-caret-right\" aria-hidden=\"true\"><\/i><\/span><div class=\"fusion-li-item-content\">come anche visite alla fabbrica per le classi scolastiche<\/div><\/li><\/ul><div class=\"fusion-clearfix\"><\/div><\/div><\/div><\/div><\/div><div class=\"fusion-fullwidth fullwidth-box fusion-builder-row-4 hundred-percent-fullwidth non-hundred-percent-height-scrolling\" style=\"--awb-border-radius-top-left:0px;--awb-border-radius-top-right:0px;--awb-border-radius-bottom-right:0px;--awb-border-radius-bottom-left:0px;--awb-overflow:visible;\" ><div class=\"fusion-builder-row fusion-row\"><div class=\"fusion-layout-column fusion_builder_column fusion-builder-column-3 fusion_builder_column_1_1 1_1 fusion-one-full fusion-column-first fusion-column-last fusion-column-no-min-height\" style=\"--awb-bg-size:cover;--awb-margin-top:0px;--awb-margin-bottom:0px;\"><div class=\"fusion-column-wrapper fusion-flex-column-wrapper-legacy\"><div class=\"fusion-text fusion-text-2\"><p style=\"text-align: left;\">Rivolgersi a<strong> <a href=\"mailto:office-italia@herz.eu\">office-italia@herz.eu <\/a><\/strong>o ai propri collaboratori aggiunti esterni.<\/p>\n<\/div><div class=\"fusion-clearfix\"><\/div><\/div><\/div><\/div><\/div><\/p>","protected":false},"excerpt":{"rendered":"","protected":false},"author":1,"featured_media":0,"parent":17,"menu_order":0,"comment_status":"closed","ping_status":"closed","template":"","meta":{"footnotes":""},"class_list":["post-20","page","type-page","status-publish","hentry"],"yoast_head":"<!-- This site is optimized with the Yoast SEO Premium plugin v25.2 (Yoast SEO v25.2) - https:\/\/yoast.com\/wordpress\/plugins\/seo\/ -->\n<title>Centro formativo - HERZ Energietechnik<\/title>\n<meta name=\"description\" content=\"HERZ veranstaltet im Schulungszentrum Pinkafeld im Jahr rund 270 Seminare &amp; Werksf\u00fchrungen f\u00fcr Vertriebspartner, Planer und technische B\u00fcros, Monteure &amp; Installateure sowie Anlagenbetreiber und technische Bildungseinrichtungen aus dem In- und Ausland.\" \/>\n<meta name=\"robots\" content=\"index, follow, max-snippet:-1, max-image-preview:large, max-video-preview:-1\" \/>\n<link rel=\"canonical\" href=\"https:\/\/www.herz-energie.at\/it\/azienda\/centro-formativo\/\" \/>\n<meta property=\"og:locale\" content=\"de_DE\" \/>\n<meta property=\"og:type\" content=\"article\" \/>\n<meta property=\"og:title\" content=\"Centro formativo\" \/>\n<meta property=\"og:description\" content=\"HERZ veranstaltet im Schulungszentrum Pinkafeld im Jahr rund 270 Seminare &amp; Werksf\u00fchrungen f\u00fcr Vertriebspartner, Planer und technische B\u00fcros, Monteure &amp; Installateure sowie Anlagenbetreiber und technische Bildungseinrichtungen aus dem In- und Ausland.\" \/>\n<meta property=\"og:url\" content=\"https:\/\/www.herz-energie.at\/it\/azienda\/centro-formativo\/\" \/>\n<meta property=\"og:site_name\" content=\"HERZ Energietechnik\" \/>\n<meta property=\"article:modified_time\" content=\"2025-06-25T10:28:31+00:00\" \/>\n<meta name=\"twitter:card\" content=\"summary_large_image\" \/>\n<meta name=\"twitter:label1\" content=\"Gesch\u00e4tzte Lesezeit\" \/>\n\t<meta name=\"twitter:data1\" content=\"4\u00a0Minuten\" \/>\n<script type=\"application\/ld+json\" class=\"yoast-schema-graph\">{\"@context\":\"https:\/\/schema.org\",\"@graph\":[{\"@type\":\"WebPage\",\"@id\":\"https:\/\/www.herz-energie.at\/it\/azienda\/centro-formativo\/\",\"url\":\"https:\/\/www.herz-energie.at\/it\/azienda\/centro-formativo\/\",\"name\":\"Centro formativo - HERZ Energietechnik\",\"isPartOf\":{\"@id\":\"https:\/\/www.herz-energie.at\/it\/#website\"},\"datePublished\":\"2016-01-28T08:44:41+00:00\",\"dateModified\":\"2025-06-25T10:28:31+00:00\",\"description\":\"HERZ veranstaltet im Schulungszentrum Pinkafeld im Jahr rund 270 Seminare & Werksf\u00fchrungen f\u00fcr Vertriebspartner, Planer und technische B\u00fcros, Monteure & Installateure sowie Anlagenbetreiber und technische Bildungseinrichtungen aus dem In- und Ausland.\",\"breadcrumb\":{\"@id\":\"https:\/\/www.herz-energie.at\/it\/azienda\/centro-formativo\/#breadcrumb\"},\"inLanguage\":\"de\",\"potentialAction\":[{\"@type\":\"ReadAction\",\"target\":[\"https:\/\/www.herz-energie.at\/it\/azienda\/centro-formativo\/\"]}]},{\"@type\":\"BreadcrumbList\",\"@id\":\"https:\/\/www.herz-energie.at\/it\/azienda\/centro-formativo\/#breadcrumb\",\"itemListElement\":[{\"@type\":\"ListItem\",\"position\":1,\"name\":\"Home\",\"item\":\"https:\/\/www.herz-energie.at\/it\/\"},{\"@type\":\"ListItem\",\"position\":2,\"name\":\"Azienda\",\"item\":\"https:\/\/www.herz-energie.at\/it\/azienda\/\"},{\"@type\":\"ListItem\",\"position\":3,\"name\":\"Centro formativo\"}]},{\"@type\":\"WebSite\",\"@id\":\"https:\/\/www.herz-energie.at\/it\/#website\",\"url\":\"https:\/\/www.herz-energie.at\/it\/\",\"name\":\"HERZ Energietechnik\",\"description\":\"Fornitura completa per sistemi con energie rinnovabili\",\"potentialAction\":[{\"@type\":\"SearchAction\",\"target\":{\"@type\":\"EntryPoint\",\"urlTemplate\":\"https:\/\/www.herz-energie.at\/it\/?s={search_term_string}\"},\"query-input\":{\"@type\":\"PropertyValueSpecification\",\"valueRequired\":true,\"valueName\":\"search_term_string\"}}],\"inLanguage\":\"de\"}]}<\/script>\n<!-- \/ Yoast SEO Premium plugin. -->","yoast_head_json":{"title":"Centro formativo - HERZ Energietechnik","description":"HERZ veranstaltet im Schulungszentrum Pinkafeld im Jahr rund 270 Seminare & Werksf\u00fchrungen f\u00fcr Vertriebspartner, Planer und technische B\u00fcros, Monteure & Installateure sowie Anlagenbetreiber und technische Bildungseinrichtungen aus dem In- und Ausland.","robots":{"index":"index","follow":"follow","max-snippet":"max-snippet:-1","max-image-preview":"max-image-preview:large","max-video-preview":"max-video-preview:-1"},"canonical":"https:\/\/www.herz-energie.at\/it\/azienda\/centro-formativo\/","og_locale":"de_DE","og_type":"article","og_title":"Centro formativo","og_description":"HERZ veranstaltet im Schulungszentrum Pinkafeld im Jahr rund 270 Seminare & Werksf\u00fchrungen f\u00fcr Vertriebspartner, Planer und technische B\u00fcros, Monteure & Installateure sowie Anlagenbetreiber und technische Bildungseinrichtungen aus dem In- und Ausland.","og_url":"https:\/\/www.herz-energie.at\/it\/azienda\/centro-formativo\/","og_site_name":"HERZ Energietechnik","article_modified_time":"2025-06-25T10:28:31+00:00","twitter_card":"summary_large_image","twitter_misc":{"Gesch\u00e4tzte Lesezeit":"4\u00a0Minuten"},"schema":{"@context":"https:\/\/schema.org","@graph":[{"@type":"WebPage","@id":"https:\/\/www.herz-energie.at\/it\/azienda\/centro-formativo\/","url":"https:\/\/www.herz-energie.at\/it\/azienda\/centro-formativo\/","name":"Centro formativo - HERZ Energietechnik","isPartOf":{"@id":"https:\/\/www.herz-energie.at\/it\/#website"},"datePublished":"2016-01-28T08:44:41+00:00","dateModified":"2025-06-25T10:28:31+00:00","description":"HERZ veranstaltet im Schulungszentrum Pinkafeld im Jahr rund 270 Seminare & Werksf\u00fchrungen f\u00fcr Vertriebspartner, Planer und technische B\u00fcros, Monteure & Installateure sowie Anlagenbetreiber und technische Bildungseinrichtungen aus dem In- und Ausland.","breadcrumb":{"@id":"https:\/\/www.herz-energie.at\/it\/azienda\/centro-formativo\/#breadcrumb"},"inLanguage":"de","potentialAction":[{"@type":"ReadAction","target":["https:\/\/www.herz-energie.at\/it\/azienda\/centro-formativo\/"]}]},{"@type":"BreadcrumbList","@id":"https:\/\/www.herz-energie.at\/it\/azienda\/centro-formativo\/#breadcrumb","itemListElement":[{"@type":"ListItem","position":1,"name":"Home","item":"https:\/\/www.herz-energie.at\/it\/"},{"@type":"ListItem","position":2,"name":"Azienda","item":"https:\/\/www.herz-energie.at\/it\/azienda\/"},{"@type":"ListItem","position":3,"name":"Centro formativo"}]},{"@type":"WebSite","@id":"https:\/\/www.herz-energie.at\/it\/#website","url":"https:\/\/www.herz-energie.at\/it\/","name":"HERZ Energietechnik","description":"Fornitura completa per sistemi con energie rinnovabili","potentialAction":[{"@type":"SearchAction","target":{"@type":"EntryPoint","urlTemplate":"https:\/\/www.herz-energie.at\/it\/?s={search_term_string}"},"query-input":{"@type":"PropertyValueSpecification","valueRequired":true,"valueName":"search_term_string"}}],"inLanguage":"de"}]}},"_links":{"self":[{"href":"http:\/\/www.herz-energie.at\/it\/wp-json\/wp\/v2\/pages\/20","targetHints":{"allow":["GET"]}}],"collection":[{"href":"http:\/\/www.herz-energie.at\/it\/wp-json\/wp\/v2\/pages"}],"about":[{"href":"http:\/\/www.herz-energie.at\/it\/wp-json\/wp\/v2\/types\/page"}],"author":[{"embeddable":true,"href":"http:\/\/www.herz-energie.at\/it\/wp-json\/wp\/v2\/users\/1"}],"replies":[{"embeddable":true,"href":"http:\/\/www.herz-energie.at\/it\/wp-json\/wp\/v2\/comments?post=20"}],"version-history":[{"count":1,"href":"http:\/\/www.herz-energie.at\/it\/wp-json\/wp\/v2\/pages\/20\/revisions"}],"predecessor-version":[{"id":998,"href":"http:\/\/www.herz-energie.at\/it\/wp-json\/wp\/v2\/pages\/20\/revisions\/998"}],"up":[{"embeddable":true,"href":"http:\/\/www.herz-energie.at\/it\/wp-json\/wp\/v2\/pages\/17"}],"wp:attachment":[{"href":"http:\/\/www.herz-energie.at\/it\/wp-json\/wp\/v2\/media?parent=20"}],"curies":[{"name":"wp","href":"https:\/\/api.w.org\/{rel}","templated":true}]}}